{"id":750949,"date":"2025-08-28T04:35:05","date_gmt":"2025-08-28T01:35:05","guid":{"rendered":"https:\/\/roveyayinevi.com.tr\/index.php\/urun\/genclik-cagi-ruh-sagligi-ve-ruhsal-sorunlar\/"},"modified":"2026-04-16T03:04:04","modified_gmt":"2026-04-16T00:04:04","slug":"genclik-cagi-ruh-sagligi-ve-ruhsal-sorunlar","status":"publish","type":"product","link":"https:\/\/roveyayinevi.com.tr\/index.php\/urun\/genclik-cagi-ruh-sagligi-ve-ruhsal-sorunlar\/","title":{"rendered":"Gen\u00e7lik \u00c7a\u011f\u0131 Ruh Sa\u011fl\u0131\u011f\u0131 ve Ruhsal Sorunlar"},"content":{"rendered":"<p>\u201cGen\u00e7lik d\u00f6nemi hayranl\u0131klar\u0131n ve tutkunluklar\u0131n bol oldu\u011fu bir d\u00f6nemdir. Gen\u00e7ler bir yandan anne-baba etkisinden s\u0131yr\u0131l\u0131rken \u00f6te yandan kendilerine yeni \u00f6rnekler se\u00e7er. Yeni bir ki\u015filik geli\u015ftirirken yoluna \u00e7\u0131kan \u00f6rnek insanlardan kendi benli\u011fine bir \u015feyler katar. Gen\u00e7lik \u00e7a\u011f\u0131 kendini, \u00f6z kimli\u011fini aray\u0131\u015f \u00e7a\u011f\u0131d\u0131r.\u201d\u00c7ocuklar, anne-babalar i\u00e7in sevin\u00e7 ve mutluluk kayna\u011f\u0131 olabildikleri gibi \u00fcz\u00fcnt\u00fc ve s\u0131k\u0131nt\u0131 nedeni de olabilirler. Kimi \u00e7ocuklar b\u00fcy\u00fcd\u00fck\u00e7e sorunlar\u0131 da b\u00fcy\u00fcr. \u00c7ocuklu\u011fun \u00f6nemsenmeyen uyumsuzluklar\u0131 gen\u00e7lik \u00e7a\u011f\u0131nda birden alevlenip a\u011f\u0131r bunal\u0131mlara d\u00f6n\u00fc\u015febilir. \u201cGen\u00e7lik sorunlar\u0131\u201d \u00e7o\u011funlukla bu \u00e7a\u011f\u0131n bocalamalar\u0131ndan ileri gelir ve ge\u00e7icidir. Kimi zaman da a\u011f\u0131r ve kal\u0131c\u0131 ruhsal hastal\u0131klar\u0131n habercisidir. Gen\u00e7lerle anla\u015fmak ve ge\u00e7inmek kolay de\u011fildir. Gen\u00e7ler, kendileri bocalad\u0131klar\u0131 gibi anne-babalar\u0131 da bocalat\u0131rlar; ili\u015fkiler gerginle\u015fip kopma noktas\u0131na gelebilir. Bu nedenle gen\u00e7lik \u00e7a\u011f\u0131 anne-babalar i\u00e7in de bir s\u0131nav d\u00f6nemidir.Bu kitapta, gen\u00e7lik \u00e7a\u011f\u0131nda ruhsal geli\u015fimi, e\u011fitimi, aile ve toplum ili\u015fkilerini ele ald\u0131m. S\u0131k g\u00f6r\u00fclen ruhsal sorunlar\u0131 \u00f6rneklerle a\u00e7\u0131klad\u0131m; gen\u00e7lerle bar\u0131\u015f i\u00e7inde ya\u015faman\u0131n yol ve y\u00f6ntemlerini tart\u0131\u015ft\u0131m.\u0130lk bask\u0131s\u0131 1978 y\u0131l\u0131nda yap\u0131lan ve b\u00fcy\u00fck ilgi g\u00f6ren bu kitap, ergenlikten ba\u015flayarak gen\u00e7lerin ruhsal geli\u015fimlerini, davran\u0131\u015f bozukluklar\u0131n\u0131 ve aile i\u00e7i ili\u015fkilerini ele al\u0131yor. Gen\u00e7lik \u00c7a\u011f\u0131, g\u00f6zden ge\u00e7irilmi\u015f yeni bask\u0131s\u0131yla bir kez daha anne-baba ve e\u011fitimcilerle bulu\u015fuyor.<\/p>\n","protected":false},"excerpt":{"rendered":"<p>\u201cGen\u00e7lik d\u00f6nemi hayranl\u0131klar\u0131n ve tutkunluklar\u0131n bol oldu\u011fu bir d\u00f6nemdir. Gen\u00e7ler bir yandan anne-baba etkisinden s\u0131yr\u0131l\u0131rken \u00f6te yandan kendilerine yeni \u00f6rnekler se\u00e7er. Yeni bir ki\u015filik geli\u015ftirirken yoluna<span class=\"excerpt-hellip\"> [\u2026]<\/span><\/p>\n","protected":false},"featured_media":0,"template":"","meta":{"_monsterinsights_skip_tracking":false,"_monsterinsights_sitenote_active":false,"_monsterinsights_sitenote_note":"","_monsterinsights_sitenote_category":0},"product_brand":[],"product_cat":[12679,12357],"product_tag":[],"class_list":{"0":"post-750949","1":"product","2":"type-product","3":"status-publish","5":"product_cat-cocuk-psikolojisi","6":"product_cat-psikoloji","7":"pa_cilt-ciltsiz","8":"pa_tur-kitap","9":"pa_yayinevi-inkilap-kitabevi","10":"pa_yazar-atalay-yorukoglu","11":"pa_yazar-prof-dr","13":"first","14":"instock","15":"sale","16":"shipping-taxable","17":"purchasable","18":"product-type-simple"},"_links":{"self":[{"href":"https:\/\/roveyayinevi.com.tr\/index.php\/wp-json\/wp\/v2\/product\/750949","targetHints":{"allow":["GET"]}}],"collection":[{"href":"https:\/\/roveyayinevi.com.tr\/index.php\/wp-json\/wp\/v2\/product"}],"about":[{"href":"https:\/\/roveyayinevi.com.tr\/index.php\/wp-json\/wp\/v2\/types\/product"}],"wp:attachment":[{"href":"https:\/\/roveyayinevi.com.tr\/index.php\/wp-json\/wp\/v2\/media?parent=750949"}],"wp:term":[{"taxonomy":"product_brand","embeddable":true,"href":"https:\/\/roveyayinevi.com.tr\/index.php\/wp-json\/wp\/v2\/product_brand?post=750949"},{"taxonomy":"product_cat","embeddable":true,"href":"https:\/\/roveyayinevi.com.tr\/index.php\/wp-json\/wp\/v2\/product_cat?post=750949"},{"taxonomy":"product_tag","embeddable":true,"href":"https:\/\/roveyayinevi.com.tr\/index.php\/wp-json\/wp\/v2\/product_tag?post=750949"}],"curies":[{"name":"wp","href":"https:\/\/api.w.org\/{rel}","templated":true}]}}