{"id":750948,"date":"2025-08-28T04:35:04","date_gmt":"2025-08-28T01:35:04","guid":{"rendered":"https:\/\/roveyayinevi.com.tr\/index.php\/urun\/kerkukde-turk-soykirimlari\/"},"modified":"2026-04-16T03:04:04","modified_gmt":"2026-04-16T00:04:04","slug":"kerkukde-turk-soykirimlari","status":"publish","type":"product","link":"https:\/\/roveyayinevi.com.tr\/index.php\/urun\/kerkukde-turk-soykirimlari\/","title":{"rendered":"Kerk\u00fckde T\u00fcrk Soyk\u0131r\u0131mlar\u0131"},"content":{"rendered":"<p>K\u0259rk\u00fckl\u00fc jurnalist, yaz\u0131\u00e7\u0131 dr. \u015e\u0259ms\u0259ddin K\u00fcze\u00e7i 20 il\u0259 yax\u0131n bir m\u00fcdd\u0259td\u0259 Az\u0259rbaycan v\u0259 \u0130raq T\u00fcrkm\u0259nl\u0259ri aras\u0131nda \u00f6n\u0259mli bir m\u0259d\u0259niyy\u0259t k\u00f6rp\u00fcs\u00fc qurmu\u015fdur. Az\u0259rbaycana etdiyi h\u0259r s\u0259f\u0259rd\u0259 yeni bir \u0259s\u0259rl\u0259 dostlar\u0131n\u0131n qar\u015f\u0131s\u0131na \u00e7\u0131xm\u0131\u015fd\u0131r. Az\u0259rbaycan xalq\u0131n\u0131n k\u00f6nl\u00fcnd\u0259 taxt quran K\u00fcze\u00e7i biziml\u0259 yana\u015f\u0131 Professor Q\u0259z\u0259nf\u0259r Pa\u015fayev, \u018fkb\u0259r Qo\u015fal\u0131, R\u0259smiy\u0259 Sabir, \u018fflatun Ama\u015fov, Hikm\u0259t Babao\u011flu v\u0259 ba\u015fqa ziyal\u0131 v\u0259 \u0259d\u0259biyyat\u00e7\u0131larla da ortaq i\u015fl\u0259r\u0259 imza atm\u0131\u015fd\u0131r.   Bu kitab \u015e\u0259ms\u0259ddin K\u00fcze\u00e7inin q\u0259l\u0259m\u0259 ald\u0131\u011f\u0131 \u0259n \u00f6n\u0259mli \u0259s\u0259rl\u0259rd\u0259n biridir. \u00c7\u00fcnki K\u00fcze\u00e7i bu kitabda \u0130raq T\u00fcrkm\u0259nl\u0259rinin son y\u00fcz ild\u0259 m\u0259ruz qald\u0131\u011f\u0131 soyq\u0131r\u0131m, q\u0259tliam susdurma siyas\u0259tini \u0259ks etdirmi\u015fdir. 1918-ci ild\u0259 Osmanl\u0131 \u0130raqdan \u00e7\u0259kildikd\u0259n sonra \u0130ngilisl\u0259rin etdiyi hiyl\u0259g\u0259rlikl\u0259r\u0259 d\u0259 yer ver\u0259n K\u00fcze\u00e7i kitabda s\u0259n\u0259dl\u0259r v\u0259 \u015f\u0259kill\u0259rl\u0259 birlikd\u0259 \u0130raqda ya\u015famaq u\u011frunda m\u00fcbariz\u0259 ver\u0259n \u0130raq az\u0259rbaycanl\u0131lar\u0131n faci\u0259sini b\u00fct\u00fcn d\u00fcnyaya hayq\u0131raraq g\u00f6st\u0259rir. <\/p>\n","protected":false},"excerpt":{"rendered":"<p>K\u0259rk\u00fckl\u00fc jurnalist, yaz\u0131\u00e7\u0131 dr. \u015e\u0259ms\u0259ddin K\u00fcze\u00e7i 20 il\u0259 yax\u0131n bir m\u00fcdd\u0259td\u0259 Az\u0259rbaycan v\u0259 \u0130raq T\u00fcrkm\u0259nl\u0259ri aras\u0131nda \u00f6n\u0259mli bir m\u0259d\u0259niyy\u0259t k\u00f6rp\u00fcs\u00fc qurmu\u015fdur. Az\u0259rbaycana etdiyi h\u0259r s\u0259f\u0259rd\u0259 yeni<span class=\"excerpt-hellip\"> [\u2026]<\/span><\/p>\n","protected":false},"featured_media":0,"template":"","meta":{"_monsterinsights_skip_tracking":false,"_monsterinsights_sitenote_active":false,"_monsterinsights_sitenote_note":"","_monsterinsights_sitenote_category":0},"product_brand":[],"product_cat":[12370,12304],"product_tag":[],"class_list":{"0":"post-750948","1":"product","2":"type-product","3":"status-publish","5":"product_cat-arastirma-inceleme","6":"product_cat-tarih","7":"pa_cilt-ciltsiz","8":"pa_tur-kitap","9":"pa_yayinevi-gulnar-yayinlari","10":"pa_yazar-smsddin-kuzeci","12":"first","13":"instock","14":"sale","15":"shipping-taxable","16":"purchasable","17":"product-type-simple"},"_links":{"self":[{"href":"https:\/\/roveyayinevi.com.tr\/index.php\/wp-json\/wp\/v2\/product\/750948","targetHints":{"allow":["GET"]}}],"collection":[{"href":"https:\/\/roveyayinevi.com.tr\/index.php\/wp-json\/wp\/v2\/product"}],"about":[{"href":"https:\/\/roveyayinevi.com.tr\/index.php\/wp-json\/wp\/v2\/types\/product"}],"wp:attachment":[{"href":"https:\/\/roveyayinevi.com.tr\/index.php\/wp-json\/wp\/v2\/media?parent=750948"}],"wp:term":[{"taxonomy":"product_brand","embeddable":true,"href":"https:\/\/roveyayinevi.com.tr\/index.php\/wp-json\/wp\/v2\/product_brand?post=750948"},{"taxonomy":"product_cat","embeddable":true,"href":"https:\/\/roveyayinevi.com.tr\/index.php\/wp-json\/wp\/v2\/product_cat?post=750948"},{"taxonomy":"product_tag","embeddable":true,"href":"https:\/\/roveyayinevi.com.tr\/index.php\/wp-json\/wp\/v2\/product_tag?post=750948"}],"curies":[{"name":"wp","href":"https:\/\/api.w.org\/{rel}","templated":true}]}}