{"id":750947,"date":"2025-08-28T04:35:02","date_gmt":"2025-08-28T01:35:02","guid":{"rendered":"https:\/\/roveyayinevi.com.tr\/index.php\/urun\/cobanin-yolculugu\/"},"modified":"2026-04-16T03:04:04","modified_gmt":"2026-04-16T00:04:04","slug":"cobanin-yolculugu","status":"publish","type":"product","link":"https:\/\/roveyayinevi.com.tr\/index.php\/urun\/cobanin-yolculugu\/","title":{"rendered":"\u00c7oban\u0131n Yolculu\u011fu"},"content":{"rendered":"<p>Kitab\u0131n yazar\u0131 \u0130brahim \u00c7al\u0131\u015fgan, Anadolu&#8217;nun ba\u011fr\u0131nda, \u00c7orum&#8217;a ba\u011fl\u0131 bir k\u00f6yde do\u011fdu. \u0130lkokulu k\u00f6y\u00fcnde, ortaokul ve liseyi yat\u0131l\u0131 okudu\u011fu Burdur ve Ankara&#8217;da okudu. K\u00f6y\u00fcn\u00fcn da\u011flar\u0131nda dana, koyun, ke\u00e7i g\u00fctt\u00fc; tarlalar\u0131nda t\u0131rpan bi\u00e7ti, \u0131rgatl\u0131k ve amelelik yapt\u0131. Sa\u011fl\u0131k memuru s\u0131fat\u0131yla Ankara&#8217;da Y\u00fcksek \u0130htisas Hastanesinde gece \u00e7al\u0131\u015ft\u0131, Ankara \u00dcniversitesi Hukuk Fak\u00fcltesinde g\u00fcnd\u00fcz okudu. Ayn\u0131 \u00fcniversitede y\u00fcksek lisans\u0131n\u0131 tamamlad\u0131. Yeditepe \u00dcniversitesindeki doktoras\u0131n\u0131 da\u011flar\u0131n \u00e7a\u011fr\u0131s\u0131na uydu\u011fundan yar\u0131m b\u0131rakt\u0131.   Okumay\u0131, k\u00fclt\u00fcr gezileri yapmay\u0131 seven yazar; Anadolu \u00dcniversitesi A\u00d6F&#8217;de K\u00fclt\u00fcrel Miras ve Turizm, Ev \u0130daresi, \u0130lahiyat ve Tar\u0131m b\u00f6l\u00fcmlerinden mezun oldu. A\u00d6F a\u015f\u00e7\u0131l\u0131k b\u00f6l\u00fcm\u00fc ile Medipol \u00dcniversitesi Uygulamal\u0131 \u0130ngilizce ve \u00c7evirmenlik B\u00f6l\u00fcm\u00fc \u00f6\u011frencisidir. Yurdun \u00e7e\u015fitli b\u00f6lgelerinde 35 y\u0131l hakimlik yapt\u0131ktan sonra en son \u0130stanbul B\u00f6lge Adliye Mahkemesinden emekli oldu. <\/p>\n","protected":false},"excerpt":{"rendered":"<p>Kitab\u0131n yazar\u0131 \u0130brahim \u00c7al\u0131\u015fgan, Anadolu&#8217;nun ba\u011fr\u0131nda, \u00c7orum&#8217;a ba\u011fl\u0131 bir k\u00f6yde do\u011fdu. \u0130lkokulu k\u00f6y\u00fcnde, ortaokul ve liseyi yat\u0131l\u0131 okudu\u011fu Burdur ve Ankara&#8217;da okudu. K\u00f6y\u00fcn\u00fcn da\u011flar\u0131nda dana, koyun,<span class=\"excerpt-hellip\"> [\u2026]<\/span><\/p>\n","protected":false},"featured_media":0,"template":"","meta":{"_monsterinsights_skip_tracking":false,"_monsterinsights_sitenote_active":false,"_monsterinsights_sitenote_note":"","_monsterinsights_sitenote_category":0},"product_brand":[],"product_cat":[13701,12291],"product_tag":[],"class_list":{"0":"post-750947","1":"product","2":"type-product","3":"status-publish","5":"product_cat-ani-mektup-gunluk","6":"product_cat-edebiyat","7":"pa_cilt-ciltsiz","8":"pa_tur-kitap","9":"pa_yayinevi-gulnar-yayinlari","10":"pa_yazar-ibrahim-calisgan","12":"first","13":"instock","14":"sale","15":"shipping-taxable","16":"purchasable","17":"product-type-simple"},"_links":{"self":[{"href":"https:\/\/roveyayinevi.com.tr\/index.php\/wp-json\/wp\/v2\/product\/750947","targetHints":{"allow":["GET"]}}],"collection":[{"href":"https:\/\/roveyayinevi.com.tr\/index.php\/wp-json\/wp\/v2\/product"}],"about":[{"href":"https:\/\/roveyayinevi.com.tr\/index.php\/wp-json\/wp\/v2\/types\/product"}],"wp:attachment":[{"href":"https:\/\/roveyayinevi.com.tr\/index.php\/wp-json\/wp\/v2\/media?parent=750947"}],"wp:term":[{"taxonomy":"product_brand","embeddable":true,"href":"https:\/\/roveyayinevi.com.tr\/index.php\/wp-json\/wp\/v2\/product_brand?post=750947"},{"taxonomy":"product_cat","embeddable":true,"href":"https:\/\/roveyayinevi.com.tr\/index.php\/wp-json\/wp\/v2\/product_cat?post=750947"},{"taxonomy":"product_tag","embeddable":true,"href":"https:\/\/roveyayinevi.com.tr\/index.php\/wp-json\/wp\/v2\/product_tag?post=750947"}],"curies":[{"name":"wp","href":"https:\/\/api.w.org\/{rel}","templated":true}]}}