{"id":750938,"date":"2025-08-28T04:34:48","date_gmt":"2025-08-28T01:34:48","guid":{"rendered":"https:\/\/roveyayinevi.com.tr\/index.php\/urun\/aydin-ciltli\/"},"modified":"2026-04-16T03:04:04","modified_gmt":"2026-04-16T00:04:04","slug":"aydin-ciltli","status":"publish","type":"product","link":"https:\/\/roveyayinevi.com.tr\/index.php\/urun\/aydin-ciltli\/","title":{"rendered":"Ayd\u0131n (Ciltli)"},"content":{"rendered":"<p>Bazen bir hat\u0131ra \u00f6mr\u00fcn\u00fcz boyunca sizinle kal\u0131r! Wadden Denizi\u2019nde k\u00fc\u00e7\u00fck bir adada ya\u015fayan bir \u00e7ocuk, haberlerde T\u00fcrkiye\u2019nin Karadeniz sahillerine gelen beyaz balina Ayd\u0131n\u2019\u0131 g\u00f6r\u00fcp hayran kal\u0131r. Acaba bir g\u00fcn kendisi de bir beyaz balina g\u00f6rebilecek midir? Aradan uzun y\u0131llar ge\u00e7er ve Ayd\u0131n\u2019\u0131n hat\u0131ras\u0131 yeniden su y\u00fcz\u00fcne \u00e7\u0131kar.Beyaz balinaya ne olmu\u015ftur acaba? Ayd\u0131n\u2019\u0131n son g\u00f6r\u00fcld\u00fc\u011f\u00fc sahil kasabas\u0131 Gerze\u2019de halk, y\u0131llar sonra bile bu efsanevi balinay\u0131 sevgiyle hat\u0131rlamaktad\u0131r. Ayd\u0131n\u2019\u0131n kalpleri \u0131s\u0131tan, ger\u00e7ek hik\u00e2yesini Bal\u0131k\u00e7\u0131 Kemal, k\u00fc\u00e7\u00fck \u00e7ocuk veGerze Belediye Ba\u015fkan\u0131 hep beraber anlat\u0131yor. <\/p>\n","protected":false},"excerpt":{"rendered":"<p>Bazen bir hat\u0131ra \u00f6mr\u00fcn\u00fcz boyunca sizinle kal\u0131r! Wadden Denizi\u2019nde k\u00fc\u00e7\u00fck bir adada ya\u015fayan bir \u00e7ocuk, haberlerde T\u00fcrkiye\u2019nin Karadeniz sahillerine gelen beyaz balina Ayd\u0131n\u2019\u0131 g\u00f6r\u00fcp hayran kal\u0131r.<span class=\"excerpt-hellip\"> [\u2026]<\/span><\/p>\n","protected":false},"featured_media":0,"template":"","meta":{"_monsterinsights_skip_tracking":false,"_monsterinsights_sitenote_active":false,"_monsterinsights_sitenote_note":"","_monsterinsights_sitenote_category":0},"product_brand":[],"product_cat":[12274,12284],"product_tag":[],"class_list":{"0":"post-750938","1":"product","2":"type-product","3":"status-publish","5":"product_cat-cocuk-ve-genclik-kitaplari","6":"product_cat-hikayeler","7":"pa_cilt-ciltli","8":"pa_tur-kitap","9":"pa_yayinevi-can-cocuk-yayinlari","10":"pa_yazar-olaf-koens","12":"first","13":"instock","14":"sale","15":"shipping-taxable","16":"purchasable","17":"product-type-simple"},"_links":{"self":[{"href":"https:\/\/roveyayinevi.com.tr\/index.php\/wp-json\/wp\/v2\/product\/750938","targetHints":{"allow":["GET"]}}],"collection":[{"href":"https:\/\/roveyayinevi.com.tr\/index.php\/wp-json\/wp\/v2\/product"}],"about":[{"href":"https:\/\/roveyayinevi.com.tr\/index.php\/wp-json\/wp\/v2\/types\/product"}],"wp:attachment":[{"href":"https:\/\/roveyayinevi.com.tr\/index.php\/wp-json\/wp\/v2\/media?parent=750938"}],"wp:term":[{"taxonomy":"product_brand","embeddable":true,"href":"https:\/\/roveyayinevi.com.tr\/index.php\/wp-json\/wp\/v2\/product_brand?post=750938"},{"taxonomy":"product_cat","embeddable":true,"href":"https:\/\/roveyayinevi.com.tr\/index.php\/wp-json\/wp\/v2\/product_cat?post=750938"},{"taxonomy":"product_tag","embeddable":true,"href":"https:\/\/roveyayinevi.com.tr\/index.php\/wp-json\/wp\/v2\/product_tag?post=750938"}],"curies":[{"name":"wp","href":"https:\/\/api.w.org\/{rel}","templated":true}]}}