{"id":750937,"date":"2025-08-28T04:34:46","date_gmt":"2025-08-28T01:34:46","guid":{"rendered":"https:\/\/roveyayinevi.com.tr\/index.php\/urun\/kairos\/"},"modified":"2026-02-03T03:17:35","modified_gmt":"2026-02-03T00:17:35","slug":"kairos","status":"publish","type":"product","link":"https:\/\/roveyayinevi.com.tr\/index.php\/urun\/kairos\/","title":{"rendered":"Kairos"},"content":{"rendered":"<p>A\u015fk\u0131 \u00f6l\u00fcml\u00fclerin y\u00fcre\u011fine kim d\u00fc\u015f\u00fcr\u00fcr \u2013 Eros mu, u\u011furlu anlar\u0131n tanr\u0131s\u0131 Kairos mu?   Y\u0131l: 1986, Kas\u0131m ay\u0131 ba\u015flar\u0131. Yer: Do\u011fu Berlin. Otob\u00fcste g\u00f6z g\u00f6ze gelen Katharina ile Hans tan\u0131\u015f\u0131p birbirlerine \u00e2\u015f\u0131k olurlar. \u015eimdiyse Katharina\u2019n\u0131n Hans\u2019la ge\u00e7irdi\u011fi g\u00fcnlerden geriye iki koli kalm\u0131\u015ft\u0131r. Katharina kolileri kar\u0131\u015ft\u0131r\u0131rken, birlikte ge\u00e7irdikleri zaman\u0131 hat\u0131rlar. Hans aralar\u0131ndaki ili\u015fkinin s\u0131n\u0131rlar\u0131n\u0131 ve kurallar\u0131n\u0131 belirleyebilecek kadar tecr\u00fcbeli, Katharina ise ona k\u00f6r\u00fc k\u00f6r\u00fcne ba\u011flanacak kadar tecr\u00fcbesizdir. Zamanla a\u015fklar\u0131 toksik bir ili\u015fki yuma\u011f\u0131na saplan\u0131r. Bu arada kom\u00fcnizmin gri \u015fehri Do\u011fu Berlin, iki kutuplu d\u00fcnyan\u0131n sonunu getirecek ve iki Almanya\u2019y\u0131 birle\u015ftirecek ayaklanmaya do\u011fru ko\u015fmaktad\u0131r.   Jenny Erpenbeck, Kairos.\u2019ta arzu, saplant\u0131 ve \u015fiddet aras\u0131ndaki g\u00f6r\u00fcnmez s\u0131n\u0131rlar\u0131 g\u00f6r\u00fcn\u00fcr i\u015faretlere d\u00f6n\u00fc\u015ft\u00fcr\u00fcyor. Kairos., siyasi ve toplumsal ger\u00e7ekli\u011fin kendini bireyin \u00f6zel alan\u0131na nas\u0131l dayatt\u0131\u011f\u0131n\u0131 anlatan sars\u0131c\u0131 bir roman. <\/p>\n","protected":false},"excerpt":{"rendered":"<p>A\u015fk\u0131 \u00f6l\u00fcml\u00fclerin y\u00fcre\u011fine kim d\u00fc\u015f\u00fcr\u00fcr \u2013 Eros mu, u\u011furlu anlar\u0131n tanr\u0131s\u0131 Kairos mu? Y\u0131l: 1986, Kas\u0131m ay\u0131 ba\u015flar\u0131. Yer: Do\u011fu Berlin. Otob\u00fcste g\u00f6z g\u00f6ze gelen Katharina<span class=\"excerpt-hellip\"> [\u2026]<\/span><\/p>\n","protected":false},"featured_media":0,"template":"","meta":{"_monsterinsights_skip_tracking":false,"_monsterinsights_sitenote_active":false,"_monsterinsights_sitenote_note":"","_monsterinsights_sitenote_category":0},"product_brand":[],"product_cat":[12291,12711],"product_tag":[],"class_list":{"0":"post-750937","1":"product","2":"type-product","3":"status-publish","5":"product_cat-edebiyat","6":"product_cat-roman-oyku","7":"pa_cilt-ciltsiz","8":"pa_tur-kitap","9":"pa_yayinevi-can-yayinlari","10":"pa_yazar-jenny-erpenbeck","12":"first","13":"instock","14":"sale","15":"shipping-taxable","16":"purchasable","17":"product-type-simple"},"_links":{"self":[{"href":"https:\/\/roveyayinevi.com.tr\/index.php\/wp-json\/wp\/v2\/product\/750937","targetHints":{"allow":["GET"]}}],"collection":[{"href":"https:\/\/roveyayinevi.com.tr\/index.php\/wp-json\/wp\/v2\/product"}],"about":[{"href":"https:\/\/roveyayinevi.com.tr\/index.php\/wp-json\/wp\/v2\/types\/product"}],"wp:attachment":[{"href":"https:\/\/roveyayinevi.com.tr\/index.php\/wp-json\/wp\/v2\/media?parent=750937"}],"wp:term":[{"taxonomy":"product_brand","embeddable":true,"href":"https:\/\/roveyayinevi.com.tr\/index.php\/wp-json\/wp\/v2\/product_brand?post=750937"},{"taxonomy":"product_cat","embeddable":true,"href":"https:\/\/roveyayinevi.com.tr\/index.php\/wp-json\/wp\/v2\/product_cat?post=750937"},{"taxonomy":"product_tag","embeddable":true,"href":"https:\/\/roveyayinevi.com.tr\/index.php\/wp-json\/wp\/v2\/product_tag?post=750937"}],"curies":[{"name":"wp","href":"https:\/\/api.w.org\/{rel}","templated":true}]}}