{"id":750936,"date":"2025-08-28T04:34:44","date_gmt":"2025-08-28T01:34:44","guid":{"rendered":"https:\/\/roveyayinevi.com.tr\/index.php\/urun\/brodie-raporu\/"},"modified":"2026-04-16T03:04:04","modified_gmt":"2026-04-16T00:04:04","slug":"brodie-raporu","status":"publish","type":"product","link":"https:\/\/roveyayinevi.com.tr\/index.php\/urun\/brodie-raporu\/","title":{"rendered":"Brodie Raporu"},"content":{"rendered":"<p>Bu \u00f6yk\u00fcleri sark\u0131tmadan, k\u0131sa k\u0131sa yazmaya \u00f6zen g\u00f6sterdim, ne derece ba\u015far\u0131l\u0131 oldum bilmiyorum. Yal\u0131n olduklar\u0131n\u0131 s\u00f6ylemeye cesaretim yok; en belirgin \u00f6zelli\u011fi karmakar\u0131\u015f\u0131kl\u0131k olan evrenin pe\u015finden giden tek bir yal\u0131n sayfa, tek bir yal\u0131n s\u00f6zc\u00fck yoktur yery\u00fcz\u00fcnde. A\u00e7\u0131k\u00e7a belirtmek isterim ki, ne bug\u00fcn ne de daha \u00f6nce eskilerin masalc\u0131 ya da meselci dedikleri, \u015fimdilerde g\u00fcd\u00fcml\u00fc denilen bir yazar oldum. Bir Ezop olma niyetinde de\u011filim. Benim \u00f6yk\u00fclerimin amac\u0131 Binbir Gece Masallar\u0131 gibi insanlar\u0131 inand\u0131rmak de\u011fil, e\u011flendirmek ve co\u015fturmakt\u0131r.   Borges\u2019in \u00f6yk\u00fclerini okurken, onlara di\u011fer b\u00fct\u00fcn kitaplar\u0131n anahtar\u0131n\u0131 verecek kitab\u0131 arayan Babil k\u00fct\u00fcphanecileri gibi, biz de kusursuzluk yan\u0131lg\u0131s\u0131yla elde edilemez olan\u0131n ba\u015f d\u00f6nd\u00fcr\u00fcc\u00fcl\u00fc\u011f\u00fc aras\u0131nda gidip geliyoruz. <\/p>\n","protected":false},"excerpt":{"rendered":"<p>Bu \u00f6yk\u00fcleri sark\u0131tmadan, k\u0131sa k\u0131sa yazmaya \u00f6zen g\u00f6sterdim, ne derece ba\u015far\u0131l\u0131 oldum bilmiyorum. Yal\u0131n olduklar\u0131n\u0131 s\u00f6ylemeye cesaretim yok; en belirgin \u00f6zelli\u011fi karmakar\u0131\u015f\u0131kl\u0131k olan evrenin pe\u015finden giden<span class=\"excerpt-hellip\"> [\u2026]<\/span><\/p>\n","protected":false},"featured_media":0,"template":"","meta":{"_monsterinsights_skip_tracking":false,"_monsterinsights_sitenote_active":false,"_monsterinsights_sitenote_note":"","_monsterinsights_sitenote_category":0},"product_brand":[],"product_cat":[12291,18202],"product_tag":[],"class_list":{"0":"post-750936","1":"product","2":"type-product","3":"status-publish","5":"product_cat-edebiyat","6":"product_cat-hikaye","7":"pa_cilt-ciltsiz","8":"pa_tur-kitap","9":"pa_yayinevi-can-yayinlari","10":"pa_yazar-jorge-luis-borges","12":"first","13":"instock","14":"sale","15":"shipping-taxable","16":"purchasable","17":"product-type-simple"},"_links":{"self":[{"href":"https:\/\/roveyayinevi.com.tr\/index.php\/wp-json\/wp\/v2\/product\/750936","targetHints":{"allow":["GET"]}}],"collection":[{"href":"https:\/\/roveyayinevi.com.tr\/index.php\/wp-json\/wp\/v2\/product"}],"about":[{"href":"https:\/\/roveyayinevi.com.tr\/index.php\/wp-json\/wp\/v2\/types\/product"}],"wp:attachment":[{"href":"https:\/\/roveyayinevi.com.tr\/index.php\/wp-json\/wp\/v2\/media?parent=750936"}],"wp:term":[{"taxonomy":"product_brand","embeddable":true,"href":"https:\/\/roveyayinevi.com.tr\/index.php\/wp-json\/wp\/v2\/product_brand?post=750936"},{"taxonomy":"product_cat","embeddable":true,"href":"https:\/\/roveyayinevi.com.tr\/index.php\/wp-json\/wp\/v2\/product_cat?post=750936"},{"taxonomy":"product_tag","embeddable":true,"href":"https:\/\/roveyayinevi.com.tr\/index.php\/wp-json\/wp\/v2\/product_tag?post=750936"}],"curies":[{"name":"wp","href":"https:\/\/api.w.org\/{rel}","templated":true}]}}