{"id":750934,"date":"2025-08-28T04:34:40","date_gmt":"2025-08-28T01:34:40","guid":{"rendered":"https:\/\/roveyayinevi.com.tr\/index.php\/urun\/beklenmedik-super-dedektifler-planet-omer-2\/"},"modified":"2026-04-16T03:04:04","modified_gmt":"2026-04-16T00:04:04","slug":"beklenmedik-super-dedektifler-planet-omer-2","status":"publish","type":"product","link":"https:\/\/roveyayinevi.com.tr\/index.php\/urun\/beklenmedik-super-dedektifler-planet-omer-2\/","title":{"rendered":"Beklenmedik S\u00fcper Dedektifler &#8211; Planet \u00d6mer 2"},"content":{"rendered":"<p>\u00d6MER\u2019LE B\u0130RL\u0130KTE B\u00dcY\u00dcK, G\u0130ZEML\u0130 B\u0130R OLAYI \u00c7\u00d6ZMEYE HAZIR OLUN!DAHA \u015e\u0130MD\u0130DEN HAR\u0130KA B\u0130R K\u0130TAP OLDU\u011eUNU ANLADINIZ DE\u011e\u0130L M\u0130?* AMA HEPS\u0130 BU KADAR DE\u011e\u0130L. K\u0130TABIN \u0130\u00c7\u0130NDE DAHA FAZLASI VAR. Bu kitapta:- D\u00fcnyan\u0131n en GICIK ablas\u0131n\u0131- Ba\u015f\u0131 dertte olan bir camiyi (OOOLAAAMAAAZ)- Para kazanmak i\u00e7in yap\u0131lan bir plan\u0131- Bir yetenek yar\u0131\u015fmas\u0131n\u0131 (VAY CANINA)- Gizli bir HIRSIZI- B\u0130R YI\u011eIN kurabiyeyibulacaks\u0131n\u0131z * GER\u00c7EKTEN \u00c7OK G\u00dcLECEK, A\u011eLAYACAK, K\u0130TAPTAK\u0130 KURAB\u0130YELERDEN B\u0130R\u0130N\u0130 YEMEK \u0130STEYECEKS\u0130N\u0130Z!<\/p>\n","protected":false},"excerpt":{"rendered":"<p>\u00d6MER\u2019LE B\u0130RL\u0130KTE B\u00dcY\u00dcK, G\u0130ZEML\u0130 B\u0130R OLAYI \u00c7\u00d6ZMEYE HAZIR OLUN!DAHA \u015e\u0130MD\u0130DEN HAR\u0130KA B\u0130R K\u0130TAP OLDU\u011eUNU ANLADINIZ DE\u011e\u0130L M\u0130?* AMA HEPS\u0130 BU KADAR DE\u011e\u0130L. K\u0130TABIN \u0130\u00c7\u0130NDE DAHA FAZLASI<span class=\"excerpt-hellip\"> [\u2026]<\/span><\/p>\n","protected":false},"featured_media":0,"template":"","meta":{"_monsterinsights_skip_tracking":false,"_monsterinsights_sitenote_active":false,"_monsterinsights_sitenote_note":"","_monsterinsights_sitenote_category":0},"product_brand":[],"product_cat":[12274,12284],"product_tag":[],"class_list":{"0":"post-750934","1":"product","2":"type-product","3":"status-publish","5":"product_cat-cocuk-ve-genclik-kitaplari","6":"product_cat-hikayeler","7":"pa_cilt-ciltsiz","8":"pa_tur-kitap","9":"pa_yayinevi-gulce-kitap","10":"pa_yazar-zanib-mian","12":"first","13":"instock","14":"sale","15":"shipping-taxable","16":"purchasable","17":"product-type-simple"},"_links":{"self":[{"href":"https:\/\/roveyayinevi.com.tr\/index.php\/wp-json\/wp\/v2\/product\/750934","targetHints":{"allow":["GET"]}}],"collection":[{"href":"https:\/\/roveyayinevi.com.tr\/index.php\/wp-json\/wp\/v2\/product"}],"about":[{"href":"https:\/\/roveyayinevi.com.tr\/index.php\/wp-json\/wp\/v2\/types\/product"}],"wp:attachment":[{"href":"https:\/\/roveyayinevi.com.tr\/index.php\/wp-json\/wp\/v2\/media?parent=750934"}],"wp:term":[{"taxonomy":"product_brand","embeddable":true,"href":"https:\/\/roveyayinevi.com.tr\/index.php\/wp-json\/wp\/v2\/product_brand?post=750934"},{"taxonomy":"product_cat","embeddable":true,"href":"https:\/\/roveyayinevi.com.tr\/index.php\/wp-json\/wp\/v2\/product_cat?post=750934"},{"taxonomy":"product_tag","embeddable":true,"href":"https:\/\/roveyayinevi.com.tr\/index.php\/wp-json\/wp\/v2\/product_tag?post=750934"}],"curies":[{"name":"wp","href":"https:\/\/api.w.org\/{rel}","templated":true}]}}