{"id":750933,"date":"2025-08-28T04:34:38","date_gmt":"2025-08-28T01:34:38","guid":{"rendered":"https:\/\/roveyayinevi.com.tr\/index.php\/urun\/allah-benimle\/"},"modified":"2026-04-16T03:04:03","modified_gmt":"2026-04-16T00:04:03","slug":"allah-benimle","status":"publish","type":"product","link":"https:\/\/roveyayinevi.com.tr\/index.php\/urun\/allah-benimle\/","title":{"rendered":"Allah Benimle"},"content":{"rendered":"<p>Bizi yaratan, i\u015fiten ve g\u00f6ren, her \u015feyden \u00fcst\u00fcn olan Allah&#8217;\u0131 (cc) \u00e7ocuklara anlatmak kimi zaman olduk\u00e7a zor olabiliyor. Bu kitap okul \u00f6ncesi \u00e7ocuklar\u0131n soyut kavramlar\u0131 daha iyi anlayabilmesini sa\u011flayacak \u015fekilde yal\u0131n ifadelerle ve somutla\u015ft\u0131rma y\u00f6ntemi kullan\u0131larak haz\u0131rland\u0131. Yurt d\u0131\u015f\u0131nda \u00e7ok satanlar listesine giren &#8220;Allah Benimle&#8221; \u00e7ocuklar\u0131n Allah inanc\u0131n\u0131 desteklemeyi hedefliyor. Kitap, basit ve anla\u015f\u0131lmas\u0131 kolay bir dilin yan\u0131 s\u0131ra olduk\u00e7a g\u00fczel, kendine has \u00e7izimleriyle de \u00f6ne \u00e7\u0131k\u0131yor. Allah&#8217;\u0131n t\u00fcm hayat\u0131m\u0131z\u0131n i\u00e7inde var oldu\u011funa dair harika bir eser.<\/p>\n","protected":false},"excerpt":{"rendered":"<p>Bizi yaratan, i\u015fiten ve g\u00f6ren, her \u015feyden \u00fcst\u00fcn olan Allah&#8217;\u0131 (cc) \u00e7ocuklara anlatmak kimi zaman olduk\u00e7a zor olabiliyor. Bu kitap okul \u00f6ncesi \u00e7ocuklar\u0131n soyut kavramlar\u0131 daha<span class=\"excerpt-hellip\"> [\u2026]<\/span><\/p>\n","protected":false},"featured_media":0,"template":"","meta":{"_monsterinsights_skip_tracking":false,"_monsterinsights_sitenote_active":false,"_monsterinsights_sitenote_note":"","_monsterinsights_sitenote_category":0},"product_brand":[],"product_cat":[12274,12284],"product_tag":[],"class_list":{"0":"post-750933","1":"product","2":"type-product","3":"status-publish","5":"product_cat-cocuk-ve-genclik-kitaplari","6":"product_cat-hikayeler","7":"pa_cilt-ciltsiz","8":"pa_tur-kitap","9":"pa_yayinevi-gulce-kitap","10":"pa_yazar-nahed-al-shawa","12":"first","13":"instock","14":"sale","15":"shipping-taxable","16":"purchasable","17":"product-type-simple"},"_links":{"self":[{"href":"https:\/\/roveyayinevi.com.tr\/index.php\/wp-json\/wp\/v2\/product\/750933","targetHints":{"allow":["GET"]}}],"collection":[{"href":"https:\/\/roveyayinevi.com.tr\/index.php\/wp-json\/wp\/v2\/product"}],"about":[{"href":"https:\/\/roveyayinevi.com.tr\/index.php\/wp-json\/wp\/v2\/types\/product"}],"wp:attachment":[{"href":"https:\/\/roveyayinevi.com.tr\/index.php\/wp-json\/wp\/v2\/media?parent=750933"}],"wp:term":[{"taxonomy":"product_brand","embeddable":true,"href":"https:\/\/roveyayinevi.com.tr\/index.php\/wp-json\/wp\/v2\/product_brand?post=750933"},{"taxonomy":"product_cat","embeddable":true,"href":"https:\/\/roveyayinevi.com.tr\/index.php\/wp-json\/wp\/v2\/product_cat?post=750933"},{"taxonomy":"product_tag","embeddable":true,"href":"https:\/\/roveyayinevi.com.tr\/index.php\/wp-json\/wp\/v2\/product_tag?post=750933"}],"curies":[{"name":"wp","href":"https:\/\/api.w.org\/{rel}","templated":true}]}}