{"id":750928,"date":"2025-08-28T04:34:29","date_gmt":"2025-08-28T01:34:29","guid":{"rendered":"https:\/\/roveyayinevi.com.tr\/index.php\/urun\/doktor-dinozorla-atese-yolculuk\/"},"modified":"2026-04-16T03:04:03","modified_gmt":"2026-04-16T00:04:03","slug":"doktor-dinozorla-atese-yolculuk","status":"publish","type":"product","link":"https:\/\/roveyayinevi.com.tr\/index.php\/urun\/doktor-dinozorla-atese-yolculuk\/","title":{"rendered":"Doktor Dinozor&#8217;la Ate\u015fe Yolculuk"},"content":{"rendered":"<p>Ate\u015f neden bu kadar \u00f6nemli?Onu ilk kim, nas\u0131l ke\u015ffetti?Ate\u015f olmasa d\u00fcnya nas\u0131l bir yer olurdu?Bu sorular\u0131n cevab\u0131n\u0131 merak ediyor musunuz? O zaman Doktor Dinozor ve ekibiyle tan\u0131\u015f\u0131n! \u00d6\u011frenmeye ve \u00f6\u011fretmeye merakl\u0131 Doktor Dinozor, e\u011flenceli oldu\u011fu kadar tembel Dino ve kendini s\u00fcrekli geli\u015ftiren Bay Beyin ate\u015fin tarihini \u00f6\u011frenmek i\u00e7in Eski Ta\u015f \u00c7a\u011f\u0131\u2019na yolculuk yap\u0131yor.S\u0131k\u0131 tutunun, ate\u015fin ilk yak\u0131ld\u0131\u011f\u0131 ana gidiyoruz!<\/p>\n","protected":false},"excerpt":{"rendered":"<p>Ate\u015f neden bu kadar \u00f6nemli?Onu ilk kim, nas\u0131l ke\u015ffetti?Ate\u015f olmasa d\u00fcnya nas\u0131l bir yer olurdu?Bu sorular\u0131n cevab\u0131n\u0131 merak ediyor musunuz? O zaman Doktor Dinozor ve ekibiyle<span class=\"excerpt-hellip\"> [\u2026]<\/span><\/p>\n","protected":false},"featured_media":0,"template":"","meta":{"_monsterinsights_skip_tracking":false,"_monsterinsights_sitenote_active":false,"_monsterinsights_sitenote_note":"","_monsterinsights_sitenote_category":0},"product_brand":[],"product_cat":[13829,12274],"product_tag":[],"class_list":{"0":"post-750928","1":"product","2":"type-product","3":"status-publish","5":"product_cat-bilimsel-kitaplar","6":"product_cat-cocuk-ve-genclik-kitaplari","7":"pa_cilt-ciltsiz","8":"pa_tur-kitap","9":"pa_yayinevi-timas-cocuk","10":"pa_yazar-nurlan-nazli-kaya","12":"first","13":"instock","14":"sale","15":"shipping-taxable","16":"purchasable","17":"product-type-simple"},"_links":{"self":[{"href":"https:\/\/roveyayinevi.com.tr\/index.php\/wp-json\/wp\/v2\/product\/750928","targetHints":{"allow":["GET"]}}],"collection":[{"href":"https:\/\/roveyayinevi.com.tr\/index.php\/wp-json\/wp\/v2\/product"}],"about":[{"href":"https:\/\/roveyayinevi.com.tr\/index.php\/wp-json\/wp\/v2\/types\/product"}],"wp:attachment":[{"href":"https:\/\/roveyayinevi.com.tr\/index.php\/wp-json\/wp\/v2\/media?parent=750928"}],"wp:term":[{"taxonomy":"product_brand","embeddable":true,"href":"https:\/\/roveyayinevi.com.tr\/index.php\/wp-json\/wp\/v2\/product_brand?post=750928"},{"taxonomy":"product_cat","embeddable":true,"href":"https:\/\/roveyayinevi.com.tr\/index.php\/wp-json\/wp\/v2\/product_cat?post=750928"},{"taxonomy":"product_tag","embeddable":true,"href":"https:\/\/roveyayinevi.com.tr\/index.php\/wp-json\/wp\/v2\/product_tag?post=750928"}],"curies":[{"name":"wp","href":"https:\/\/api.w.org\/{rel}","templated":true}]}}