{"id":750927,"date":"2025-08-28T04:34:27","date_gmt":"2025-08-28T01:34:27","guid":{"rendered":"https:\/\/roveyayinevi.com.tr\/index.php\/urun\/cantamdan-fil-cikti\/"},"modified":"2026-04-13T03:09:51","modified_gmt":"2026-04-13T00:09:51","slug":"cantamdan-fil-cikti","status":"publish","type":"product","link":"https:\/\/roveyayinevi.com.tr\/index.php\/urun\/cantamdan-fil-cikti\/","title":{"rendered":"\u00c7antamdan Fil \u00c7\u0131kt\u0131"},"content":{"rendered":"<p>SATI\u015e REKORLARI KIRAN BEN\u0130M Z\u00dcRAFAM U\u00c7AB\u0130L\u0130R VE UZAYA G\u0130DEN TREN K\u0130TAPLARININ YAZARINDAN Y\u0130NE \u015eAHANE B\u0130R MACERA! \u00d6\u011fretmen, bu sefer s\u0131n\u0131fa oyun dolu bir \u00e7antayla geldi. Heyecan verici bir sorusu vard\u0131. Bu \u00e7antan\u0131n i\u00e7inden oyun oynamak i\u00e7in neler \u00e7\u0131kabilir? Bir kitap m\u0131, bir elma m\u0131 yoksa bir basketbol topu mu?\u00c7ocuklar\u0131n y\u0131l sonu \u00f6devi, hayal g\u00fcc\u00fcyle muhte\u015fem bir oyun tasarlamakt\u0131. Yine bir ekip \u00e7al\u0131\u015fmas\u0131 yapacaklard\u0131. Moni ve arkada\u015flar\u0131 harika bir oyun bulmak i\u00e7in kollar\u0131 s\u0131vad\u0131. Bu \u00f6devde hayal g\u00fcc\u00fcn\u00fcn s\u0131n\u0131rlar\u0131 yoktu. \u00c7antan\u0131n i\u00e7inden her \u015fey \u00e7\u0131kabilirdi!\u00c7antamdan Fil \u00c7\u0131kt\u0131, oyun oynamak ve hayal g\u00fcc\u00fcyle kendini ke\u015ffetmek isteyen herkesi b\u00fcy\u00fcleyici d\u00fcnyas\u0131na davet ediyor.Peki, oyun oynamak i\u00e7in senin \u00e7antandan ne \u00e7\u0131kt\u0131?Hadi! Hayal Olimpiyatlar\u0131\u2019na kat\u0131lmaya haz\u0131r m\u0131s\u0131n?<\/p>\n","protected":false},"excerpt":{"rendered":"<p>SATI\u015e REKORLARI KIRAN BEN\u0130M Z\u00dcRAFAM U\u00c7AB\u0130L\u0130R VE UZAYA G\u0130DEN TREN K\u0130TAPLARININ YAZARINDAN Y\u0130NE \u015eAHANE B\u0130R MACERA! \u00d6\u011fretmen, bu sefer s\u0131n\u0131fa oyun dolu bir \u00e7antayla geldi. Heyecan<span class=\"excerpt-hellip\"> [\u2026]<\/span><\/p>\n","protected":false},"featured_media":0,"template":"","meta":{"_monsterinsights_skip_tracking":false,"_monsterinsights_sitenote_active":false,"_monsterinsights_sitenote_note":"","_monsterinsights_sitenote_category":0},"product_brand":[],"product_cat":[12274,12284],"product_tag":[],"class_list":{"0":"post-750927","1":"product","2":"type-product","3":"status-publish","5":"product_cat-cocuk-ve-genclik-kitaplari","6":"product_cat-hikayeler","7":"pa_cilt-ciltsiz","8":"pa_tur-kitap","9":"pa_yayinevi-timas-cocuk","10":"pa_yazar-mert-arik","12":"first","13":"instock","14":"sale","15":"shipping-taxable","16":"purchasable","17":"product-type-simple"},"_links":{"self":[{"href":"https:\/\/roveyayinevi.com.tr\/index.php\/wp-json\/wp\/v2\/product\/750927","targetHints":{"allow":["GET"]}}],"collection":[{"href":"https:\/\/roveyayinevi.com.tr\/index.php\/wp-json\/wp\/v2\/product"}],"about":[{"href":"https:\/\/roveyayinevi.com.tr\/index.php\/wp-json\/wp\/v2\/types\/product"}],"wp:attachment":[{"href":"https:\/\/roveyayinevi.com.tr\/index.php\/wp-json\/wp\/v2\/media?parent=750927"}],"wp:term":[{"taxonomy":"product_brand","embeddable":true,"href":"https:\/\/roveyayinevi.com.tr\/index.php\/wp-json\/wp\/v2\/product_brand?post=750927"},{"taxonomy":"product_cat","embeddable":true,"href":"https:\/\/roveyayinevi.com.tr\/index.php\/wp-json\/wp\/v2\/product_cat?post=750927"},{"taxonomy":"product_tag","embeddable":true,"href":"https:\/\/roveyayinevi.com.tr\/index.php\/wp-json\/wp\/v2\/product_tag?post=750927"}],"curies":[{"name":"wp","href":"https:\/\/api.w.org\/{rel}","templated":true}]}}