{"id":750926,"date":"2025-08-28T04:34:25","date_gmt":"2025-08-28T01:34:25","guid":{"rendered":"https:\/\/roveyayinevi.com.tr\/index.php\/urun\/dicembrenin-sira-disi-evi\/"},"modified":"2026-04-08T03:10:40","modified_gmt":"2026-04-08T00:10:40","slug":"dicembrenin-sira-disi-evi","status":"publish","type":"product","link":"https:\/\/roveyayinevi.com.tr\/index.php\/urun\/dicembrenin-sira-disi-evi\/","title":{"rendered":"Dicembre&#8217;nin S\u0131ra D\u0131\u015f\u0131 Evi"},"content":{"rendered":"<p>\u201cBacada bir \u00e7ocuk var!\u201d diye f\u0131s\u0131ldad\u0131 endi\u015feyle.\u201cBa\u015fka nerede olacakt\u0131 ki?\u201d diye cevap verdi kad\u0131n, \u00f6nl\u00fc\u011f\u00fcndeki k\u00fclleri temizleyerek. \u201cBeni takip edin, Bay Moonro sizi bekliyor.\u201dB\u00f6yle ba\u015flad\u0131 gizemli hik\u00e2ye. Dad\u0131l\u0131k i\u00e7in basit bir i\u015f g\u00f6r\u00fc\u015fmesine geldi\u011fini sanan eski cambaz Bayan Dicembre bu gizemli evde nelerle kar\u015f\u0131la\u015fmad\u0131 ki? Elleri mum alevi gibi yanan, duman gibi t\u00fcten bir \u00e7ocuk, geceye d\u00fc\u015fen g\u00f6lgesiyle me\u015fhur Bay Moonro, i\u00e7inde gizli b\u00f6lmesi olan gizemli bir \u015f\u00f6mine,  ailenin hayat\u0131n\u0131 hem sonland\u0131rabilecek hem de kurtarabilecek olan bir k\u00f6r\u00fck, sadece \u0131\u015f\u0131kl\u0131 g\u00f6zlerin belli oldu\u011fu \u00e7er\u00e7eveler, al\u0131\u015f\u0131lmad\u0131k masallar, Tozkoparanlar ve daha nicesi\u2026 Bakal\u0131m, Bayan Dicembre bir duman gibi u\u00e7abilen bu \u00e7ocu\u011fa g\u00f6z kulak olabilecek ve bu gizemli evin s\u0131rlar\u0131n\u0131 \u00e7\u00f6zebilecek mi?<\/p>\n","protected":false},"excerpt":{"rendered":"<p>\u201cBacada bir \u00e7ocuk var!\u201d diye f\u0131s\u0131ldad\u0131 endi\u015feyle.\u201cBa\u015fka nerede olacakt\u0131 ki?\u201d diye cevap verdi kad\u0131n, \u00f6nl\u00fc\u011f\u00fcndeki k\u00fclleri temizleyerek. \u201cBeni takip edin, Bay Moonro sizi bekliyor.\u201dB\u00f6yle ba\u015flad\u0131 gizemli<span class=\"excerpt-hellip\"> [\u2026]<\/span><\/p>\n","protected":false},"featured_media":0,"template":"","meta":{"_monsterinsights_skip_tracking":false,"_monsterinsights_sitenote_active":false,"_monsterinsights_sitenote_note":"","_monsterinsights_sitenote_category":0},"product_brand":[],"product_cat":[12291,12711],"product_tag":[],"class_list":{"0":"post-750926","1":"product","2":"type-product","3":"status-publish","5":"product_cat-edebiyat","6":"product_cat-roman-oyku","7":"pa_cilt-ciltsiz","8":"pa_tur-kitap","9":"pa_yayinevi-genc-timas","10":"pa_yazar-antonia-murgo","12":"first","13":"instock","14":"sale","15":"shipping-taxable","16":"purchasable","17":"product-type-simple"},"_links":{"self":[{"href":"https:\/\/roveyayinevi.com.tr\/index.php\/wp-json\/wp\/v2\/product\/750926","targetHints":{"allow":["GET"]}}],"collection":[{"href":"https:\/\/roveyayinevi.com.tr\/index.php\/wp-json\/wp\/v2\/product"}],"about":[{"href":"https:\/\/roveyayinevi.com.tr\/index.php\/wp-json\/wp\/v2\/types\/product"}],"wp:attachment":[{"href":"https:\/\/roveyayinevi.com.tr\/index.php\/wp-json\/wp\/v2\/media?parent=750926"}],"wp:term":[{"taxonomy":"product_brand","embeddable":true,"href":"https:\/\/roveyayinevi.com.tr\/index.php\/wp-json\/wp\/v2\/product_brand?post=750926"},{"taxonomy":"product_cat","embeddable":true,"href":"https:\/\/roveyayinevi.com.tr\/index.php\/wp-json\/wp\/v2\/product_cat?post=750926"},{"taxonomy":"product_tag","embeddable":true,"href":"https:\/\/roveyayinevi.com.tr\/index.php\/wp-json\/wp\/v2\/product_tag?post=750926"}],"curies":[{"name":"wp","href":"https:\/\/api.w.org\/{rel}","templated":true}]}}