{"id":750925,"date":"2025-08-28T04:34:22","date_gmt":"2025-08-28T01:34:22","guid":{"rendered":"https:\/\/roveyayinevi.com.tr\/index.php\/urun\/buruzi\/"},"modified":"2026-04-16T03:04:03","modified_gmt":"2026-04-16T00:04:03","slug":"buruzi","status":"publish","type":"product","link":"https:\/\/roveyayinevi.com.tr\/index.php\/urun\/buruzi\/","title":{"rendered":"Buruzi"},"content":{"rendered":"<p>Babas\u0131n\u0131 kurtaran bebek mi? Hem de do\u011far do\u011fmaz m\u0131? Do\u011fu\u015fuyla babas\u0131n\u0131 kuyunun i\u00e7inden \u00e7ekip\u00e7\u0131karm\u0131\u015f m\u0131? Ger\u00e7ek mi bu? Nas\u0131l olmu\u015f? B\u00fct\u00fcn d\u00fcnyada ya\u015fanan Morona salg\u0131n\u0131nda m\u0131 olmu\u015f?\u0130yi ama yeni do\u011fmu\u015f bir bebek bunu nas\u0131l ba\u015farabilir ki?Moronavir\u00fcs salg\u0131n\u0131n\u0131n ger\u00e7ek sebebi, \u0130stanbul\u2019da ya\u015fayan k\u00fc\u00e7\u00fck bir k\u0131z\u0131n duas\u0131 m\u0131?Roman yazma hayallerinin \u00f6tesine ge\u00e7en Rabia m\u0131?Yaren\u2019in bedeninde g\u00f6revlerini yapmaktan vazge\u00e7en organlar m\u0131? \u0130\u00e7 organlar ba\u015fkald\u0131r\u0131yor, \u00f6yle mi?Peki sonra?\u0130ngiltere\u2019de bir evin yatak odas\u0131n\u0131 istila eden tilkiler mi? \u0130nsanlar\u0131n yatak odalar\u0131nda tilkilerin ne i\u015fivar? Peki onlar\u0131n ya\u015fama alanlar\u0131nda bizim ne i\u015fimiz var? Hepsinin cevab\u0131n\u0131 bu kapa\u011f\u0131n arkas\u0131nda bulacaks\u0131n\u0131z. \u00dcstelik buldu\u011fu b\u00fct\u00fcn \u015fi\u015felerden g\u00fczel sesler\u00e7\u0131kartan bir \u00e7ocuk da var. \u015ei\u015felere \u00fcfleyen \u00e7ocuk\u2026 O zaman art\u0131k \u00e7evirin \u015fu kapa\u011f\u0131! <\/p>\n","protected":false},"excerpt":{"rendered":"<p>Babas\u0131n\u0131 kurtaran bebek mi? Hem de do\u011far do\u011fmaz m\u0131? Do\u011fu\u015fuyla babas\u0131n\u0131 kuyunun i\u00e7inden \u00e7ekip\u00e7\u0131karm\u0131\u015f m\u0131? Ger\u00e7ek mi bu? Nas\u0131l olmu\u015f? B\u00fct\u00fcn d\u00fcnyada ya\u015fanan Morona salg\u0131n\u0131nda m\u0131<span class=\"excerpt-hellip\"> [\u2026]<\/span><\/p>\n","protected":false},"featured_media":0,"template":"","meta":{"_monsterinsights_skip_tracking":false,"_monsterinsights_sitenote_active":false,"_monsterinsights_sitenote_note":"","_monsterinsights_sitenote_category":0},"product_brand":[],"product_cat":[12291,18202],"product_tag":[],"class_list":{"0":"post-750925","1":"product","2":"type-product","3":"status-publish","5":"product_cat-edebiyat","6":"product_cat-hikaye","7":"pa_cilt-ciltsiz","8":"pa_tur-kitap","9":"pa_yayinevi-genc-timas","10":"pa_yazar-abdullah-harmanci","12":"first","13":"instock","14":"sale","15":"shipping-taxable","16":"purchasable","17":"product-type-simple"},"_links":{"self":[{"href":"https:\/\/roveyayinevi.com.tr\/index.php\/wp-json\/wp\/v2\/product\/750925","targetHints":{"allow":["GET"]}}],"collection":[{"href":"https:\/\/roveyayinevi.com.tr\/index.php\/wp-json\/wp\/v2\/product"}],"about":[{"href":"https:\/\/roveyayinevi.com.tr\/index.php\/wp-json\/wp\/v2\/types\/product"}],"wp:attachment":[{"href":"https:\/\/roveyayinevi.com.tr\/index.php\/wp-json\/wp\/v2\/media?parent=750925"}],"wp:term":[{"taxonomy":"product_brand","embeddable":true,"href":"https:\/\/roveyayinevi.com.tr\/index.php\/wp-json\/wp\/v2\/product_brand?post=750925"},{"taxonomy":"product_cat","embeddable":true,"href":"https:\/\/roveyayinevi.com.tr\/index.php\/wp-json\/wp\/v2\/product_cat?post=750925"},{"taxonomy":"product_tag","embeddable":true,"href":"https:\/\/roveyayinevi.com.tr\/index.php\/wp-json\/wp\/v2\/product_tag?post=750925"}],"curies":[{"name":"wp","href":"https:\/\/api.w.org\/{rel}","templated":true}]}}