{"id":750924,"date":"2025-08-28T04:34:20","date_gmt":"2025-08-28T01:34:20","guid":{"rendered":"https:\/\/roveyayinevi.com.tr\/index.php\/urun\/tavuk-bacakli-ev\/"},"modified":"2026-04-16T03:04:03","modified_gmt":"2026-04-16T00:04:03","slug":"tavuk-bacakli-ev","status":"publish","type":"product","link":"https:\/\/roveyayinevi.com.tr\/index.php\/urun\/tavuk-bacakli-ev\/","title":{"rendered":"Tavuk Bacakl\u0131 Ev"},"content":{"rendered":"<p>\u201cKlasik bir masal\u0131n g\u00fczel, cesur ve dokunakl\u0131 yeniden anlat\u0131m\u0131\u2026\u201d-Thomas Taylor, \u00c7ok Satan Malamander\u2019in Yazar\u0131 Marinka\u2019n\u0131n tek istedi\u011fi bir arkada\u015f ama b\u00fcy\u00fckannesi bir yaga, yani \u00f6l\u00fclere rehberlik eden bir koruyucuyken bu imk\u00e2ns\u0131z. \u00dcstelik bu g\u00f6revi gizli tutmak i\u00e7in d\u00fcnyay\u0131 dola\u015fan tavuk bacakl\u0131 bir evde ya\u015f\u0131yor. \u0130\u015fin k\u00f6t\u00fcs\u00fc, Marinka bir yaga olmak i\u00e7in e\u011fitiliyor. Bu da \u015fu anlama geliyor: Hayat\u0131nda okula, e\u011flenceye ve ya\u015fayan arkada\u015flara yer yok.Marinka ger\u00e7ek bir arkada\u015f edinme \u015fans\u0131 yakalad\u0131\u011f\u0131nda, t\u00fcm kurallar\u0131 \u00e7i\u011fner ve bunun y\u0131k\u0131c\u0131 sonu\u00e7lar\u0131yla ba\u015f ba\u015fa kal\u0131r. \u00c7ok sevdi\u011fi b\u00fcy\u00fckannesi gizemli bir \u015fekilde ortadan kaybolunca onu bulmak Marinka\u2019dan ba\u015fkas\u0131n\u0131n g\u00f6revi de\u011fildir. Bu, ba\u015fka d\u00fcnyalarda tehlikeli yolculuklar yapmak anlam\u0131na gelse bile\u2026<\/p>\n","protected":false},"excerpt":{"rendered":"<p>\u201cKlasik bir masal\u0131n g\u00fczel, cesur ve dokunakl\u0131 yeniden anlat\u0131m\u0131\u2026\u201d-Thomas Taylor, \u00c7ok Satan Malamander\u2019in Yazar\u0131 Marinka\u2019n\u0131n tek istedi\u011fi bir arkada\u015f ama b\u00fcy\u00fckannesi bir yaga, yani \u00f6l\u00fclere rehberlik<span class=\"excerpt-hellip\"> [\u2026]<\/span><\/p>\n","protected":false},"featured_media":0,"template":"","meta":{"_monsterinsights_skip_tracking":false,"_monsterinsights_sitenote_active":false,"_monsterinsights_sitenote_note":"","_monsterinsights_sitenote_category":0},"product_brand":[],"product_cat":[12291,14777],"product_tag":[],"class_list":{"0":"post-750924","1":"product","2":"type-product","3":"status-publish","5":"product_cat-edebiyat","6":"product_cat-fantastik","7":"pa_cilt-ciltsiz","8":"pa_tur-kitap","9":"pa_yayinevi-genc-timas","10":"pa_yazar-sophie-anderson","12":"first","13":"instock","14":"sale","15":"shipping-taxable","16":"purchasable","17":"product-type-simple"},"_links":{"self":[{"href":"https:\/\/roveyayinevi.com.tr\/index.php\/wp-json\/wp\/v2\/product\/750924","targetHints":{"allow":["GET"]}}],"collection":[{"href":"https:\/\/roveyayinevi.com.tr\/index.php\/wp-json\/wp\/v2\/product"}],"about":[{"href":"https:\/\/roveyayinevi.com.tr\/index.php\/wp-json\/wp\/v2\/types\/product"}],"wp:attachment":[{"href":"https:\/\/roveyayinevi.com.tr\/index.php\/wp-json\/wp\/v2\/media?parent=750924"}],"wp:term":[{"taxonomy":"product_brand","embeddable":true,"href":"https:\/\/roveyayinevi.com.tr\/index.php\/wp-json\/wp\/v2\/product_brand?post=750924"},{"taxonomy":"product_cat","embeddable":true,"href":"https:\/\/roveyayinevi.com.tr\/index.php\/wp-json\/wp\/v2\/product_cat?post=750924"},{"taxonomy":"product_tag","embeddable":true,"href":"https:\/\/roveyayinevi.com.tr\/index.php\/wp-json\/wp\/v2\/product_tag?post=750924"}],"curies":[{"name":"wp","href":"https:\/\/api.w.org\/{rel}","templated":true}]}}