{"id":750923,"date":"2025-08-28T04:34:18","date_gmt":"2025-08-28T01:34:18","guid":{"rendered":"https:\/\/roveyayinevi.com.tr\/index.php\/urun\/kayip-balina-fleksi-cilt\/"},"modified":"2025-09-09T15:54:18","modified_gmt":"2025-09-09T12:54:18","slug":"kayip-balina-fleksi-cilt","status":"publish","type":"product","link":"https:\/\/roveyayinevi.com.tr\/index.php\/urun\/kayip-balina-fleksi-cilt\/","title":{"rendered":"Kay\u0131p Balina (Fleksi Cilt)"},"content":{"rendered":"<p>Bir balina ile ileti\u015fim kurabilmek nas\u0131l hissettirirdi?Son Ay\u0131 roman\u0131 ile The Times, Sunday Times ve Daily Mail ba\u015fta olmak \u00fczere bir\u00e7ok yerde ad\u0131ndan \u00f6vg\u00fc ile bahsettiren Hannah Gold\u2019un ikinci roman\u0131 Kay\u0131p Balina, macera dolu bir okuma deneyimi sunuyor. On bir ya\u015f\u0131ndaki Rio, anneannesiyle ya\u015famas\u0131 i\u00e7in California\u2019ya g\u00f6nderilir. G\u00fcnlerini yaln\u0131z ve ama\u00e7s\u0131z bir h\u00e2lde ge\u00e7irirken onu mutlu eden tek \u015fey, yeni arkada\u015f\u0131 Marina ile birlikte \u00e7\u0131kt\u0131\u011f\u0131 balina izleme turlar\u0131 olur. Rio, s\u0131radan bir tur g\u00fcn\u00fcnde, annesinin favori balinas\u0131 olan Beyaz Gaga ile kar\u015f\u0131la\u015f\u0131r. Daha sonra Beyaz Gaga\u2019n\u0131n izini kaybeden Rio, onu yeniden bulmak i\u00e7in boyundan b\u00fcy\u00fck maceralara at\u0131lacakt\u0131r. \u201cOnu g\u00f6ren yaln\u0131zca Rio oldu.Pruvan\u0131n ucundan yakla\u015f\u0131k \u00fc\u00e7 metre uzakta, suyun alt\u0131nda saklan\u0131yordu.Rio, t\u00fcm v\u00fccudunun donup kald\u0131\u011f\u0131n\u0131 hissetti. Sanki onu balinaya ba\u011flayan g\u00f6r\u00fcnmez bir ak\u0131m kendisini hareketsiz k\u0131lm\u0131\u015f ve Rio, bir \u015fekilde ona uzan\u0131p onunla ba\u011flant\u0131 kurabilecekmi\u015f gibi.G\u00f6zlerinin \u00f6n\u00fcndeki balina son derece tan\u0131d\u0131kt\u0131.Beyaz Gaga!\u201d \u201cDo\u011fa temalar\u0131n\u0131 i\u00e7inde bar\u0131nd\u0131ran, iyi i\u015flenmi\u015f, unutulmaz bir macera!\u201dThe Bookseller, Edit\u00f6r\u2019\u00fcn Se\u00e7imi<\/p>\n","protected":false},"excerpt":{"rendered":"<p>Bir balina ile ileti\u015fim kurabilmek nas\u0131l hissettirirdi?Son Ay\u0131 roman\u0131 ile The Times, Sunday Times ve Daily Mail ba\u015fta olmak \u00fczere bir\u00e7ok yerde ad\u0131ndan \u00f6vg\u00fc ile bahsettiren<span class=\"excerpt-hellip\"> [\u2026]<\/span><\/p>\n","protected":false},"featured_media":0,"template":"","meta":{"_monsterinsights_skip_tracking":false,"_monsterinsights_sitenote_active":false,"_monsterinsights_sitenote_note":"","_monsterinsights_sitenote_category":0},"product_brand":[],"product_cat":[12291,12711],"product_tag":[],"class_list":{"0":"post-750923","1":"product","2":"type-product","3":"status-publish","5":"product_cat-edebiyat","6":"product_cat-roman-oyku","7":"pa_cilt-ciltsiz","8":"pa_tur-kitap","9":"pa_yayinevi-genc-timas","10":"pa_yazar-hannah-gold","12":"first","13":"instock","14":"sale","15":"shipping-taxable","16":"purchasable","17":"product-type-simple"},"_links":{"self":[{"href":"https:\/\/roveyayinevi.com.tr\/index.php\/wp-json\/wp\/v2\/product\/750923","targetHints":{"allow":["GET"]}}],"collection":[{"href":"https:\/\/roveyayinevi.com.tr\/index.php\/wp-json\/wp\/v2\/product"}],"about":[{"href":"https:\/\/roveyayinevi.com.tr\/index.php\/wp-json\/wp\/v2\/types\/product"}],"wp:attachment":[{"href":"https:\/\/roveyayinevi.com.tr\/index.php\/wp-json\/wp\/v2\/media?parent=750923"}],"wp:term":[{"taxonomy":"product_brand","embeddable":true,"href":"https:\/\/roveyayinevi.com.tr\/index.php\/wp-json\/wp\/v2\/product_brand?post=750923"},{"taxonomy":"product_cat","embeddable":true,"href":"https:\/\/roveyayinevi.com.tr\/index.php\/wp-json\/wp\/v2\/product_cat?post=750923"},{"taxonomy":"product_tag","embeddable":true,"href":"https:\/\/roveyayinevi.com.tr\/index.php\/wp-json\/wp\/v2\/product_tag?post=750923"}],"curies":[{"name":"wp","href":"https:\/\/api.w.org\/{rel}","templated":true}]}}