{"id":750921,"date":"2025-08-28T04:34:14","date_gmt":"2025-08-28T01:34:14","guid":{"rendered":"https:\/\/roveyayinevi.com.tr\/index.php\/urun\/kara-panter-3\/"},"modified":"2026-04-16T03:04:03","modified_gmt":"2026-04-16T00:04:03","slug":"kara-panter-3","status":"publish","type":"product","link":"https:\/\/roveyayinevi.com.tr\/index.php\/urun\/kara-panter-3\/","title":{"rendered":"Kara Panter 3"},"content":{"rendered":"<p>Kondo ve ailesi, T\u00fcrklerin Frans\u0131zlara kar\u015f\u0131 kurdu\u011fu \u00fcst\u00fcnl\u00fckle tutsakl\u0131ktan kurtulmu\u015ftur. Kondo, T\u00fcrklerin de sayd\u0131\u011f\u0131 bir lider konumundad\u0131r.T\u00fcrklere ve onlar\u0131n adaletine duydu\u011fu hayranl\u0131\u011f\u0131 gizlemeyen Kondo, onlara bir o kadar da \u015f\u00fcpheyle yakla\u015fmaktad\u0131r. T\u00fcrklerin Akdeniz\u2019de Frans\u0131zlarla yapt\u0131\u011f\u0131 i\u015f birli\u011fi Kondo\u2019yu tedirgin eder. T\u00fcrklerin Frans\u0131zlar yerine kendileriyle hareket etmesini isteyen Kondo, \u00fclkesini ve co\u011frafyas\u0131n\u0131 T\u00fcrklerin yard\u0131m\u0131yla kalk\u0131nd\u0131rman\u0131n en iyisi oldu\u011funu d\u00fc\u015f\u00fcn\u00fcr. Bunun i\u00e7in \u00f6ncelikle T\u00fcrklere kendini ispat etmeli ve faydal\u0131 bir m\u00fcttefik olabilece\u011fini kan\u0131tlamal\u0131d\u0131r.Kara Panter serisi, Okay Tiryakio\u011flu\u2019nun destans\u0131 anlat\u0131m\u0131 ile devam ediyor. Serinin bu kitab\u0131nda bizi, her biri \u00f6\u011f\u00fct niteli\u011finde olan c\u00fcmlelerle ustaca kurulmu\u015f bir anlat\u0131, evrensel mesajlar ve tarih\u00ee karakterlerle zenginle\u015ftirilmi\u015f bir hik\u00e2ye bekliyor.<\/p>\n","protected":false},"excerpt":{"rendered":"<p>Kondo ve ailesi, T\u00fcrklerin Frans\u0131zlara kar\u015f\u0131 kurdu\u011fu \u00fcst\u00fcnl\u00fckle tutsakl\u0131ktan kurtulmu\u015ftur. Kondo, T\u00fcrklerin de sayd\u0131\u011f\u0131 bir lider konumundad\u0131r.T\u00fcrklere ve onlar\u0131n adaletine duydu\u011fu hayranl\u0131\u011f\u0131 gizlemeyen Kondo, onlara bir<span class=\"excerpt-hellip\"> [\u2026]<\/span><\/p>\n","protected":false},"featured_media":0,"template":"","meta":{"_monsterinsights_skip_tracking":false,"_monsterinsights_sitenote_active":false,"_monsterinsights_sitenote_note":"","_monsterinsights_sitenote_category":0},"product_brand":[],"product_cat":[12291,12711],"product_tag":[],"class_list":{"0":"post-750921","1":"product","2":"type-product","3":"status-publish","5":"product_cat-edebiyat","6":"product_cat-roman-oyku","7":"pa_cilt-ciltsiz","8":"pa_tur-kitap","9":"pa_yayinevi-genc-timas","10":"pa_yazar-okay-tiryakioglu","12":"first","13":"instock","14":"sale","15":"shipping-taxable","16":"purchasable","17":"product-type-simple"},"_links":{"self":[{"href":"https:\/\/roveyayinevi.com.tr\/index.php\/wp-json\/wp\/v2\/product\/750921","targetHints":{"allow":["GET"]}}],"collection":[{"href":"https:\/\/roveyayinevi.com.tr\/index.php\/wp-json\/wp\/v2\/product"}],"about":[{"href":"https:\/\/roveyayinevi.com.tr\/index.php\/wp-json\/wp\/v2\/types\/product"}],"wp:attachment":[{"href":"https:\/\/roveyayinevi.com.tr\/index.php\/wp-json\/wp\/v2\/media?parent=750921"}],"wp:term":[{"taxonomy":"product_brand","embeddable":true,"href":"https:\/\/roveyayinevi.com.tr\/index.php\/wp-json\/wp\/v2\/product_brand?post=750921"},{"taxonomy":"product_cat","embeddable":true,"href":"https:\/\/roveyayinevi.com.tr\/index.php\/wp-json\/wp\/v2\/product_cat?post=750921"},{"taxonomy":"product_tag","embeddable":true,"href":"https:\/\/roveyayinevi.com.tr\/index.php\/wp-json\/wp\/v2\/product_tag?post=750921"}],"curies":[{"name":"wp","href":"https:\/\/api.w.org\/{rel}","templated":true}]}}