{"id":750919,"date":"2025-08-28T04:34:11","date_gmt":"2025-08-28T01:34:11","guid":{"rendered":"https:\/\/roveyayinevi.com.tr\/index.php\/urun\/ateskusu-efsanesi\/"},"modified":"2026-04-16T03:04:03","modified_gmt":"2026-04-16T00:04:03","slug":"ateskusu-efsanesi","status":"publish","type":"product","link":"https:\/\/roveyayinevi.com.tr\/index.php\/urun\/ateskusu-efsanesi\/","title":{"rendered":"Ate\u015fku\u015fu Efsanesi"},"content":{"rendered":"<p>K\u00f6y\u00fcn\u00fc kurtarmak i\u00e7in zorlu bir yolculu\u011fu g\u00f6ze alan cesur bir \u00e7ocu\u011fun hik\u00e2yesi\u2026&#8230;On bir ya\u015f\u0131ndaki Ravian\u2019\u0131n babas\u0131 o daha k\u00fc\u00e7\u00fckken \u00f6lm\u00fc\u015ft\u00fcr. K\u0131z karde\u015fi a\u011f\u0131r hastad\u0131r ve ya\u015fad\u0131klar\u0131 k\u00f6y de yoksulluk i\u00e7indedir.K\u0131\u015f ekinoksundan bir gece \u00f6nce, g\u00fcn d\u00f6n\u00fcm\u00fc bayram\u0131nda k\u00f6y\u00fcn \u015fifac\u0131s\u0131 Meta Zarissa, k\u00f6y halk\u0131na her y\u00fcz y\u0131lda bir ger\u00e7ekle\u015fen Ate\u015fku\u015fu efsanesinden bahseder. Efsaneye g\u00f6re, Ate\u015fku\u015fu\u2019nun t\u00fcy\u00fcn\u00fc bulan ki\u015fi onu g\u00f6t\u00fcr\u00fcp uzak da\u011flardaki Sar\u0131 Ta\u015f&#8217;a b\u0131rakmak zorundad\u0131r. Aksi halde ya\u015fad\u0131\u011f\u0131 k\u00f6y felaketten kurtulmayacakt\u0131r. Ama e\u011fer bunu ba\u015far\u0131rsa ya\u015fad\u0131\u011f\u0131 yere bolluk ve mutluluk gelir. Ravian, efsanevi t\u00fcy\u00fc bulmu\u015ftur ve onu ait oldu\u011fu yere g\u00f6t\u00fcrmek i\u00e7in bir gece sabaha kar\u015f\u0131 gizlice k\u00f6yden ayr\u0131l\u0131r.Ravian bu yolculukta, bir\u00e7ok zorlukla ba\u015f etmek ve t\u00fcrl\u00fc s\u0131navlardan ge\u00e7mek zorunda kal\u0131r. Ancak bunlar\u0131n yan\u0131nda muhte\u015fem \u015feylerle de kar\u015f\u0131la\u015f\u0131r. Ravian, \u00e7\u0131kt\u0131\u011f\u0131 bu maceral\u0131 yolculukta hayat\u0131n anlam\u0131na dair baz\u0131 sorular\u0131n cevab\u0131n\u0131 da bulacakt\u0131r&#8230;. Umut mu, yenilgi mi? Vefa m\u0131, bencillik mi? Dostluk mu, ihanet mi? Erdem mi, zenginlik mi? Bir se\u00e7im yapt\u0131\u011f\u0131nda, kendi karakterini de se\u00e7mi\u015f olursun\u2026<\/p>\n","protected":false},"excerpt":{"rendered":"<p>K\u00f6y\u00fcn\u00fc kurtarmak i\u00e7in zorlu bir yolculu\u011fu g\u00f6ze alan cesur bir \u00e7ocu\u011fun hik\u00e2yesi\u2026&#8230;On bir ya\u015f\u0131ndaki Ravian\u2019\u0131n babas\u0131 o daha k\u00fc\u00e7\u00fckken \u00f6lm\u00fc\u015ft\u00fcr. K\u0131z karde\u015fi a\u011f\u0131r hastad\u0131r ve ya\u015fad\u0131klar\u0131<span class=\"excerpt-hellip\"> [\u2026]<\/span><\/p>\n","protected":false},"featured_media":0,"template":"","meta":{"_monsterinsights_skip_tracking":false,"_monsterinsights_sitenote_active":false,"_monsterinsights_sitenote_note":"","_monsterinsights_sitenote_category":0},"product_brand":[],"product_cat":[12291,14777],"product_tag":[],"class_list":{"0":"post-750919","1":"product","2":"type-product","3":"status-publish","5":"product_cat-edebiyat","6":"product_cat-fantastik","7":"pa_cilt-ciltsiz","8":"pa_tur-kitap","9":"pa_yayinevi-carpe-diem-kitaplari","10":"pa_yazar-femke-dekker","12":"first","13":"instock","14":"sale","15":"shipping-taxable","16":"purchasable","17":"product-type-simple"},"_links":{"self":[{"href":"https:\/\/roveyayinevi.com.tr\/index.php\/wp-json\/wp\/v2\/product\/750919","targetHints":{"allow":["GET"]}}],"collection":[{"href":"https:\/\/roveyayinevi.com.tr\/index.php\/wp-json\/wp\/v2\/product"}],"about":[{"href":"https:\/\/roveyayinevi.com.tr\/index.php\/wp-json\/wp\/v2\/types\/product"}],"wp:attachment":[{"href":"https:\/\/roveyayinevi.com.tr\/index.php\/wp-json\/wp\/v2\/media?parent=750919"}],"wp:term":[{"taxonomy":"product_brand","embeddable":true,"href":"https:\/\/roveyayinevi.com.tr\/index.php\/wp-json\/wp\/v2\/product_brand?post=750919"},{"taxonomy":"product_cat","embeddable":true,"href":"https:\/\/roveyayinevi.com.tr\/index.php\/wp-json\/wp\/v2\/product_cat?post=750919"},{"taxonomy":"product_tag","embeddable":true,"href":"https:\/\/roveyayinevi.com.tr\/index.php\/wp-json\/wp\/v2\/product_tag?post=750919"}],"curies":[{"name":"wp","href":"https:\/\/api.w.org\/{rel}","templated":true}]}}