{"id":750918,"date":"2025-08-28T04:34:10","date_gmt":"2025-08-28T01:34:10","guid":{"rendered":"https:\/\/roveyayinevi.com.tr\/index.php\/urun\/sordum-sari-cicege-2\/"},"modified":"2026-04-16T03:04:03","modified_gmt":"2026-04-16T00:04:03","slug":"sordum-sari-cicege-2","status":"publish","type":"product","link":"https:\/\/roveyayinevi.com.tr\/index.php\/urun\/sordum-sari-cicege-2\/","title":{"rendered":"Sordum Sar\u0131 \u00c7i\u00e7e\u011fe"},"content":{"rendered":"<p>Molla C\u00e2m\u00ee\u2019nin \u2018\u2018Dervi\u015flerin sohbetinden, Muhammed kokusu gelir.\u201d s\u00f6z\u00fcndeki m\u00e2n\u00e2 \u015eemseddin Siv\u00e2si\u2019nin bah\u00e7esinde c\u00e2n bulur. Hz. \u015eems mis kokulu \u00e7i\u00e7ek dervi\u015flerinin sohbet meclisinden yay\u0131lan Muhammedi kokunun s\u0131rr\u0131na vas\u0131l olabilmek i\u00e7in bizi bah\u00e7eye davet eder. Bu bah\u00e7eye girenler Muhammed\u00ee hakikati G\u00fcl\u2019\u00fcn kokusunda ke\u015ffetmeye talip olanlard\u0131r. \u015eems\u2019in bah\u00e7esinde topra\u011fa rengarenk dokunmu\u015f hal\u0131 misali \u00e7e\u015fit \u00e7e\u015fit \u00e7i\u00e7eklerin birlikteli\u011fi ve g\u00fczelli\u011fi hayranl\u0131k uyand\u0131r\u0131r, yemye\u015fil a\u011fa\u00e7lar sizi sel\u00e2mlar, a\u011fa\u00e7lar\u0131n olgun meyveleri bah\u00e7edekilere hizmet etmek i\u00e7in can atarak dokunsan\u0131z avcunuza d\u00fc\u015f\u00fcverir, c\u0131v\u0131l c\u0131v\u0131l \u015fak\u0131yan ku\u015flar bah\u00e7eye gelmi\u015f olman\u0131z\u0131 muhabbetle kar\u015f\u0131lar, ba\u015f\u0131n\u0131z\u0131 kald\u0131rd\u0131\u011f\u0131n\u0131zda g\u00f6z g\u00f6ze geldi\u011finiz kocaman bulutlar\u0131n sizi orada g\u00f6rme sevinci \u0131l\u0131k bir ya\u011fmur olarak size dokunur, r\u00fczgar ise ya\u011fmurun sevin\u00e7 g\u00f6zya\u015flar\u0131 ile \u0131slanan topra\u011f\u0131n kokusunu size taze bir nefes olarak hediye eder. Nihayetinde bu bah\u00e7ede g\u00fcl\u00fcn kokusunu duyumsayanlar bah\u00e7enin daim\u00ee misafiri, g\u00f6n\u00fcll\u00fcs\u00fc ve g\u00fcl\u00fcn dostu olur, kokunun s\u0131rr\u0131na varanlar ise nice say\u0131s\u0131z g\u00f6n\u00fcl bah\u00e7esinde g\u00fcl olur. Meryem Merve \u00d6zt\u00fcrk sizi b\u00f6ylesi g\u00fczel bir tasavvuf bah\u00e7esine davet ederken birbirinden renkli, ahenkli ve ho\u015f kokulu \u00e7i\u00e7ek demetleri takdim ediyor.<\/p>\n","protected":false},"excerpt":{"rendered":"<p>Molla C\u00e2m\u00ee\u2019nin \u2018\u2018Dervi\u015flerin sohbetinden, Muhammed kokusu gelir.\u201d s\u00f6z\u00fcndeki m\u00e2n\u00e2 \u015eemseddin Siv\u00e2si\u2019nin bah\u00e7esinde c\u00e2n bulur. Hz. \u015eems mis kokulu \u00e7i\u00e7ek dervi\u015flerinin sohbet meclisinden yay\u0131lan Muhammedi kokunun s\u0131rr\u0131na<span class=\"excerpt-hellip\"> [\u2026]<\/span><\/p>\n","protected":false},"featured_media":0,"template":"","meta":{"_monsterinsights_skip_tracking":false,"_monsterinsights_sitenote_active":false,"_monsterinsights_sitenote_note":"","_monsterinsights_sitenote_category":0},"product_brand":[],"product_cat":[12718,12719,15238],"product_tag":[],"class_list":{"0":"post-750918","1":"product","2":"type-product","3":"status-publish","5":"product_cat-din","6":"product_cat-islam","7":"product_cat-tasavvuf","8":"pa_cilt-ciltsiz","9":"pa_tur-kitap","10":"pa_yayinevi-sufi-kitap","11":"pa_yazar-meryem-merve-ozdemir","13":"first","14":"instock","15":"sale","16":"shipping-taxable","17":"purchasable","18":"product-type-simple"},"_links":{"self":[{"href":"https:\/\/roveyayinevi.com.tr\/index.php\/wp-json\/wp\/v2\/product\/750918","targetHints":{"allow":["GET"]}}],"collection":[{"href":"https:\/\/roveyayinevi.com.tr\/index.php\/wp-json\/wp\/v2\/product"}],"about":[{"href":"https:\/\/roveyayinevi.com.tr\/index.php\/wp-json\/wp\/v2\/types\/product"}],"wp:attachment":[{"href":"https:\/\/roveyayinevi.com.tr\/index.php\/wp-json\/wp\/v2\/media?parent=750918"}],"wp:term":[{"taxonomy":"product_brand","embeddable":true,"href":"https:\/\/roveyayinevi.com.tr\/index.php\/wp-json\/wp\/v2\/product_brand?post=750918"},{"taxonomy":"product_cat","embeddable":true,"href":"https:\/\/roveyayinevi.com.tr\/index.php\/wp-json\/wp\/v2\/product_cat?post=750918"},{"taxonomy":"product_tag","embeddable":true,"href":"https:\/\/roveyayinevi.com.tr\/index.php\/wp-json\/wp\/v2\/product_tag?post=750918"}],"curies":[{"name":"wp","href":"https:\/\/api.w.org\/{rel}","templated":true}]}}