{"id":750915,"date":"2025-08-28T04:34:06","date_gmt":"2025-08-28T01:34:06","guid":{"rendered":"https:\/\/roveyayinevi.com.tr\/index.php\/urun\/nestor-iskenderin-gozunden-istanbulun-fethi\/"},"modified":"2026-04-16T03:04:03","modified_gmt":"2026-04-16T00:04:03","slug":"nestor-iskenderin-gozunden-istanbulun-fethi","status":"publish","type":"product","link":"https:\/\/roveyayinevi.com.tr\/index.php\/urun\/nestor-iskenderin-gozunden-istanbulun-fethi\/","title":{"rendered":"Nestor \u0130skender&#8217;in G\u00f6z\u00fcnden \u0130stanbul&#8217;un Fethi"},"content":{"rendered":"<p>Sultan y\u00fcr\u00fcd\u00fc ve mukaddes yerde durdu. Patrik, ruhban konseyi ve halk g\u00f6zya\u015flar\u0131 d\u00f6kerek, iniltilerle onun ayaklar\u0131na kapand\u0131lar. Sadece eliyle a\u011flamalar\u0131n\u0131 kesmek i\u00e7in i\u015faret etti ve onlara \u015funu dedi: \u201cSana sesleniyorum Anastasius, sana ve \u00e7evrendeki herkese, t\u00fcm halka s\u00f6yl\u00fcyorum: Bug\u00fcnden itibaren benim \u00f6fkemden, \u00f6l\u00fcmden, tutsak olmaktan korkmay\u0131n.\u201d Nestor \u0130skender Nestor \u0130skender, Rus kaynaklar\u0131na g\u00f6re 1453\u2019te \u0130stanbul Ku\u015fatmas\u0131\u2019na \u015fahit olmu\u015f Slav k\u00f6kenli bir Ortodoks Hristiyan\u2019d\u0131r. Hayat\u0131 hakk\u0131nda ise bize sadece, ya\u015fad\u0131\u011f\u0131 15. y\u00fczy\u0131lda kaleme ald\u0131klar\u0131 rehberlik eder. Ara\u015ft\u0131rma ve incelemelere g\u00f6re Nestor, Osmanl\u0131 topraklar\u0131na bilinmeyen nedenlerle gelmi\u015f ve burada zorla M\u00fcsl\u00fcman olmu\u015ftur. G\u00fcney Rusyal\u0131 oldu\u011fu tahmin edilen Nestor\u2019un Fetih anlat\u0131s\u0131 ciddi derecede Bizans hayranl\u0131\u011f\u0131 ve kilise taraftarl\u0131\u011f\u0131 sergiler. Ona g\u00f6re \u201ck\u00e2fir\u201d ve \u201ctanr\u0131tan\u0131maz\u201d T\u00fcrklerin 1453 y\u0131l\u0131nda ba\u015fkent Konstantinapol\u2019\u00fc ku\u015fatmalar\u0131 Bizans\u2019ta i\u015flenen g\u00fcnahlar\u0131n kefareti, ilahi bir sonucudur. Zira \u201ck\u00f6t\u00fcl\u00fckler ve kanunsuzluklar nice b\u00fcy\u00fck tahtlar\u0131n y\u0131k\u0131lmas\u0131na neden olmu\u015ftur.\u201dKehanetlerden, do\u011fa \u00fcst\u00fc hadiselerden, kanl\u0131 ya\u011fmur damlalar\u0131ndan ve koruyucu meleklerden bahsedilen bu Fetih hat\u0131rat\u0131nda tarih ile efsane, hayal ile ger\u00e7ek, korku ile \u00f6fke i\u00e7 i\u00e7edir. \u0130stanbul\u2019un Fethi\u2019ni bir gayrim\u00fcslimin dilinden ve s\u00fczgecinden aktaran bu \u00f6zg\u00fcn edeb\u00ee-tarihsel hat\u0131rat, \u201canlat\u0131lmayan\u201d unsurlar\u0131n da en az \u201canlat\u0131lan\u201d unsurlar kadar bilgilendirici olabilece\u011fini tarih okuruna \u0131srarla ve yeniden hat\u0131rlatmaktad\u0131r.<\/p>\n","protected":false},"excerpt":{"rendered":"<p>Sultan y\u00fcr\u00fcd\u00fc ve mukaddes yerde durdu. Patrik, ruhban konseyi ve halk g\u00f6zya\u015flar\u0131 d\u00f6kerek, iniltilerle onun ayaklar\u0131na kapand\u0131lar. Sadece eliyle a\u011flamalar\u0131n\u0131 kesmek i\u00e7in i\u015faret etti ve onlara<span class=\"excerpt-hellip\"> [\u2026]<\/span><\/p>\n","protected":false},"featured_media":0,"template":"","meta":{"_monsterinsights_skip_tracking":false,"_monsterinsights_sitenote_active":false,"_monsterinsights_sitenote_note":"","_monsterinsights_sitenote_category":0},"product_brand":[],"product_cat":[13946,12304],"product_tag":[],"class_list":{"0":"post-750915","1":"product","2":"type-product","3":"status-publish","5":"product_cat-biyografi-otobiyografi","6":"product_cat-tarih","7":"pa_cilt-ciltsiz","8":"pa_tur-kitap","9":"pa_yayinevi-timas-yayinlari","10":"pa_yazar-nestor-iskender","12":"first","13":"instock","14":"sale","15":"shipping-taxable","16":"purchasable","17":"product-type-simple"},"_links":{"self":[{"href":"https:\/\/roveyayinevi.com.tr\/index.php\/wp-json\/wp\/v2\/product\/750915","targetHints":{"allow":["GET"]}}],"collection":[{"href":"https:\/\/roveyayinevi.com.tr\/index.php\/wp-json\/wp\/v2\/product"}],"about":[{"href":"https:\/\/roveyayinevi.com.tr\/index.php\/wp-json\/wp\/v2\/types\/product"}],"wp:attachment":[{"href":"https:\/\/roveyayinevi.com.tr\/index.php\/wp-json\/wp\/v2\/media?parent=750915"}],"wp:term":[{"taxonomy":"product_brand","embeddable":true,"href":"https:\/\/roveyayinevi.com.tr\/index.php\/wp-json\/wp\/v2\/product_brand?post=750915"},{"taxonomy":"product_cat","embeddable":true,"href":"https:\/\/roveyayinevi.com.tr\/index.php\/wp-json\/wp\/v2\/product_cat?post=750915"},{"taxonomy":"product_tag","embeddable":true,"href":"https:\/\/roveyayinevi.com.tr\/index.php\/wp-json\/wp\/v2\/product_tag?post=750915"}],"curies":[{"name":"wp","href":"https:\/\/api.w.org\/{rel}","templated":true}]}}