{"id":750914,"date":"2025-08-28T04:34:05","date_gmt":"2025-08-28T01:34:05","guid":{"rendered":"https:\/\/roveyayinevi.com.tr\/index.php\/urun\/hicbir-seyden-her-sey-mumkundur\/"},"modified":"2026-04-08T03:10:39","modified_gmt":"2026-04-08T00:10:39","slug":"hicbir-seyden-her-sey-mumkundur","status":"publish","type":"product","link":"https:\/\/roveyayinevi.com.tr\/index.php\/urun\/hicbir-seyden-her-sey-mumkundur\/","title":{"rendered":"Hi\u00e7bir \u015eeyden Her \u015eey M\u00fcmk\u00fcnd\u00fcr"},"content":{"rendered":"<p>Bir devir sonra erdi, art\u0131k yeni bir devir ba\u015fl\u0131yor.   D\u00fcnya art\u0131k Kova \u00c7a\u011f\u0131\u2019n\u0131n \u015fafa\u011f\u0131nda&#8230; 2023-2044 y\u0131llar\u0131 aras\u0131nda Pl\u00fcton, Kova burcunda ilerliyorken, yeni \u00e7a\u011f\u0131n ayak seslerini kuvvetli \u015fekilde i\u015fitiyor olaca\u011f\u0131z. Hi\u00e7bir \u015feyin eskisi gibi olamayaca\u011f\u0131 yepyeni bir \u00e7a\u011fa ad\u0131m at\u0131yoruz. B\u00fct\u00fcn bildiklerimizi unutma zaman\u0131&#8230; \u015eimdiye dek kulland\u0131\u011f\u0131m\u0131z hi\u00e7bir y\u00f6ntem, hi\u00e7bir bilgi i\u015fe yaramayacak. Kova \u00c7a\u011f\u0131\u2019nda yeni y\u00f6ntemlerle, yeni bilgilerle ilerliyor olaca\u011f\u0131z. Bunun i\u00e7in tabii ki yeni bir bilince ve yeni bir yakla\u015f\u0131ma ihtiyac\u0131m\u0131z olacak. Art\u0131k bilginin, bilincin, duyarl\u0131l\u0131\u011f\u0131n, e\u011fitimin, bilimin, uzmanl\u0131\u011f\u0131n \u00e7a\u011f\u0131 ba\u015fl\u0131yor. \u0130nsanca olmayan, insanl\u0131\u011fa hizmet etmeyen her \u015feyin sonu geliyor. Bencilliklerin, bireyselli\u011fin, narsisizmin ve egonun son demine ula\u015fm\u0131\u015f bulunuyoruz. Peki bundan sonra ne yapmak laz\u0131m? Kimler yeni d\u00fczenin par\u00e7as\u0131 olarak ya\u015fam\u0131n\u0131 s\u00fcrd\u00fcrmeye devam edebilecek? Kova \u00c7a\u011f\u0131\u2019nda kimler hayatta ve ayakta kalabilecek? Bu yeni d\u00fczende paran\u0131n g\u00fcc\u00fc hayatta kalmaya yetecek mi? Astroloji bilimi, \u00fclkemizin ve d\u00fcnyan\u0131n gelece\u011fiyle ilgili kula\u011f\u0131m\u0131za neler f\u0131s\u0131ld\u0131yor, hangi konularda nas\u0131l uyar\u0131yor? B\u00fct\u00fcn bu sorular\u0131n cevab\u0131n\u0131 ve \u00e7ok daha fazlas\u0131n\u0131, elinizdeki bu kitapta bulacaks\u0131n\u0131z. <\/p>\n","protected":false},"excerpt":{"rendered":"<p>Bir devir sonra erdi, art\u0131k yeni bir devir ba\u015fl\u0131yor. D\u00fcnya art\u0131k Kova \u00c7a\u011f\u0131\u2019n\u0131n \u015fafa\u011f\u0131nda&#8230; 2023-2044 y\u0131llar\u0131 aras\u0131nda Pl\u00fcton, Kova burcunda ilerliyorken, yeni \u00e7a\u011f\u0131n ayak seslerini kuvvetli<span class=\"excerpt-hellip\"> [\u2026]<\/span><\/p>\n","protected":false},"featured_media":0,"template":"","meta":{"_monsterinsights_skip_tracking":false,"_monsterinsights_sitenote_active":false,"_monsterinsights_sitenote_note":"","_monsterinsights_sitenote_category":0},"product_brand":[],"product_cat":[12364,12376],"product_tag":[],"class_list":{"0":"post-750914","1":"product","2":"type-product","3":"status-publish","5":"product_cat-genel-konular","6":"product_cat-kisisel-gelisim","7":"pa_cilt-ciltsiz","8":"pa_tur-kitap","9":"pa_yayinevi-destek-yayinlari","10":"pa_yazar-mine-olmez","12":"first","13":"instock","14":"sale","15":"shipping-taxable","16":"purchasable","17":"product-type-simple"},"_links":{"self":[{"href":"https:\/\/roveyayinevi.com.tr\/index.php\/wp-json\/wp\/v2\/product\/750914","targetHints":{"allow":["GET"]}}],"collection":[{"href":"https:\/\/roveyayinevi.com.tr\/index.php\/wp-json\/wp\/v2\/product"}],"about":[{"href":"https:\/\/roveyayinevi.com.tr\/index.php\/wp-json\/wp\/v2\/types\/product"}],"wp:attachment":[{"href":"https:\/\/roveyayinevi.com.tr\/index.php\/wp-json\/wp\/v2\/media?parent=750914"}],"wp:term":[{"taxonomy":"product_brand","embeddable":true,"href":"https:\/\/roveyayinevi.com.tr\/index.php\/wp-json\/wp\/v2\/product_brand?post=750914"},{"taxonomy":"product_cat","embeddable":true,"href":"https:\/\/roveyayinevi.com.tr\/index.php\/wp-json\/wp\/v2\/product_cat?post=750914"},{"taxonomy":"product_tag","embeddable":true,"href":"https:\/\/roveyayinevi.com.tr\/index.php\/wp-json\/wp\/v2\/product_tag?post=750914"}],"curies":[{"name":"wp","href":"https:\/\/api.w.org\/{rel}","templated":true}]}}