{"id":750912,"date":"2025-08-28T04:34:00","date_gmt":"2025-08-28T01:34:00","guid":{"rendered":"https:\/\/roveyayinevi.com.tr\/index.php\/urun\/denizden-gelen-mektuplar\/"},"modified":"2026-04-08T03:10:39","modified_gmt":"2026-04-08T00:10:39","slug":"denizden-gelen-mektuplar","status":"publish","type":"product","link":"https:\/\/roveyayinevi.com.tr\/index.php\/urun\/denizden-gelen-mektuplar\/","title":{"rendered":"Denizden Gelen Mektuplar"},"content":{"rendered":"<p>Y\u0131llar\u0131n yorgunlu\u011fu y\u00fcz\u00fcndeki derin \u00e7izgilere yans\u0131m\u0131\u015f, sa\u00e7\u0131 sakal\u0131 birbirine kar\u0131\u015fm\u0131\u015f me\u00e7hul adam\u0131n; bu g\u00f6zden \u0131rak, \u0131ss\u0131z ve k\u00fc\u00e7\u00fck adaya gelmesinin tek amac\u0131, ac\u0131 i\u00e7inde ge\u00e7en ge\u00e7mi\u015f y\u0131llar\u0131n\u0131n hesapla\u015fmas\u0131n\u0131 burada yapmakt\u0131. Yolun sonuna geldi\u011fini ve bundan sonra kaybedecek hi\u00e7bir \u015feyinin olmad\u0131\u011f\u0131n\u0131 \u00e7ok iyi biliyordu. Bu adan\u0131n, karanl\u0131k t\u00fcnelden \u00f6nceki son \u00e7\u0131k\u0131\u015f oldu\u011funun fark\u0131ndayd\u0131. \u0130\u00e7ine d\u00fc\u015ft\u00fc\u011f\u00fc bu \u00e7\u0131kmazdan kendisini ancak bir mucize kurtarabilirdi. \u015eimdiye kadar yan\u0131nda olmayan \u015fans\u0131n hi\u00e7 olmazsa bu defa y\u00fcz\u00fcne g\u00fclmesini \u00fcmit ediyordu. Bunun i\u00e7in her g\u00fcn iskeleye gelip sab\u0131rla bekliyor, \u00fcmitle bekledi\u011fi mucizenin denize yazd\u0131\u011f\u0131 mektuplar ile ger\u00e7ekle\u015fece\u011fine inan\u0131yordu. <\/p>\n","protected":false},"excerpt":{"rendered":"<p>Y\u0131llar\u0131n yorgunlu\u011fu y\u00fcz\u00fcndeki derin \u00e7izgilere yans\u0131m\u0131\u015f, sa\u00e7\u0131 sakal\u0131 birbirine kar\u0131\u015fm\u0131\u015f me\u00e7hul adam\u0131n; bu g\u00f6zden \u0131rak, \u0131ss\u0131z ve k\u00fc\u00e7\u00fck adaya gelmesinin tek amac\u0131, ac\u0131 i\u00e7inde ge\u00e7en ge\u00e7mi\u015f<span class=\"excerpt-hellip\"> [\u2026]<\/span><\/p>\n","protected":false},"featured_media":0,"template":"","meta":{"_monsterinsights_skip_tracking":false,"_monsterinsights_sitenote_active":false,"_monsterinsights_sitenote_note":"","_monsterinsights_sitenote_category":0},"product_brand":[],"product_cat":[12291,12711],"product_tag":[],"class_list":{"0":"post-750912","1":"product","2":"type-product","3":"status-publish","5":"product_cat-edebiyat","6":"product_cat-roman-oyku","7":"pa_cilt-ciltsiz","8":"pa_tur-kitap","9":"pa_yayinevi-kirmizi-ada-yayinlari","10":"pa_yazar-mehmet-ramazan-yurtsever","12":"first","13":"instock","14":"sale","15":"shipping-taxable","16":"purchasable","17":"product-type-simple"},"_links":{"self":[{"href":"https:\/\/roveyayinevi.com.tr\/index.php\/wp-json\/wp\/v2\/product\/750912","targetHints":{"allow":["GET"]}}],"collection":[{"href":"https:\/\/roveyayinevi.com.tr\/index.php\/wp-json\/wp\/v2\/product"}],"about":[{"href":"https:\/\/roveyayinevi.com.tr\/index.php\/wp-json\/wp\/v2\/types\/product"}],"wp:attachment":[{"href":"https:\/\/roveyayinevi.com.tr\/index.php\/wp-json\/wp\/v2\/media?parent=750912"}],"wp:term":[{"taxonomy":"product_brand","embeddable":true,"href":"https:\/\/roveyayinevi.com.tr\/index.php\/wp-json\/wp\/v2\/product_brand?post=750912"},{"taxonomy":"product_cat","embeddable":true,"href":"https:\/\/roveyayinevi.com.tr\/index.php\/wp-json\/wp\/v2\/product_cat?post=750912"},{"taxonomy":"product_tag","embeddable":true,"href":"https:\/\/roveyayinevi.com.tr\/index.php\/wp-json\/wp\/v2\/product_tag?post=750912"}],"curies":[{"name":"wp","href":"https:\/\/api.w.org\/{rel}","templated":true}]}}