{"id":750911,"date":"2025-08-28T04:33:59","date_gmt":"2025-08-28T01:33:59","guid":{"rendered":"https:\/\/roveyayinevi.com.tr\/index.php\/urun\/grimm-masallari-3\/"},"modified":"2026-04-16T03:04:03","modified_gmt":"2026-04-16T00:04:03","slug":"grimm-masallari-3","status":"publish","type":"product","link":"https:\/\/roveyayinevi.com.tr\/index.php\/urun\/grimm-masallari-3\/","title":{"rendered":"Grimm Masallar\u0131"},"content":{"rendered":"<p>Edebiyat d\u00fcnyas\u0131nda Grimm Masallar\u0131 olarak an\u0131lan, Jacob Grimm ve Wilhelm Grimm karde\u015flerin Alman efsane ve masallar derlemesi, ilk olarak 1812 y\u0131l\u0131nda Kinder und Hausm\u00e4rchen (\u00c7ocuk ve Ev Masallar\u0131) ad\u0131yla yay\u0131mlam\u0131\u015f, daha sonra yedi kez g\u00f6zden ge\u00e7irilip geni\u015fletilmi\u015ftir. Yay\u0131mland\u0131\u011f\u0131 tarihten bu yana onlarca farkl\u0131 dile \u00e7evrilen bu eser, edebiyat d\u00fcnyas\u0131ndaki \u00f6nemini h\u00e2l\u00e2 korumaktad\u0131r. Masal denilince akla gelen ilk kaynaklardan biri olan Grimm Masallar\u0131, krallar\u0131n, sihrin ve konu\u015fan hayvanlar\u0131n hik\u00e2yelerini anlat\u0131r. Hik\u00e2yeler bazen korkutucu olsa da peri masallar\u0131 korkular\u0131m\u0131z\u0131n \u00fcstesinden gelmemizi sa\u011flar. Genellikle bize ahlaki de\u011ferler ve do\u011fru ile yanl\u0131\u015f hakk\u0131nda bir ders verirler. Hik\u00e2yelerin evrenselli\u011fi, say\u0131s\u0131z tiyatro, opera, bale ve sinema uyarlamas\u0131na ilham kayna\u011f\u0131 olmu\u015ftur. Grim Masallar\u0131n\u0131n en tan\u0131nm\u0131\u015f \u00f6rneklerinden Pamuk Prenses, Rapunzel, Parmak \u00c7ocuk, Hansel ve Gretel gibi masallar\u0131n orijinal versiyonuna sad\u0131k kal\u0131narak yer ald\u0131\u011f\u0131 bu kitab\u0131 zevkle okuyacaks\u0131n\u0131z.   <\/p>\n","protected":false},"excerpt":{"rendered":"<p>Edebiyat d\u00fcnyas\u0131nda Grimm Masallar\u0131 olarak an\u0131lan, Jacob Grimm ve Wilhelm Grimm karde\u015flerin Alman efsane ve masallar derlemesi, ilk olarak 1812 y\u0131l\u0131nda Kinder und Hausm\u00e4rchen (\u00c7ocuk ve<span class=\"excerpt-hellip\"> [\u2026]<\/span><\/p>\n","protected":false},"featured_media":0,"template":"","meta":{"_monsterinsights_skip_tracking":false,"_monsterinsights_sitenote_active":false,"_monsterinsights_sitenote_note":"","_monsterinsights_sitenote_category":0},"product_brand":[],"product_cat":[12274,12523],"product_tag":[],"class_list":{"0":"post-750911","1":"product","2":"type-product","3":"status-publish","5":"product_cat-cocuk-ve-genclik-kitaplari","6":"product_cat-masallar","7":"pa_cilt-ciltsiz","8":"pa_tur-kitap","9":"pa_yayinevi-fark-yayinlari","10":"pa_yazar-jacob-grimm-wilhelm-grimm","12":"first","13":"instock","14":"sale","15":"shipping-taxable","16":"purchasable","17":"product-type-simple"},"_links":{"self":[{"href":"https:\/\/roveyayinevi.com.tr\/index.php\/wp-json\/wp\/v2\/product\/750911","targetHints":{"allow":["GET"]}}],"collection":[{"href":"https:\/\/roveyayinevi.com.tr\/index.php\/wp-json\/wp\/v2\/product"}],"about":[{"href":"https:\/\/roveyayinevi.com.tr\/index.php\/wp-json\/wp\/v2\/types\/product"}],"wp:attachment":[{"href":"https:\/\/roveyayinevi.com.tr\/index.php\/wp-json\/wp\/v2\/media?parent=750911"}],"wp:term":[{"taxonomy":"product_brand","embeddable":true,"href":"https:\/\/roveyayinevi.com.tr\/index.php\/wp-json\/wp\/v2\/product_brand?post=750911"},{"taxonomy":"product_cat","embeddable":true,"href":"https:\/\/roveyayinevi.com.tr\/index.php\/wp-json\/wp\/v2\/product_cat?post=750911"},{"taxonomy":"product_tag","embeddable":true,"href":"https:\/\/roveyayinevi.com.tr\/index.php\/wp-json\/wp\/v2\/product_tag?post=750911"}],"curies":[{"name":"wp","href":"https:\/\/api.w.org\/{rel}","templated":true}]}}