{"id":750910,"date":"2025-08-28T04:33:57","date_gmt":"2025-08-28T01:33:57","guid":{"rendered":"https:\/\/roveyayinevi.com.tr\/index.php\/urun\/maca-kizi-3\/"},"modified":"2026-04-16T03:04:03","modified_gmt":"2026-04-16T00:04:03","slug":"maca-kizi-3","status":"publish","type":"product","link":"https:\/\/roveyayinevi.com.tr\/index.php\/urun\/maca-kizi-3\/","title":{"rendered":"Ma\u00e7a K\u0131z\u0131"},"content":{"rendered":"<p>Etnik k\u00f6keni Alman olan Hermann Alman disiplini ile yeti\u015fmi\u015f, Rus Ordusu\u2019nda bir m\u00fchendis subay\u0131d\u0131r. S\u00fcrekli olarak di\u011fer subaylar\u0131n kumar oynamas\u0131n\u0131 izler fakat hi\u00e7bir \u015fekilde oyuna dahil olmaz. Bir gece Tomsky, ya\u015fl\u0131 bir kontes olan b\u00fcy\u00fckannesi hakk\u0131nda bir hik\u00e2ye anlat\u0131r. Kontes y\u0131llar \u00f6nce Fransa\u2019da faro oynarken bir servet kaybeder ve sonra da St. Germain Kontu\u2019ndan \u00f6\u011frendi\u011fi \u00fc\u00e7 kazanan kart s\u0131rr\u0131 ile kaybetti\u011fi serveti geri kazan\u0131r. Hermann ise bu s\u0131rr\u0131 elde etme konusunda tak\u0131nt\u0131l\u0131 hale gelmi\u015ftir. Kontes\u2019in bir de gen\u00e7 bir kad\u0131n yard\u0131mc\u0131s\u0131 vard\u0131r, Lizaveta Ivanovna. Hermann bu s\u0131rr\u0131 \u00f6\u011frenmeye olan tak\u0131nt\u0131s\u0131 s\u00fcresince Lizaveta\u2019ya a\u015fk mektuplar\u0131 g\u00f6nderir ve kendisini eve almas\u0131 i\u00e7in ikna etmeye \u00e7al\u0131\u015f\u0131r. Hermann, kumar masas\u0131nda bir servet kazanma h\u0131rs\u0131yla yola \u00e7\u0131kan ve ahlak d\u0131\u015f\u0131 y\u00f6ntemlere ba\u015fvurmaya haz\u0131r olan biri olsa da kendisini bekleyen s\u00fcrprizden habersizdir. Ak\u0131llarda kalanlar ise \u015f\u00f6yle; 1.       Kumar masas\u0131na asla oturma. 2.       E\u011fer oturduysan ilk kazanc\u0131n\u0131 ald\u0131ktan sonra kalk. 3.       Kalkt\u0131ktan sonra da hemen ilk kural\u0131 hat\u0131rla! <\/p>\n","protected":false},"excerpt":{"rendered":"<p>Etnik k\u00f6keni Alman olan Hermann Alman disiplini ile yeti\u015fmi\u015f, Rus Ordusu\u2019nda bir m\u00fchendis subay\u0131d\u0131r. S\u00fcrekli olarak di\u011fer subaylar\u0131n kumar oynamas\u0131n\u0131 izler fakat hi\u00e7bir \u015fekilde oyuna dahil<span class=\"excerpt-hellip\"> [\u2026]<\/span><\/p>\n","protected":false},"featured_media":0,"template":"","meta":{"_monsterinsights_skip_tracking":false,"_monsterinsights_sitenote_active":false,"_monsterinsights_sitenote_note":"","_monsterinsights_sitenote_category":0},"product_brand":[],"product_cat":[12291,12711],"product_tag":[],"class_list":{"0":"post-750910","1":"product","2":"type-product","3":"status-publish","5":"product_cat-edebiyat","6":"product_cat-roman-oyku","7":"pa_cilt-ciltsiz","8":"pa_tur-kitap","9":"pa_yayinevi-fark-yayinlari","10":"pa_yazar-aleksandr-sergeyevic-puskin","12":"first","13":"instock","14":"sale","15":"shipping-taxable","16":"purchasable","17":"product-type-simple"},"_links":{"self":[{"href":"https:\/\/roveyayinevi.com.tr\/index.php\/wp-json\/wp\/v2\/product\/750910","targetHints":{"allow":["GET"]}}],"collection":[{"href":"https:\/\/roveyayinevi.com.tr\/index.php\/wp-json\/wp\/v2\/product"}],"about":[{"href":"https:\/\/roveyayinevi.com.tr\/index.php\/wp-json\/wp\/v2\/types\/product"}],"wp:attachment":[{"href":"https:\/\/roveyayinevi.com.tr\/index.php\/wp-json\/wp\/v2\/media?parent=750910"}],"wp:term":[{"taxonomy":"product_brand","embeddable":true,"href":"https:\/\/roveyayinevi.com.tr\/index.php\/wp-json\/wp\/v2\/product_brand?post=750910"},{"taxonomy":"product_cat","embeddable":true,"href":"https:\/\/roveyayinevi.com.tr\/index.php\/wp-json\/wp\/v2\/product_cat?post=750910"},{"taxonomy":"product_tag","embeddable":true,"href":"https:\/\/roveyayinevi.com.tr\/index.php\/wp-json\/wp\/v2\/product_tag?post=750910"}],"curies":[{"name":"wp","href":"https:\/\/api.w.org\/{rel}","templated":true}]}}