{"id":750907,"date":"2025-08-28T04:33:52","date_gmt":"2025-08-28T01:33:52","guid":{"rendered":"https:\/\/roveyayinevi.com.tr\/index.php\/urun\/kumpastan-15-temmuza-su-uyur-hulisi-akar\/"},"modified":"2025-12-30T11:09:42","modified_gmt":"2025-12-30T08:09:42","slug":"kumpastan-15-temmuza-su-uyur-hulisi-akar","status":"publish","type":"product","link":"https:\/\/roveyayinevi.com.tr\/index.php\/urun\/kumpastan-15-temmuza-su-uyur-hulisi-akar\/","title":{"rendered":"Kumpas&#8217;tan 15 Temmuz&#8217;a Su Uyur Hulisi Akar"},"content":{"rendered":"<p>\u201c\u2026Bu kitap, eski Genelkurmay Ba\u015fkan\u0131 Emekli Orgeneral Hulusi Akar\u2019a hakaret iddias\u0131yla a\u00e7\u0131lan davan\u0131n duru\u015fmalar\u0131nda yapt\u0131\u011f\u0131m savunmalar\u0131mdan olu\u015fuyor.            B\u00f6yle bir kitap yazma fikri hi\u00e7 ama hi\u00e7 yoktu g\u00fcndemimde. Ne zaman ki, \u201cGenelkurmay Ba\u015fkan\u0131 i\u00e7in \u00e7ok \u00fcz\u00fcl\u00fcyorum!\u201d ba\u015fl\u0131kl\u0131 yaz\u0131m aleyhine \u201cHulusi Akar\u2019a hakaret\u201d iddias\u0131yla dava a\u00e7\u0131ld\u0131; kitap yazmay\u0131 o anda d\u00fc\u015f\u00fcnmeye ba\u015flad\u0131m\u2026  Yarg\u0131lama beraat karar\u0131yla sonu\u00e7land\u0131.             Kitap, \u00fclkemizde demokrasinin \u00f6n\u00fcnde engel haline gelen resmi 15 Temmuz anlat\u0131s\u0131na alternatif bir bilin\u00e7 ve anlat\u0131 \u00e7abas\u0131na katk\u0131da bulunursa amac\u0131na ula\u015fm\u0131\u015f olacakt\u0131r\u2026\u201d                                                                                                        Rahmi Y\u0131ld\u0131r\u0131m              Kitap da neler var? \u201cSu uyur Hulusi Akar\u201d esprisi nereden \u00e7\u0131kt\u0131? Hulusi Akar\u2019\u0131n, TSK\u2019deki y\u00fckseli\u015finde kumpas davalar\u0131n\u0131n rol\u00fc ne oldu? FET\u00d6, TSK\u2019yi ele ge\u00e7irirken Hulusi Akar ne yap\u0131yordu? Harp Okulu\u2019ndan beraber mezun olduklar\u0131 devre arkada\u015flar\u0131 ve kumpas davalar\u0131nda ma\u011fduriyet ya\u015fam\u0131\u015f silah arkada\u015flar\u0131 Hulusi Akar hakk\u0131nda ne d\u00fc\u015f\u00fcn\u00fcyorlar? Hulusi Akar d\u00f6neminde s\u00f6zle\u015fmeli subay s\u0131navlar\u0131nda Alevi adaylar hangi muameleyi g\u00f6rd\u00fcler? Askerlerimizin ba\u015f\u0131na \u00e7uval ge\u00e7irten Amerikal\u0131 generalden ni\u00e7in madalya ald\u0131? 15 Temmuz ba\u015far\u0131s\u0131zl\u0131\u011fa kurgulanm\u0131\u015f kontroll\u00fc bir darbe midir? 15 Temmuz darbe giri\u015fimi ba\u015flamadan \u00f6nlenebilir miydi? Hulusi Akar, 15 Temmuz g\u00fcn\u00fc nas\u0131l davrand\u0131? 15 Temmuz\u2019da Cumhurba\u015fkan\u0131 ve Ba\u015fbakan\u2019a ni\u00e7in haber vermedi? TBMM Darbe Ara\u015ft\u0131rma Komisyonu\u2019na neden gitmedi? Hulusi Akar, 15 Temmuz darbe giri\u015fimini ayd\u0131nlatabilir mi? Esir d\u00fc\u015fen komutan orduyu y\u00f6netebilir mi? Ve daha bir\u00e7ok bilinmeyen\u2026 \u0130yi okumalar diliyoruz. <\/p>\n","protected":false},"excerpt":{"rendered":"<p>\u201c\u2026Bu kitap, eski Genelkurmay Ba\u015fkan\u0131 Emekli Orgeneral Hulusi Akar\u2019a hakaret iddias\u0131yla a\u00e7\u0131lan davan\u0131n duru\u015fmalar\u0131nda yapt\u0131\u011f\u0131m savunmalar\u0131mdan olu\u015fuyor. B\u00f6yle bir kitap yazma fikri hi\u00e7 ama hi\u00e7 yoktu<span class=\"excerpt-hellip\"> [\u2026]<\/span><\/p>\n","protected":false},"featured_media":0,"template":"","meta":{"_monsterinsights_skip_tracking":false,"_monsterinsights_sitenote_active":false,"_monsterinsights_sitenote_note":"","_monsterinsights_sitenote_category":0},"product_brand":[],"product_cat":[12337],"product_tag":[],"class_list":{"0":"post-750907","1":"product","2":"type-product","3":"status-publish","5":"product_cat-politika-siyaset","6":"pa_cilt-ciltsiz","7":"pa_tur-kitap","8":"pa_yayinevi-galeati-yayincilik","9":"pa_yazar-rahmi-yildirim","11":"first","12":"instock","13":"sale","14":"shipping-taxable","15":"purchasable","16":"product-type-simple"},"_links":{"self":[{"href":"https:\/\/roveyayinevi.com.tr\/index.php\/wp-json\/wp\/v2\/product\/750907","targetHints":{"allow":["GET"]}}],"collection":[{"href":"https:\/\/roveyayinevi.com.tr\/index.php\/wp-json\/wp\/v2\/product"}],"about":[{"href":"https:\/\/roveyayinevi.com.tr\/index.php\/wp-json\/wp\/v2\/types\/product"}],"wp:attachment":[{"href":"https:\/\/roveyayinevi.com.tr\/index.php\/wp-json\/wp\/v2\/media?parent=750907"}],"wp:term":[{"taxonomy":"product_brand","embeddable":true,"href":"https:\/\/roveyayinevi.com.tr\/index.php\/wp-json\/wp\/v2\/product_brand?post=750907"},{"taxonomy":"product_cat","embeddable":true,"href":"https:\/\/roveyayinevi.com.tr\/index.php\/wp-json\/wp\/v2\/product_cat?post=750907"},{"taxonomy":"product_tag","embeddable":true,"href":"https:\/\/roveyayinevi.com.tr\/index.php\/wp-json\/wp\/v2\/product_tag?post=750907"}],"curies":[{"name":"wp","href":"https:\/\/api.w.org\/{rel}","templated":true}]}}