{"id":750905,"date":"2025-08-28T04:33:50","date_gmt":"2025-08-28T01:33:50","guid":{"rendered":"https:\/\/roveyayinevi.com.tr\/index.php\/urun\/tevazu-2\/"},"modified":"2026-04-16T03:04:03","modified_gmt":"2026-04-16T00:04:03","slug":"tevazu-2","status":"publish","type":"product","link":"https:\/\/roveyayinevi.com.tr\/index.php\/urun\/tevazu-2\/","title":{"rendered":"Tevazu"},"content":{"rendered":"<p>Tevazu kendimize, ba\u015fkalar\u0131na ve bizi \u00e7evreleyen d\u00fcnyaya, onu oldu\u011fu gibi alg\u0131lamam\u0131z\u0131 sa\u011flayacak \u015fekilde yakla\u015fman\u0131n yoludur. Bilimsel ara\u015ft\u0131rmalar g\u00f6stermi\u015ftir ki tevazu insan ili\u015fkilerini g\u00fc\u00e7lendirmeye, i\u015f hayat\u0131nda ilerlemeye ve toplumu daha iyi bir noktaya ta\u015f\u0131maya katk\u0131 sa\u011flar. Yads\u0131namaz bir g\u00fcce sahiptir ve d\u00f6n\u00fc\u015ft\u00fcr\u00fcc\u00fcd\u00fcr.Bug\u00fcn art\u0131k modern bilimin kadim bilgeli\u011fi onad\u0131\u011f\u0131 noktaday\u0131z: Tevazunun g\u00fc\u00e7l\u00fc bir d\u00f6n\u00fc\u015ft\u00fcr\u00fcc\u00fc etkiye sahip oldu\u011funu biliyoruz.Narsisizm bizi kendimizi aldatt\u0131\u011f\u0131m\u0131z bir yalan d\u00fcnyaya tutsak ederken tevazu \u00f6zg\u00fcrle\u015ftirir, g\u00fc\u00e7lendirir ve geli\u015ftirir.Sosyal Psikolog Darly R. Van Tongeren, tevazu kavram\u0131 \u00fczerinden bizi kendini tan\u0131ma, kendini kontrol edebilme ve kendini a\u015fabilmeye dair d\u00fc\u015f\u00fcnsel bir yolculu\u011fa \u00e7\u0131kar\u0131yor.\u0130\u00e7ine hapsoldu\u011fumuz yank\u0131 odalar\u0131ndan \u00e7\u0131kmak i\u00e7in Tevazu\u2019yu yeniden ke\u015ffetmeliyiz. \u201cAk\u0131c\u0131 bir dille kalem al\u0131nm\u0131\u015f, d\u00fc\u015f\u00fcnmeye te\u015fvik eden bu kitapta, i\u015finin ehli bir uzman zay\u0131fl\u0131klar\u0131m\u0131z konusunda d\u00fcr\u00fcst olmak i\u00e7in ikna edici bir sav ortaya koyuyor ve bunun ne denli b\u00fcy\u00fck bir g\u00fc\u00e7 olabilece\u011fini g\u00f6zler \u00f6n\u00fcne seriyor.\u201d \u2011Adam Grant, Think Again kitab\u0131yla New York Times \u00e7ok satanlar listesinin bir numaras\u0131 yazar.) \u201cDr. Van Tongeren bu muhte\u015fem kitapla tevazunun kap\u0131lar\u0131n\u0131 aral\u0131yor: Hayat\u0131n zorluklar\u0131ndan ka\u00e7madan kendimizle, ili\u015fkilerimizle ve kendi d\u00fcnyam\u0131zla y\u00fczle\u015fmeye bir davet. Hem de t\u00fcm a\u00e7\u0131k y\u00fcreklili\u011fimizle ve b\u00fct\u00fcn cevaplar\u0131n bizde olmad\u0131\u011f\u0131n\u0131 kabullenmeye haz\u0131r olarak\u2026 Bu kitap geli\u015fmek i\u00e7in ilham kayna\u011f\u0131 olabilir ve bize daha zengin bir hayat\u0131n anahtar\u0131n\u0131 sunabilir.\u201d\u2013Dr. W. Keith Campbell, The New Science of Narcissism kitab\u0131n\u0131n yazar\u0131 \u201cNarsisizm milyonlarca ki\u015fiyi, asl\u0131nda olmad\u0131klar\u0131 biri gibi davranarak hayatlar\u0131n\u0131 bir hi\u00e7 u\u011fruna heba etmeye y\u00f6neltti. Ancak \u015fimdi Dr. Van Tongeren bize bir \u00e7\u0131k\u0131\u015f yolu g\u00f6steriyor. Tevazunun kadim erdemi\u2026 E\u011fer siz de modern ya\u015fam\u0131n y\u00fczeyselli\u011finden s\u0131k\u0131ld\u0131ysan\u0131z i\u015fte size panzehir. Ayn\u0131 zamanda, ayaklar\u0131n\u0131z\u0131 yere tekrar s\u0131k\u0131 basabilmeniz i\u00e7in bir yol haritas\u0131.\u201d\u2013Danie Z. Liebermann The Molecule of More kitab\u0131n\u0131n e\u015f yazar\u0131<\/p>\n","protected":false},"excerpt":{"rendered":"<p>Tevazu kendimize, ba\u015fkalar\u0131na ve bizi \u00e7evreleyen d\u00fcnyaya, onu oldu\u011fu gibi alg\u0131lamam\u0131z\u0131 sa\u011flayacak \u015fekilde yakla\u015fman\u0131n yoludur. Bilimsel ara\u015ft\u0131rmalar g\u00f6stermi\u015ftir ki tevazu insan ili\u015fkilerini g\u00fc\u00e7lendirmeye, i\u015f hayat\u0131nda ilerlemeye<span class=\"excerpt-hellip\"> [\u2026]<\/span><\/p>\n","protected":false},"featured_media":0,"template":"","meta":{"_monsterinsights_skip_tracking":false,"_monsterinsights_sitenote_active":false,"_monsterinsights_sitenote_note":"","_monsterinsights_sitenote_category":0},"product_brand":[],"product_cat":[12357],"product_tag":[],"class_list":{"0":"post-750905","1":"product","2":"type-product","3":"status-publish","5":"product_cat-psikoloji","6":"pa_cilt-ciltsiz","7":"pa_tur-kitap","8":"pa_yayinevi-timas-yayinlari","9":"pa_yazar-daryl-r-van-tongeren","11":"first","12":"instock","13":"sale","14":"shipping-taxable","15":"purchasable","16":"product-type-simple"},"_links":{"self":[{"href":"https:\/\/roveyayinevi.com.tr\/index.php\/wp-json\/wp\/v2\/product\/750905","targetHints":{"allow":["GET"]}}],"collection":[{"href":"https:\/\/roveyayinevi.com.tr\/index.php\/wp-json\/wp\/v2\/product"}],"about":[{"href":"https:\/\/roveyayinevi.com.tr\/index.php\/wp-json\/wp\/v2\/types\/product"}],"wp:attachment":[{"href":"https:\/\/roveyayinevi.com.tr\/index.php\/wp-json\/wp\/v2\/media?parent=750905"}],"wp:term":[{"taxonomy":"product_brand","embeddable":true,"href":"https:\/\/roveyayinevi.com.tr\/index.php\/wp-json\/wp\/v2\/product_brand?post=750905"},{"taxonomy":"product_cat","embeddable":true,"href":"https:\/\/roveyayinevi.com.tr\/index.php\/wp-json\/wp\/v2\/product_cat?post=750905"},{"taxonomy":"product_tag","embeddable":true,"href":"https:\/\/roveyayinevi.com.tr\/index.php\/wp-json\/wp\/v2\/product_tag?post=750905"}],"curies":[{"name":"wp","href":"https:\/\/api.w.org\/{rel}","templated":true}]}}