{"id":750904,"date":"2025-08-28T04:33:49","date_gmt":"2025-08-28T01:33:49","guid":{"rendered":"https:\/\/roveyayinevi.com.tr\/index.php\/urun\/mukaddimenin-ozu\/"},"modified":"2026-04-16T03:04:03","modified_gmt":"2026-04-16T00:04:03","slug":"mukaddimenin-ozu","status":"publish","type":"product","link":"https:\/\/roveyayinevi.com.tr\/index.php\/urun\/mukaddimenin-ozu\/","title":{"rendered":"Mukaddime&#8217;nin \u00d6z\u00fc"},"content":{"rendered":"<p>Mukaddime\u2019yi Okumad\u0131k Kimse Kalmas\u0131n Diye\u2026 Mukaddime\u2019nin \u00d6z\u00fc, herkes Mukaddime\u2019yi okusun ve okumayan kalmas\u0131n diye haz\u0131rland\u0131!Mukaddime\u2019nin \u00d6z\u00fc, kesinlikle Mukaddime\u2019nin \u00f6zeti de\u011fildir.Mukaddime\u2019nin \u00d6z\u00fc, \u0130bn Haldun\u2019u \u0130bn Haldun veya Mukaddime\u2019yi Mukaddime yapan b\u00fct\u00fcn b\u00f6l\u00fcmlerin bir araya getirilmi\u015f \u015feklidir.Mukaddime\u2019nin \u00d6z\u00fc, g\u00fcn\u00fcm\u00fczde \u00f6nemi veya ge\u00e7erlili\u011fi kalmam\u0131\u015f, okunmas\u0131n\u0131n yarar\u0131 olmayan b\u00f6l\u00fcmlerinin \u00e7\u0131kar\u0131lm\u0131\u015f h\u00e2lidir.Mukaddime\u2019nin \u00d6z\u00fc\u2019nde yer alan d\u00fc\u015f\u00fcnceler, g\u00f6r\u00fc\u015fler ve bilgiler, b\u00fct\u00fcn\u00fcyle \u0130bn Haldun\u2019a aittir. Hi\u00e7bir \u00f6zetleme yap\u0131lmam\u0131\u015ft\u0131r.O y\u00fczden Mukaddime\u2019nin \u00d6z\u00fc\u2019n\u00fc okuyan bir kimse, kendisinden emin bir \u015fekilde ve \u00e7ok hakl\u0131 olarak \u201cMukaddime\u2019yi okudum!\u201d diyebilir.Mukaddime\u2019nin \u00d6z\u00fc, daha \u00f6nce yay\u0131mlanm\u0131\u015f olan \u201cMukaddime: Evrensel Tarihe ve Toplum Bilimlerine Giri\u015f\u201d kitab\u0131ndan hareketle m\u00fctercim taraf\u0131ndan b\u00fcy\u00fck bir titizlikle ve son derece \u00f6zenle haz\u0131rlanm\u0131\u015ft\u0131r.<\/p>\n","protected":false},"excerpt":{"rendered":"<p>Mukaddime\u2019yi Okumad\u0131k Kimse Kalmas\u0131n Diye\u2026 Mukaddime\u2019nin \u00d6z\u00fc, herkes Mukaddime\u2019yi okusun ve okumayan kalmas\u0131n diye haz\u0131rland\u0131!Mukaddime\u2019nin \u00d6z\u00fc, kesinlikle Mukaddime\u2019nin \u00f6zeti de\u011fildir.Mukaddime\u2019nin \u00d6z\u00fc, \u0130bn Haldun\u2019u \u0130bn Haldun veya<span class=\"excerpt-hellip\"> [\u2026]<\/span><\/p>\n","protected":false},"featured_media":0,"template":"","meta":{"_monsterinsights_skip_tracking":false,"_monsterinsights_sitenote_active":false,"_monsterinsights_sitenote_note":"","_monsterinsights_sitenote_category":0},"product_brand":[],"product_cat":[12370,12304],"product_tag":[],"class_list":{"0":"post-750904","1":"product","2":"type-product","3":"status-publish","5":"product_cat-arastirma-inceleme","6":"product_cat-tarih","7":"pa_cilt-ciltsiz","8":"pa_tur-kitap","9":"pa_yayinevi-timas-yayinlari","10":"pa_yazar-ibn-haldun","12":"first","13":"instock","14":"sale","15":"shipping-taxable","16":"purchasable","17":"product-type-simple"},"_links":{"self":[{"href":"https:\/\/roveyayinevi.com.tr\/index.php\/wp-json\/wp\/v2\/product\/750904","targetHints":{"allow":["GET"]}}],"collection":[{"href":"https:\/\/roveyayinevi.com.tr\/index.php\/wp-json\/wp\/v2\/product"}],"about":[{"href":"https:\/\/roveyayinevi.com.tr\/index.php\/wp-json\/wp\/v2\/types\/product"}],"wp:attachment":[{"href":"https:\/\/roveyayinevi.com.tr\/index.php\/wp-json\/wp\/v2\/media?parent=750904"}],"wp:term":[{"taxonomy":"product_brand","embeddable":true,"href":"https:\/\/roveyayinevi.com.tr\/index.php\/wp-json\/wp\/v2\/product_brand?post=750904"},{"taxonomy":"product_cat","embeddable":true,"href":"https:\/\/roveyayinevi.com.tr\/index.php\/wp-json\/wp\/v2\/product_cat?post=750904"},{"taxonomy":"product_tag","embeddable":true,"href":"https:\/\/roveyayinevi.com.tr\/index.php\/wp-json\/wp\/v2\/product_tag?post=750904"}],"curies":[{"name":"wp","href":"https:\/\/api.w.org\/{rel}","templated":true}]}}