{"id":750902,"date":"2025-08-28T04:33:46","date_gmt":"2025-08-28T01:33:46","guid":{"rendered":"https:\/\/roveyayinevi.com.tr\/index.php\/urun\/yazarlarin-gizli-hayati\/"},"modified":"2026-04-16T03:04:03","modified_gmt":"2026-04-16T00:04:03","slug":"yazarlarin-gizli-hayati","status":"publish","type":"product","link":"https:\/\/roveyayinevi.com.tr\/index.php\/urun\/yazarlarin-gizli-hayati\/","title":{"rendered":"Yazarlar\u0131n Gizli Hayat\u0131"},"content":{"rendered":"<p>\u201cFransa\u2019n\u0131n gerilim kral\u0131!\u201d\u2013New York Times \u201cMusso&#8217;nun Fransa&#8217;n\u0131n en sevilen, \u00e7oksatan yazarlar\u0131ndan biriolmas\u0131 \u015fa\u015f\u0131rt\u0131c\u0131 de\u011fil.\u201d\u2013Harlan Coben  \u201cKendinize s\u00f6yledi\u011finiz ger\u00e7ekler sadece bir kurgudan ibaretsene yapabilirsiniz?\u201d Sene 1999. Nathan Fawles halk ve ele\u015ftirmenler taraf\u0131ndan be\u011fenilen romanlar yazd\u0131ktan sonra birden yazarl\u0131\u011f\u0131 b\u0131rakt\u0131\u011f\u0131n\u0131 duyurur. Kariyerinin zirvesindeyken Akdeniz&#8217;in en g\u00fczel adalar\u0131ndan biri olan Beaumont&#8217;ta inzivaya \u00e7ekilir. 2018 sonbahar\u0131. Hevesli bir yazar ve Nathan Fawles hayran\u0131 olanRapha\u00ebl Bataille, idol\u00fcn\u00fcn nerede oldu\u011funu \u00f6\u011frenmek i\u00e7in Beaumont&#8217;a gelir. Buraya gelen \u0130svi\u00e7reli Gazeteci Mathilde Monneyde yazar\u0131n s\u0131rlar\u0131n\u0131 ortaya \u00e7\u0131karmaya kararl\u0131d\u0131r: Nathan Fawles neden yazarl\u0131\u011f\u0131 b\u0131rakm\u0131\u015ft\u0131r? Ayn\u0131 zamanda adada gizemli bir cinayet i\u015flenir ve adaya giri\u015f \u00e7\u0131k\u0131\u015flar yetkililerce yasaklan\u0131r. Bu \u00fc\u00e7 karakter yalan, su\u00e7, ihanet, tutku ve bolca yaz\u0131yla dolu bir olay \u00f6rg\u00fcs\u00fcn\u00fcn kar\u015f\u0131t taraflar\u0131ndayer al\u0131r.<\/p>\n","protected":false},"excerpt":{"rendered":"<p>\u201cFransa\u2019n\u0131n gerilim kral\u0131!\u201d\u2013New York Times \u201cMusso&#8217;nun Fransa&#8217;n\u0131n en sevilen, \u00e7oksatan yazarlar\u0131ndan biriolmas\u0131 \u015fa\u015f\u0131rt\u0131c\u0131 de\u011fil.\u201d\u2013Harlan Coben \u201cKendinize s\u00f6yledi\u011finiz ger\u00e7ekler sadece bir kurgudan ibaretsene yapabilirsiniz?\u201d Sene 1999. Nathan<span class=\"excerpt-hellip\"> [\u2026]<\/span><\/p>\n","protected":false},"featured_media":0,"template":"","meta":{"_monsterinsights_skip_tracking":false,"_monsterinsights_sitenote_active":false,"_monsterinsights_sitenote_note":"","_monsterinsights_sitenote_category":0},"product_brand":[],"product_cat":[12291,50487],"product_tag":[],"class_list":{"0":"post-750902","1":"product","2":"type-product","3":"status-publish","5":"product_cat-edebiyat","6":"product_cat-kurgu","7":"pa_cilt-ciltsiz","8":"pa_tur-kitap","9":"pa_yayinevi-epsilon-yayinlari","10":"pa_yazar-guillaume-musso","12":"first","13":"instock","14":"sale","15":"shipping-taxable","16":"purchasable","17":"product-type-simple"},"_links":{"self":[{"href":"https:\/\/roveyayinevi.com.tr\/index.php\/wp-json\/wp\/v2\/product\/750902","targetHints":{"allow":["GET"]}}],"collection":[{"href":"https:\/\/roveyayinevi.com.tr\/index.php\/wp-json\/wp\/v2\/product"}],"about":[{"href":"https:\/\/roveyayinevi.com.tr\/index.php\/wp-json\/wp\/v2\/types\/product"}],"wp:attachment":[{"href":"https:\/\/roveyayinevi.com.tr\/index.php\/wp-json\/wp\/v2\/media?parent=750902"}],"wp:term":[{"taxonomy":"product_brand","embeddable":true,"href":"https:\/\/roveyayinevi.com.tr\/index.php\/wp-json\/wp\/v2\/product_brand?post=750902"},{"taxonomy":"product_cat","embeddable":true,"href":"https:\/\/roveyayinevi.com.tr\/index.php\/wp-json\/wp\/v2\/product_cat?post=750902"},{"taxonomy":"product_tag","embeddable":true,"href":"https:\/\/roveyayinevi.com.tr\/index.php\/wp-json\/wp\/v2\/product_tag?post=750902"}],"curies":[{"name":"wp","href":"https:\/\/api.w.org\/{rel}","templated":true}]}}