{"id":750901,"date":"2025-08-28T04:33:45","date_gmt":"2025-08-28T01:33:45","guid":{"rendered":"https:\/\/roveyayinevi.com.tr\/index.php\/urun\/turk-egitim-sistemi\/"},"modified":"2026-04-03T03:06:11","modified_gmt":"2026-04-03T00:06:11","slug":"turk-egitim-sistemi","status":"publish","type":"product","link":"https:\/\/roveyayinevi.com.tr\/index.php\/urun\/turk-egitim-sistemi\/","title":{"rendered":"T\u00fcrk E\u011fitim Sistemi"},"content":{"rendered":"<p>Kitap, Neden Bilim Toplumu Olamad\u0131k? Sorusuna tarihsel s\u00fcre\u00e7 i\u00e7inde k\u0131sa, genel hatlar\u0131yla cevap bulmaya \u00e7al\u0131\u015f\u0131yor. Sonra as\u0131l konumuz olan &#8221; T\u00fcrk E\u011fitim Sistemini &#8221; masaya yat\u0131r\u0131yor, T\u00fcrk E\u011fitim Sistemindeki sorunlar\u0131, \u00e7\u00f6z\u00fcm \u00f6nerilerini ele al\u0131yor, ortaya somut, ete kemi\u011fe b\u00fcr\u00fcnm\u00fc\u015f, ilk\u00f6\u011fretimden orta\u00f6\u011fretime kadar taslak bir program sunuyor. S\u0131navs\u0131z bir e\u011fitim sisteminin nas\u0131l olabilece\u011fini, b\u00fct\u00fcn kan\u0131tlar\u0131yla en ince detaylara kadar planlayarak ortaya koyuyor. Bunu yaparken kal\u0131pla\u015fm\u0131\u015f ezberleri ve \u00f6nyarg\u0131lar\u0131 y\u0131karak, e\u011fitim sistemine yeni bir bak\u0131\u015f a\u00e7\u0131s\u0131 getiriyor.<\/p>\n","protected":false},"excerpt":{"rendered":"<p>Kitap, Neden Bilim Toplumu Olamad\u0131k? Sorusuna tarihsel s\u00fcre\u00e7 i\u00e7inde k\u0131sa, genel hatlar\u0131yla cevap bulmaya \u00e7al\u0131\u015f\u0131yor. Sonra as\u0131l konumuz olan &#8221; T\u00fcrk E\u011fitim Sistemini &#8221; masaya yat\u0131r\u0131yor,<span class=\"excerpt-hellip\"> [\u2026]<\/span><\/p>\n","protected":false},"featured_media":0,"template":"","meta":{"_monsterinsights_skip_tracking":false,"_monsterinsights_sitenote_active":false,"_monsterinsights_sitenote_note":"","_monsterinsights_sitenote_category":0},"product_brand":[],"product_cat":[12567,12566],"product_tag":[],"class_list":{"0":"post-750901","1":"product","2":"type-product","3":"status-publish","5":"product_cat-diger-egitim","6":"product_cat-egitim","7":"pa_cilt-ciltsiz","8":"pa_tur-kitap","9":"pa_yayinevi-elpis-yayinlari","10":"pa_yazar-m-ali-akcaglayan","12":"first","13":"instock","14":"sale","15":"shipping-taxable","16":"purchasable","17":"product-type-simple"},"_links":{"self":[{"href":"https:\/\/roveyayinevi.com.tr\/index.php\/wp-json\/wp\/v2\/product\/750901","targetHints":{"allow":["GET"]}}],"collection":[{"href":"https:\/\/roveyayinevi.com.tr\/index.php\/wp-json\/wp\/v2\/product"}],"about":[{"href":"https:\/\/roveyayinevi.com.tr\/index.php\/wp-json\/wp\/v2\/types\/product"}],"wp:attachment":[{"href":"https:\/\/roveyayinevi.com.tr\/index.php\/wp-json\/wp\/v2\/media?parent=750901"}],"wp:term":[{"taxonomy":"product_brand","embeddable":true,"href":"https:\/\/roveyayinevi.com.tr\/index.php\/wp-json\/wp\/v2\/product_brand?post=750901"},{"taxonomy":"product_cat","embeddable":true,"href":"https:\/\/roveyayinevi.com.tr\/index.php\/wp-json\/wp\/v2\/product_cat?post=750901"},{"taxonomy":"product_tag","embeddable":true,"href":"https:\/\/roveyayinevi.com.tr\/index.php\/wp-json\/wp\/v2\/product_tag?post=750901"}],"curies":[{"name":"wp","href":"https:\/\/api.w.org\/{rel}","templated":true}]}}