{"id":750900,"date":"2025-08-28T04:33:42","date_gmt":"2025-08-28T01:33:42","guid":{"rendered":"https:\/\/roveyayinevi.com.tr\/index.php\/urun\/altin-cag-1\/"},"modified":"2026-04-16T03:04:03","modified_gmt":"2026-04-16T00:04:03","slug":"altin-cag-1","status":"publish","type":"product","link":"https:\/\/roveyayinevi.com.tr\/index.php\/urun\/altin-cag-1\/","title":{"rendered":"Alt\u0131n \u00c7a\u011f -1"},"content":{"rendered":"<p>Tulan\u2019\u0131n surlar\u0131 \u00fczerinde o efsanevi f\u0131rt\u0131nay\u0131 bir kez olsun g\u00f6rebilecek olman\u0131n heyecan\u0131 ile bekliyordu. Bir \u015fey nas\u0131l hem bu kadar b\u00fcy\u00fcleyici hem de bu kadar y\u0131k\u0131c\u0131 olabilirdi? Nas\u0131l hem hat\u0131rlat\u0131p t\u00fcm o ihti\u015faml\u0131 ge\u00e7mi\u015fi hem de unutmak i\u00e7in yalvartabilirdi g\u00f6ren g\u00f6zlere? \u0130nsanl\u0131k kendine ra\u011fmen uyan\u0131yordu, art\u0131k umutlar dillenmi\u015fti. Ayd\u0131n zihinler kaybetti\u011fi insanl\u0131\u011f\u0131 aramak i\u00e7in, t\u00fcm y\u0131k\u0131lan medeniyetlere hak etti\u011fini vermek i\u00e7in, Alt\u0131n \u00c7a\u011f\u2019\u0131 getirmek istiyordu. Siren seslerini y\u0131rta y\u0131rta gelen atalar\u0131n\u0131n en \u00f6l\u00fcmc\u00fcl miras\u0131 olan f\u0131rt\u0131nayla ilk kez g\u00f6z g\u00f6ze geli\u015fi ona bir pasaj\u0131 hat\u0131rlatt\u0131, Alt\u0131n \u00c7a\u011f idealini olu\u015fturan kurucular\u0131n Yarat\u0131c\u0131l\u0131k adl\u0131 kitab\u0131ndan: \u201cBir zamanlar umut dolu esen r\u00fczg\u00e2rlar vard\u0131 d\u00fcnyada. \u0130lim ve teknoloji, evrenin t\u00fcm s\u0131rlar\u0131yla birlikte apa\u00e7\u0131k ellerimizdeydi. Y\u00fcz\u00fc gelece\u011fe hayali onun da \u00f6tesine giden bir insanl\u0131\u011f\u0131n h\u00fcrmetine esen umut dolu r\u00fczg\u00e2rlardan ne kald\u0131 \u015fimdi geriye? Biz evrene yay\u0131ld\u0131k\u00e7a kendi \u00f6z\u00fcm\u00fcz\u00fc unuttu\u011fumuz Miladi d\u00f6nemlerden geriye bir bu f\u0131rt\u0131na yadig\u00e2r art\u0131k. Gelip gidip f\u0131rt\u0131nadan sorarlar \u00e2limlere. Zahmet edip sormay\u0131n onu, de\u015fmeyin \u00e2limlerin yaras\u0131n\u0131. Umut esen r\u00fczg\u00e2rlar\u0131 yak\u0131p y\u0131kan f\u0131rt\u0131nalar yapt\u0131k el ele. Ne kald\u0131ysa umuttan geriye f\u0131rt\u0131nayla beraber savrulur \u015fimdi Orava \u00c7\u00f6l\u00fc\u2019nde.\u201d <\/p>\n","protected":false},"excerpt":{"rendered":"<p>Tulan\u2019\u0131n surlar\u0131 \u00fczerinde o efsanevi f\u0131rt\u0131nay\u0131 bir kez olsun g\u00f6rebilecek olman\u0131n heyecan\u0131 ile bekliyordu. Bir \u015fey nas\u0131l hem bu kadar b\u00fcy\u00fcleyici hem de bu kadar y\u0131k\u0131c\u0131<span class=\"excerpt-hellip\"> [\u2026]<\/span><\/p>\n","protected":false},"featured_media":0,"template":"","meta":{"_monsterinsights_skip_tracking":false,"_monsterinsights_sitenote_active":false,"_monsterinsights_sitenote_note":"","_monsterinsights_sitenote_category":0},"product_brand":[],"product_cat":[12540,12291],"product_tag":[],"class_list":{"0":"post-750900","1":"product","2":"type-product","3":"status-publish","5":"product_cat-bilim-kurgu","6":"product_cat-edebiyat","7":"pa_cilt-ciltsiz","8":"pa_tur-kitap","9":"pa_yayinevi-elpis-yayinlari","10":"pa_yazar-harun-mugla","12":"first","13":"instock","14":"sale","15":"shipping-taxable","16":"purchasable","17":"product-type-simple"},"_links":{"self":[{"href":"https:\/\/roveyayinevi.com.tr\/index.php\/wp-json\/wp\/v2\/product\/750900","targetHints":{"allow":["GET"]}}],"collection":[{"href":"https:\/\/roveyayinevi.com.tr\/index.php\/wp-json\/wp\/v2\/product"}],"about":[{"href":"https:\/\/roveyayinevi.com.tr\/index.php\/wp-json\/wp\/v2\/types\/product"}],"wp:attachment":[{"href":"https:\/\/roveyayinevi.com.tr\/index.php\/wp-json\/wp\/v2\/media?parent=750900"}],"wp:term":[{"taxonomy":"product_brand","embeddable":true,"href":"https:\/\/roveyayinevi.com.tr\/index.php\/wp-json\/wp\/v2\/product_brand?post=750900"},{"taxonomy":"product_cat","embeddable":true,"href":"https:\/\/roveyayinevi.com.tr\/index.php\/wp-json\/wp\/v2\/product_cat?post=750900"},{"taxonomy":"product_tag","embeddable":true,"href":"https:\/\/roveyayinevi.com.tr\/index.php\/wp-json\/wp\/v2\/product_tag?post=750900"}],"curies":[{"name":"wp","href":"https:\/\/api.w.org\/{rel}","templated":true}]}}