{"id":750899,"date":"2025-08-28T04:33:40","date_gmt":"2025-08-28T01:33:40","guid":{"rendered":"https:\/\/roveyayinevi.com.tr\/index.php\/urun\/o-kitabi-yazma-behiye\/"},"modified":"2026-04-16T03:04:03","modified_gmt":"2026-04-16T00:04:03","slug":"o-kitabi-yazma-behiye","status":"publish","type":"product","link":"https:\/\/roveyayinevi.com.tr\/index.php\/urun\/o-kitabi-yazma-behiye\/","title":{"rendered":"O Kitab\u0131 Yazma Behiye"},"content":{"rendered":"<p>Baz\u0131 kitaplar hi\u00e7 yaz\u0131lmamal\u0131d\u0131r, baz\u0131 yazg\u0131lar da \u00f6yle\u2026Yak\u0131lmak istenen kederler de vard\u0131r, k\u0131v\u0131lc\u0131mdan yang\u0131na d\u00f6n\u00fc\u015fen alevler de\u2026 Yine de atmaya devam eden kalp, \u00e7al\u0131\u015fmaya devam eden ak\u0131l, ya\u015famaya devam eden umudun de\u011fi\u015ftiremeyece\u011fi hi\u00e7bir yazg\u0131 yoktur; \u015fayet kalem elindeyse\u2026 Behiye o kitab\u0131 yazacak m\u0131, yazmal\u0131 m\u0131, yoksa kalemi k\u0131r\u0131p atmal\u0131 m\u0131 buna kendisi karar verecek; okuyup okumayaca\u011f\u0131n\u0131za da siz\u2026\u201cKim oldu\u011funu bilmiyorum. Yazd\u0131\u011f\u0131m her sat\u0131r ger\u00e7ekle\u015fiyor ve senin koruma i\u00e7g\u00fcd\u00fcn\u00fcn s\u0131n\u0131rlar\u0131 yok. Korkuyorum ama bir o kadar da g\u00fcvende hissediyorum kendimi.\u201d<\/p>\n","protected":false},"excerpt":{"rendered":"<p>Baz\u0131 kitaplar hi\u00e7 yaz\u0131lmamal\u0131d\u0131r, baz\u0131 yazg\u0131lar da \u00f6yle\u2026Yak\u0131lmak istenen kederler de vard\u0131r, k\u0131v\u0131lc\u0131mdan yang\u0131na d\u00f6n\u00fc\u015fen alevler de\u2026 Yine de atmaya devam eden kalp, \u00e7al\u0131\u015fmaya devam eden<span class=\"excerpt-hellip\"> [\u2026]<\/span><\/p>\n","protected":false},"featured_media":0,"template":"","meta":{"_monsterinsights_skip_tracking":false,"_monsterinsights_sitenote_active":false,"_monsterinsights_sitenote_note":"","_monsterinsights_sitenote_category":0},"product_brand":[],"product_cat":[12291,50487],"product_tag":[],"class_list":{"0":"post-750899","1":"product","2":"type-product","3":"status-publish","5":"product_cat-edebiyat","6":"product_cat-kurgu","7":"pa_cilt-ciltsiz","8":"pa_tur-kitap","9":"pa_yayinevi-epsilon-yayinlari","10":"pa_yazar-sahin-unal","12":"first","13":"instock","14":"sale","15":"shipping-taxable","16":"purchasable","17":"product-type-simple"},"_links":{"self":[{"href":"https:\/\/roveyayinevi.com.tr\/index.php\/wp-json\/wp\/v2\/product\/750899","targetHints":{"allow":["GET"]}}],"collection":[{"href":"https:\/\/roveyayinevi.com.tr\/index.php\/wp-json\/wp\/v2\/product"}],"about":[{"href":"https:\/\/roveyayinevi.com.tr\/index.php\/wp-json\/wp\/v2\/types\/product"}],"wp:attachment":[{"href":"https:\/\/roveyayinevi.com.tr\/index.php\/wp-json\/wp\/v2\/media?parent=750899"}],"wp:term":[{"taxonomy":"product_brand","embeddable":true,"href":"https:\/\/roveyayinevi.com.tr\/index.php\/wp-json\/wp\/v2\/product_brand?post=750899"},{"taxonomy":"product_cat","embeddable":true,"href":"https:\/\/roveyayinevi.com.tr\/index.php\/wp-json\/wp\/v2\/product_cat?post=750899"},{"taxonomy":"product_tag","embeddable":true,"href":"https:\/\/roveyayinevi.com.tr\/index.php\/wp-json\/wp\/v2\/product_tag?post=750899"}],"curies":[{"name":"wp","href":"https:\/\/api.w.org\/{rel}","templated":true}]}}