{"id":750897,"date":"2025-08-28T04:33:36","date_gmt":"2025-08-28T01:33:36","guid":{"rendered":"https:\/\/roveyayinevi.com.tr\/index.php\/urun\/keder-ve-mutluluk\/"},"modified":"2026-04-16T03:04:03","modified_gmt":"2026-04-16T00:04:03","slug":"keder-ve-mutluluk","status":"publish","type":"product","link":"https:\/\/roveyayinevi.com.tr\/index.php\/urun\/keder-ve-mutluluk\/","title":{"rendered":"Keder ve Mutluluk"},"content":{"rendered":"<p>Martha, onu her \u015feyden \u00e7ok seven bir e\u015fe, g\u00fczel bir eve ve g\u00f6z\u00fcn\u00fcn i\u00e7ine bakan aile \u00fcyelerine sahiptir; \u00f6yle ki annesine g\u00f6re bu, nadiren elde edilebilecek t\u00fcrde bir zenginliktir. Fakat t\u00fcm bu zenginli\u011fin i\u00e7inde hayat\u0131 elinden kay\u0131p par\u00e7alara ayr\u0131l\u0131yormu\u015f gibi hissetmekten kendini alamaz. Belki bunun nedeni yaln\u0131zca di\u011fer insanlardan \u00e7ok d\u00fc\u015f\u00fcnmesidir \u2013ya da belki kafas\u0131n\u0131n i\u00e7inde yolunda gitmeyen bir \u015feyler vard\u0131r. \u015eimdi, tam da k\u0131rkl\u0131 ya\u015flar\u0131 kap\u0131dayken Martha ailesinin evine geri d\u00f6nmeli ve k\u0131r\u0131lan t\u00fcm par\u00e7alar\u0131 tek ba\u015f\u0131na toplamal\u0131d\u0131r.Meg Mason, 30\u2019u a\u015fk\u0131n \u00fclkede okurla bulu\u015fan Keder ve Mutluluk\u2019ta depresyonun y\u0131prat\u0131c\u0131 s\u00fcre\u00e7lerini do\u011fal bir mizah, a\u00e7\u0131k s\u00f6zl\u00fcl\u00fck ve hassasiyetle ele al\u0131rken okuru hem kahkahalar\u0131n hem de g\u00f6zya\u015flar\u0131n\u0131n e\u015fi\u011fine getiriyor.Bu, ko\u015fulsuz sevginin ne oldu\u011funa dair y\u00fcrek burkan bir hik\u00e2ye, daima ba\u015ftan ba\u015flanabilece\u011fini ortaya koyan bir manifesto.\u201cBir yazar\u0131n mizahla kalbinizi k\u0131rabilmesi olduk\u00e7a istisnai ve g\u00fczel bir \u015fey; ayn\u0131 zamanda bir yazarda en hayran olunas\u0131 \u00f6zelliklerden.\u201d \u2013The New York Times\u201cMartha\u2019n\u0131n keskin dili i\u011fneleyici bi\u00e7imde komik ve ikna edici bi\u00e7imde do\u011frudan; Phoebe Waller-Bridge\u2019in Fleabag&#8217;i ve Ottesa Moshfegh\u2019in \u00e7al\u0131\u015fmalar\u0131yla yap\u0131lan k\u0131yaslamalar yerini buluyor.\u201d \u2013Melbourne Edebiyat Festivali\u201c\u0130nan\u0131lmaz derecede e\u011flenceli, ayn\u0131 zamanda y\u0131k\u0131c\u0131 bir roman&#8230; Deli fi\u015fek bir enerjiyle sarmalanm\u0131\u015f, fakat bunun yan\u0131nda duyarl\u0131 olmay\u0131 da ba\u015far\u0131yor; de\u011fi\u015fmeye ve hatalar\u0131 telafi etmeye \u00e7al\u0131\u015fman\u0131n incelikli bir portresini sunuyor.\u201d \u2013Guardian<\/p>\n","protected":false},"excerpt":{"rendered":"<p>Martha, onu her \u015feyden \u00e7ok seven bir e\u015fe, g\u00fczel bir eve ve g\u00f6z\u00fcn\u00fcn i\u00e7ine bakan aile \u00fcyelerine sahiptir; \u00f6yle ki annesine g\u00f6re bu, nadiren elde edilebilecek<span class=\"excerpt-hellip\"> [\u2026]<\/span><\/p>\n","protected":false},"featured_media":0,"template":"","meta":{"_monsterinsights_skip_tracking":false,"_monsterinsights_sitenote_active":false,"_monsterinsights_sitenote_note":"","_monsterinsights_sitenote_category":0},"product_brand":[],"product_cat":[12291,12711],"product_tag":[],"class_list":{"0":"post-750897","1":"product","2":"type-product","3":"status-publish","5":"product_cat-edebiyat","6":"product_cat-roman-oyku","7":"pa_cilt-ciltsiz","8":"pa_tur-kitap","9":"pa_yayinevi-timas-yayinlari","10":"pa_yazar-meg-mason","12":"first","13":"instock","14":"sale","15":"shipping-taxable","16":"purchasable","17":"product-type-simple"},"_links":{"self":[{"href":"https:\/\/roveyayinevi.com.tr\/index.php\/wp-json\/wp\/v2\/product\/750897","targetHints":{"allow":["GET"]}}],"collection":[{"href":"https:\/\/roveyayinevi.com.tr\/index.php\/wp-json\/wp\/v2\/product"}],"about":[{"href":"https:\/\/roveyayinevi.com.tr\/index.php\/wp-json\/wp\/v2\/types\/product"}],"wp:attachment":[{"href":"https:\/\/roveyayinevi.com.tr\/index.php\/wp-json\/wp\/v2\/media?parent=750897"}],"wp:term":[{"taxonomy":"product_brand","embeddable":true,"href":"https:\/\/roveyayinevi.com.tr\/index.php\/wp-json\/wp\/v2\/product_brand?post=750897"},{"taxonomy":"product_cat","embeddable":true,"href":"https:\/\/roveyayinevi.com.tr\/index.php\/wp-json\/wp\/v2\/product_cat?post=750897"},{"taxonomy":"product_tag","embeddable":true,"href":"https:\/\/roveyayinevi.com.tr\/index.php\/wp-json\/wp\/v2\/product_tag?post=750897"}],"curies":[{"name":"wp","href":"https:\/\/api.w.org\/{rel}","templated":true}]}}