{"id":750894,"date":"2025-08-28T04:33:30","date_gmt":"2025-08-28T01:33:30","guid":{"rendered":"https:\/\/roveyayinevi.com.tr\/index.php\/urun\/amcami-almasak-begonvil-kaca-olur\/"},"modified":"2026-04-16T03:04:03","modified_gmt":"2026-04-16T00:04:03","slug":"amcami-almasak-begonvil-kaca-olur","status":"publish","type":"product","link":"https:\/\/roveyayinevi.com.tr\/index.php\/urun\/amcami-almasak-begonvil-kaca-olur\/","title":{"rendered":"Amcam\u0131 Almasak Begonvil Ka\u00e7a Olur?"},"content":{"rendered":"<p>Biliyorum, yapamamam\u0131z i\u00e7in pek \u00e7ok neden var. Bu nedenlerden baz\u0131lar\u0131 da her zaman ge\u00e7erli ve mant\u0131kl\u0131 ama hayat sadece k\u0131sa de\u011fil, ayn\u0131 zamanda bazen \u00e7ok zor. Nedenlerimiz sadece birer bahane, buna uyan\u0131n. Hayat k\u0131sa! Ve \u015fimdi t\u00fcm g\u00fcc\u00fcn\u00fcz ve tutkunuzla ya\u015famal\u0131s\u0131n\u0131z. Cesur olun. Ko\u015fullar\u0131n\u0131z, sahip oldu\u011funuz ne olursa olsun, tek \u015fey cesurca harekete ge\u00e7mek. Erteleme. Ya\u015fa.   ***   Can Y\u0131lmaz, \u201cKafa\u2019da Kalmas\u0131n\u201d demeye \u201cAmcam\u0131 Almasak Begonvil Ka\u00e7a Olur?\u201d ile devam ediyor\u2026 <\/p>\n","protected":false},"excerpt":{"rendered":"<p>Biliyorum, yapamamam\u0131z i\u00e7in pek \u00e7ok neden var. Bu nedenlerden baz\u0131lar\u0131 da her zaman ge\u00e7erli ve mant\u0131kl\u0131 ama hayat sadece k\u0131sa de\u011fil, ayn\u0131 zamanda bazen \u00e7ok zor.<span class=\"excerpt-hellip\"> [\u2026]<\/span><\/p>\n","protected":false},"featured_media":0,"template":"","meta":{"_monsterinsights_skip_tracking":false,"_monsterinsights_sitenote_active":false,"_monsterinsights_sitenote_note":"","_monsterinsights_sitenote_category":0},"product_brand":[],"product_cat":[12291,18202],"product_tag":[],"class_list":{"0":"post-750894","1":"product","2":"type-product","3":"status-publish","5":"product_cat-edebiyat","6":"product_cat-hikaye","7":"pa_cilt-ciltsiz","8":"pa_tur-kitap","9":"pa_yayinevi-inkilap-kitabevi","10":"pa_yazar-can-yilmaz","12":"first","13":"instock","14":"sale","15":"shipping-taxable","16":"purchasable","17":"product-type-simple"},"_links":{"self":[{"href":"https:\/\/roveyayinevi.com.tr\/index.php\/wp-json\/wp\/v2\/product\/750894","targetHints":{"allow":["GET"]}}],"collection":[{"href":"https:\/\/roveyayinevi.com.tr\/index.php\/wp-json\/wp\/v2\/product"}],"about":[{"href":"https:\/\/roveyayinevi.com.tr\/index.php\/wp-json\/wp\/v2\/types\/product"}],"wp:attachment":[{"href":"https:\/\/roveyayinevi.com.tr\/index.php\/wp-json\/wp\/v2\/media?parent=750894"}],"wp:term":[{"taxonomy":"product_brand","embeddable":true,"href":"https:\/\/roveyayinevi.com.tr\/index.php\/wp-json\/wp\/v2\/product_brand?post=750894"},{"taxonomy":"product_cat","embeddable":true,"href":"https:\/\/roveyayinevi.com.tr\/index.php\/wp-json\/wp\/v2\/product_cat?post=750894"},{"taxonomy":"product_tag","embeddable":true,"href":"https:\/\/roveyayinevi.com.tr\/index.php\/wp-json\/wp\/v2\/product_tag?post=750894"}],"curies":[{"name":"wp","href":"https:\/\/api.w.org\/{rel}","templated":true}]}}