{"id":750891,"date":"2025-08-28T04:33:25","date_gmt":"2025-08-28T01:33:25","guid":{"rendered":"https:\/\/roveyayinevi.com.tr\/index.php\/urun\/zaman-zemin-zuhur\/"},"modified":"2026-04-16T03:04:03","modified_gmt":"2026-04-16T00:04:03","slug":"zaman-zemin-zuhur","status":"publish","type":"product","link":"https:\/\/roveyayinevi.com.tr\/index.php\/urun\/zaman-zemin-zuhur\/","title":{"rendered":"Zaman \/ Zemin \/ Zuhur"},"content":{"rendered":"<p>Ge\u00e7mi\u015f\u2019in izleri, \u015fimdi\u2019nin h\u0131zla akan zamansall\u0131\u011f\u0131 ve gelece\u011fi tahayy\u00fcl bi\u00e7imleri sanatta, \u00f6zellikle de tiyatro sanat\u0131nda yap\u0131ta nas\u0131l ve ne \u00f6l\u00e7\u00fcde yans\u0131yor? Unutmaya ve hat\u0131rlamaya dair pratikler bizde ve Bat\u0131\u2019da nas\u0131l farkl\u0131la\u015f\u0131yor? \u201cUnutu\u015fun kolay \u00fclkesinde\u201d ya\u015fayan bizler, ge\u00e7mi\u015fi yok saymaya meylettik\u00e7e icra etti\u011fimiz herhangi bir sanat dal\u0131nda sadece bug\u00fcne \u00e7a\u011f\u0131rabildi\u011fimiz ge\u00e7mi\u015f temsillerine tutunuyor, haf\u0131za k\u0131r\u0131nt\u0131lar\u0131m\u0131zla ona yepyeni bir beden \u015fekillendiriyoruz. \u0130\u015fte bu yeni bedeni, zaten bir t\u00fcr temsil yoluyla i\u015fleyen tiyatro sahnesine \u00e7\u0131kard\u0131\u011f\u0131m\u0131zda, hakikatten fazlas\u0131yla uzak bir ge\u00e7mi\u015f imgesiyle kendimizi yan\u0131lt\u0131yor olabilir miyiz?   Zaman\/Zemin\/Zuhur\u2019da Beliz G\u00fc\u00e7bilmez i\u015fte tam da b\u00f6yle bir merakla, Osmanl\u0131\u2019dan k\u00f6klenen, Tanzimat\u2019la birlikte ge\u00e7mi\u015finden kopmaya niyetli \u00fcstelik Bat\u0131 tiyatrosuna \u00f6yk\u00fcnen ger\u00e7ek\u00e7ili\u011fiyle, yeni kurulan cumhuriyetin g\u00f6lgesinde filizlenen T\u00fcrk tiyatrosunun bebek ad\u0131mlar\u0131n\u0131n pe\u015fine d\u00fc\u015f\u00fcyor. G\u00fc\u00e7bilmez kitab\u0131nda Antik Yunan\u2019dan beri s\u00fcregelen Bat\u0131l\u0131 tiyatro gelene\u011fine \u00f6zenen T\u00fcrk tiyatrosunun \u00e7ocuklu\u011funu ve bir nevi ergenlik sanc\u0131lar\u0131n\u0131 d\u0131\u015far\u0131dan, son derece detayc\u0131 ama bir o kadar da anlay\u0131\u015fl\u0131 bir bak\u0131\u015f a\u00e7\u0131s\u0131yla analiz ediyor.   Ge\u00e7mi\u015finden ka\u00e7an toplum, o ge\u00e7mi\u015fi yok sayman\u0131n yolunu bulmu\u015f, tiyatrosunda, \u00fcstelik de ger\u00e7e\u011fi temsil etmeyi vaat eden \u201cger\u00e7ek\u00e7i\u201d tiyatrosunda ge\u00e7mi\u015fle hi\u00e7 ilgilenmemi\u015f, yekpare bir an\u2019da, dondurulmu\u015f bir zaman\u2019da ve salt bir \u201csat\u0131h\u201da d\u00f6n\u00fc\u015fm\u00fc\u015f zemininde, kendini, ans\u0131z\u0131n zuhur eden hik\u00e2yelere tutturmu\u015ftur. \u00d6yleyse ger\u00e7ek\u00e7i T\u00fcrk tiyatrosu kendini derinliksiz, iki boyutlu bir sat\u0131h olarak kurduk\u00e7a, anlatt\u0131\u011f\u0131 hik\u00e2yeyi ona yakla\u015fmadan, ki\u015filerini canland\u0131rmadan d\u0131\u015fardan anlatt\u0131k\u00e7a, sadece g\u00f6r\u00fcn\u00fcm\u00fc, sath\u0131 ya da d\u0131\u015f\u0131yla ilgilenen bir z\u00e2hirperest\u2019e d\u00f6n\u00fc\u015fm\u00fc\u015f; Araba Sevdas\u0131\u2019n\u0131n z\u00fcppesi Bihruz\u2019un ruhunu hi\u00e7 durmadan \u015f\u00e2d etmi\u015ftir. <\/p>\n","protected":false},"excerpt":{"rendered":"<p>Ge\u00e7mi\u015f\u2019in izleri, \u015fimdi\u2019nin h\u0131zla akan zamansall\u0131\u011f\u0131 ve gelece\u011fi tahayy\u00fcl bi\u00e7imleri sanatta, \u00f6zellikle de tiyatro sanat\u0131nda yap\u0131ta nas\u0131l ve ne \u00f6l\u00e7\u00fcde yans\u0131yor? Unutmaya ve hat\u0131rlamaya dair pratikler<span class=\"excerpt-hellip\"> [\u2026]<\/span><\/p>\n","protected":false},"featured_media":0,"template":"","meta":{"_monsterinsights_skip_tracking":false,"_monsterinsights_sitenote_active":false,"_monsterinsights_sitenote_note":"","_monsterinsights_sitenote_category":0},"product_brand":[],"product_cat":[12408,14197],"product_tag":[],"class_list":{"0":"post-750891","1":"product","2":"type-product","3":"status-publish","5":"product_cat-sanat","6":"product_cat-sanat-tarihi","7":"pa_cilt-ciltsiz","8":"pa_tur-kitap","9":"pa_yayinevi-kolektif-kitap","10":"pa_yazar-beliz-gucbilmez","12":"first","13":"instock","14":"sale","15":"shipping-taxable","16":"purchasable","17":"product-type-simple"},"_links":{"self":[{"href":"https:\/\/roveyayinevi.com.tr\/index.php\/wp-json\/wp\/v2\/product\/750891","targetHints":{"allow":["GET"]}}],"collection":[{"href":"https:\/\/roveyayinevi.com.tr\/index.php\/wp-json\/wp\/v2\/product"}],"about":[{"href":"https:\/\/roveyayinevi.com.tr\/index.php\/wp-json\/wp\/v2\/types\/product"}],"wp:attachment":[{"href":"https:\/\/roveyayinevi.com.tr\/index.php\/wp-json\/wp\/v2\/media?parent=750891"}],"wp:term":[{"taxonomy":"product_brand","embeddable":true,"href":"https:\/\/roveyayinevi.com.tr\/index.php\/wp-json\/wp\/v2\/product_brand?post=750891"},{"taxonomy":"product_cat","embeddable":true,"href":"https:\/\/roveyayinevi.com.tr\/index.php\/wp-json\/wp\/v2\/product_cat?post=750891"},{"taxonomy":"product_tag","embeddable":true,"href":"https:\/\/roveyayinevi.com.tr\/index.php\/wp-json\/wp\/v2\/product_tag?post=750891"}],"curies":[{"name":"wp","href":"https:\/\/api.w.org\/{rel}","templated":true}]}}