{"id":750890,"date":"2025-08-28T04:33:23","date_gmt":"2025-08-28T01:33:23","guid":{"rendered":"https:\/\/roveyayinevi.com.tr\/index.php\/urun\/aksi-gibi\/"},"modified":"2026-04-16T03:04:02","modified_gmt":"2026-04-16T00:04:02","slug":"aksi-gibi","status":"publish","type":"product","link":"https:\/\/roveyayinevi.com.tr\/index.php\/urun\/aksi-gibi\/","title":{"rendered":"Aksi Gibi"},"content":{"rendered":"<p>\u00d6yk\u00fclerinden birinin kahraman\u0131 gibi sanki P\u0131nar \u00d6\u011f\u00fcn\u00e7\u2019\u00fcn de bir g\u00f6z\u00fc yerinden \u00e7\u0131km\u0131\u015f, sokaklarda tek ba\u015f\u0131na geziniyor. Ger\u00e7e\u011fin i\u00e7indeki ger\u00e7ek\u00fcst\u00fcn\u00fc, g\u00fcndelik olan\u0131 saran politik \u00f6rt\u00fcy\u00fc, zaman\u0131n ruhunu a\u00e7\u0131k eden anlar\u0131 biriktiriyor. Yal\u0131n ve s\u00fcr\u00fckleyici, hem sakin hem \u00f6fkeli, bazen de muzip bir dille s\u0131radan g\u00f6r\u00fcnenin derinlerine \u00e7a\u011f\u0131r\u0131yor.   Aksi Gibi, edebiyatla zenginle\u015ftirdi\u011fi gazetecili\u011finden tan\u0131d\u0131\u011f\u0131m\u0131z \u00d6\u011f\u00fcn\u00e7\u2019\u00fcn \u00f6yk\u00fc okuruyla tan\u0131\u015ft\u0131\u011f\u0131, devam\u0131 y\u0131llar i\u00e7inde gelecek bulu\u015fmalar\u0131n ilki.   \u201cKibrinizi tan\u0131yorum. Kendinizi m\u00fchim, ince ve derin g\u00f6stermek i\u00e7in yapt\u0131\u011f\u0131n\u0131z numaralar\u0131, d\u0131\u015f\u0131 cilalanm\u0131\u015f h\u0131rs\u0131n kan\u0131n\u0131za nas\u0131l zehir gibi kar\u0131\u015ft\u0131\u011f\u0131n\u0131, \u00fcst kat g\u00f6mme dolaplar\u0131nda gizlediklerinizi biliyorum. Biliyorum ama \u00e7a\u011f\u0131rd\u0131\u011f\u0131n\u0131z apartman toplant\u0131lar\u0131nda bunu hissettiremiyorum size. Aksi gibi bu g\u00f6r\u00fcnmezlik, bu \u00f6fke evden \u00e7\u0131k\u0131nca da omurgama yap\u0131\u015f\u0131yor. Teklifsiz sen dedi\u011finiz odalarda, y\u00fcr\u00fcrken yol vermedi\u011finiz sokaklarda, sesimi manas\u0131zla\u015ft\u0131rmaya \u00e7al\u0131\u015ft\u0131\u011f\u0131n\u0131z gezegenin \u00fcst katlar\u0131nda size istedi\u011fim gibi direnemiyorum. Can\u0131m\u0131 s\u0131k\u0131yorsunuz. \u015eunu unutmay\u0131n. Bu apartman\u0131n temeline en yak\u0131n olan benim, bu i\u015fin de ancak dinamitle \u00e7\u00f6z\u00fclebilece\u011fini biliyorum. Say\u0131n D1 Blok sakinleri, \u015fimdilik kap\u0131lar\u0131n\u0131z\u0131n alt\u0131ndan bu metni at\u0131yor, sizi uyar\u0131yorum.\u201d <\/p>\n","protected":false},"excerpt":{"rendered":"<p>\u00d6yk\u00fclerinden birinin kahraman\u0131 gibi sanki P\u0131nar \u00d6\u011f\u00fcn\u00e7\u2019\u00fcn de bir g\u00f6z\u00fc yerinden \u00e7\u0131km\u0131\u015f, sokaklarda tek ba\u015f\u0131na geziniyor. Ger\u00e7e\u011fin i\u00e7indeki ger\u00e7ek\u00fcst\u00fcn\u00fc, g\u00fcndelik olan\u0131 saran politik \u00f6rt\u00fcy\u00fc, zaman\u0131n ruhunu<span class=\"excerpt-hellip\"> [\u2026]<\/span><\/p>\n","protected":false},"featured_media":0,"template":"","meta":{"_monsterinsights_skip_tracking":false,"_monsterinsights_sitenote_active":false,"_monsterinsights_sitenote_note":"","_monsterinsights_sitenote_category":0},"product_brand":[],"product_cat":[12291,18202],"product_tag":[],"class_list":{"0":"post-750890","1":"product","2":"type-product","3":"status-publish","5":"product_cat-edebiyat","6":"product_cat-hikaye","7":"pa_cilt-ciltsiz","8":"pa_tur-kitap","9":"pa_yayinevi-kolektif-kitap","10":"pa_yazar-pinar-ogunc","12":"first","13":"instock","14":"sale","15":"shipping-taxable","16":"purchasable","17":"product-type-simple"},"_links":{"self":[{"href":"https:\/\/roveyayinevi.com.tr\/index.php\/wp-json\/wp\/v2\/product\/750890","targetHints":{"allow":["GET"]}}],"collection":[{"href":"https:\/\/roveyayinevi.com.tr\/index.php\/wp-json\/wp\/v2\/product"}],"about":[{"href":"https:\/\/roveyayinevi.com.tr\/index.php\/wp-json\/wp\/v2\/types\/product"}],"wp:attachment":[{"href":"https:\/\/roveyayinevi.com.tr\/index.php\/wp-json\/wp\/v2\/media?parent=750890"}],"wp:term":[{"taxonomy":"product_brand","embeddable":true,"href":"https:\/\/roveyayinevi.com.tr\/index.php\/wp-json\/wp\/v2\/product_brand?post=750890"},{"taxonomy":"product_cat","embeddable":true,"href":"https:\/\/roveyayinevi.com.tr\/index.php\/wp-json\/wp\/v2\/product_cat?post=750890"},{"taxonomy":"product_tag","embeddable":true,"href":"https:\/\/roveyayinevi.com.tr\/index.php\/wp-json\/wp\/v2\/product_tag?post=750890"}],"curies":[{"name":"wp","href":"https:\/\/api.w.org\/{rel}","templated":true}]}}