{"id":750887,"date":"2025-08-28T04:33:18","date_gmt":"2025-08-28T01:33:18","guid":{"rendered":"https:\/\/roveyayinevi.com.tr\/index.php\/urun\/yasam-bilgisi\/"},"modified":"2026-04-16T03:04:02","modified_gmt":"2026-04-16T00:04:02","slug":"yasam-bilgisi","status":"publish","type":"product","link":"https:\/\/roveyayinevi.com.tr\/index.php\/urun\/yasam-bilgisi\/","title":{"rendered":"Ya\u015fam Bilgisi"},"content":{"rendered":"<p>Biyoloji ve modern t\u0131ptaki d\u00f6n\u00fc\u015f\u00fcmler ya\u015fam kavray\u0131\u015flar\u0131m\u0131z\u0131 nas\u0131l \u015fekillendirdi? Felsefi kavramlar ve bak\u0131\u015f a\u00e7\u0131lar\u0131 biyolojik fikirleri ve deney \u00e7al\u0131\u015fmalar\u0131n\u0131 nas\u0131l etkiledi? Birbirine \u00e7ok uzak disiplinler olarak tasavvur edilen felsefe ve t\u0131p\/biyoloji aras\u0131ndaki etkile\u015fimler nas\u0131l ger\u00e7ekle\u015fti?   Genetik devrimin \u015fafa\u011f\u0131nda yay\u0131nlanan Ya\u015fam Bilgisi, h\u00fccre teorisinin tarihini, organizmaya dair mekanik anlay\u0131\u015flara yak\u0131nla\u015fmam\u0131z\u0131 ve uzakla\u015fmam\u0131z\u0131, bilim ve nesnelerindeki normalli\u011fin do\u011fas\u0131n\u0131 ve hatta canavarlar\u0131 ele alarak bu sorulara kendi \u00f6zg\u00fcnl\u00fc\u011f\u00fcyle cevap veriyor.   Michel Foucault, Fran\u00e7ois Jacob, Louis Althusser ve Pierre Bourdieu gibi d\u00fc\u015f\u00fcn\u00fcrlerin \u00e7al\u0131\u015fmalar\u0131ndaki izlerinden anlad\u0131\u011f\u0131m\u0131z kadar\u0131yla Georges Canguilhem, hem Frans\u0131z felsefesi hem de bilim felsefesi \u00fczerinde muazzam bir etki b\u0131rakm\u0131\u015ft\u0131r. Yirmi y\u0131ll\u0131k bir \u00e7al\u0131\u015fman\u0131n \u00fcr\u00fcn\u00fc olan bu eser, modern biyolojinin do\u011fu\u015fundan ge\u00e7en y\u00fczy\u0131l\u0131n ortas\u0131na kadar meydana \u00e7\u0131kan felsefi mu\u011flakl\u0131klar\u0131 ve sorunlar\u0131 i\u015fleyerek epistemolojik bir tarihsel analiz de sunmaktad\u0131r. <\/p>\n","protected":false},"excerpt":{"rendered":"<p>Biyoloji ve modern t\u0131ptaki d\u00f6n\u00fc\u015f\u00fcmler ya\u015fam kavray\u0131\u015flar\u0131m\u0131z\u0131 nas\u0131l \u015fekillendirdi? Felsefi kavramlar ve bak\u0131\u015f a\u00e7\u0131lar\u0131 biyolojik fikirleri ve deney \u00e7al\u0131\u015fmalar\u0131n\u0131 nas\u0131l etkiledi? Birbirine \u00e7ok uzak disiplinler olarak<span class=\"excerpt-hellip\"> [\u2026]<\/span><\/p>\n","protected":false},"featured_media":0,"template":"","meta":{"_monsterinsights_skip_tracking":false,"_monsterinsights_sitenote_active":false,"_monsterinsights_sitenote_note":"","_monsterinsights_sitenote_category":0},"product_brand":[],"product_cat":[13005,15998],"product_tag":[],"class_list":{"0":"post-750887","1":"product","2":"type-product","3":"status-publish","5":"product_cat-bilim-muhendislik","6":"product_cat-bilim-tarihi","7":"pa_cilt-ciltsiz","8":"pa_tur-kitap","9":"pa_yayinevi-kolektif-kitap","10":"pa_yazar-georges-canguilhem","12":"first","13":"instock","14":"sale","15":"shipping-taxable","16":"purchasable","17":"product-type-simple"},"_links":{"self":[{"href":"https:\/\/roveyayinevi.com.tr\/index.php\/wp-json\/wp\/v2\/product\/750887","targetHints":{"allow":["GET"]}}],"collection":[{"href":"https:\/\/roveyayinevi.com.tr\/index.php\/wp-json\/wp\/v2\/product"}],"about":[{"href":"https:\/\/roveyayinevi.com.tr\/index.php\/wp-json\/wp\/v2\/types\/product"}],"wp:attachment":[{"href":"https:\/\/roveyayinevi.com.tr\/index.php\/wp-json\/wp\/v2\/media?parent=750887"}],"wp:term":[{"taxonomy":"product_brand","embeddable":true,"href":"https:\/\/roveyayinevi.com.tr\/index.php\/wp-json\/wp\/v2\/product_brand?post=750887"},{"taxonomy":"product_cat","embeddable":true,"href":"https:\/\/roveyayinevi.com.tr\/index.php\/wp-json\/wp\/v2\/product_cat?post=750887"},{"taxonomy":"product_tag","embeddable":true,"href":"https:\/\/roveyayinevi.com.tr\/index.php\/wp-json\/wp\/v2\/product_tag?post=750887"}],"curies":[{"name":"wp","href":"https:\/\/api.w.org\/{rel}","templated":true}]}}