{"id":750886,"date":"2025-08-28T04:33:17","date_gmt":"2025-08-28T01:33:17","guid":{"rendered":"https:\/\/roveyayinevi.com.tr\/index.php\/urun\/nur-huzmesi\/"},"modified":"2026-04-16T03:04:02","modified_gmt":"2026-04-16T00:04:02","slug":"nur-huzmesi","status":"publish","type":"product","link":"https:\/\/roveyayinevi.com.tr\/index.php\/urun\/nur-huzmesi\/","title":{"rendered":"Nur H\u00fczmesi"},"content":{"rendered":"<p>Elhamd\u00fclillahi Rabbi\u2019l-\u00e2lem\u00een. Vessal\u00e2t\u00fc vessel\u00e2m\u00fc al\u00e2 seyyidin\u00e2 Muhammedin ve al\u00e2 \u00e2lih\u00ee ve sahbih\u00ee ve sellim.   \u0130nsan, \u2018\u2019ruhlar \u00e2leminden, ana rahminden, d\u00fcnyadan, kabirden, ha\u015firden, s\u0131rattan\u2019\u2019 ge\u00e7en anlaml\u0131 bir yolun yolcusudur. Onun emel ve arzular\u0131n\u0131n, elem ve belalar\u0131n\u0131n dairesi, \u2018\u2019hayalinin ula\u015ft\u0131\u011f\u0131 yerlere\u2019\u2019 dek uzan\u0131rken bunlar\u0131 kar\u015f\u0131layabilecek g\u00fc\u00e7 ve iktidar\u0131n\u0131n dairesi ise elinin yeti\u015fti\u011fi yere kadard\u0131r.   \u0130nsan, \u2018\u2019iman, ilim ve duayla\u2019\u2019 tekemm\u00fcl ve terakki i\u00e7in bu d\u00fcnyada vard\u0131r. \u2018\u2019Nur H\u00fczmesi\u2019\u2019, insan\u0131n bu mukaddes yolculu\u011fu ve tekemm\u00fcl\u00fc \u00e7izgisinde ona \u2018\u2019iyilik, g\u00fczellik ve hay\u0131rdan\u2019\u2019 bir demet sunabilmi\u015fse mutluluk duyar\u0131z.   Eser, son iki-\u00fc\u00e7 y\u0131l i\u00e7inde farkl\u0131 zamanlarda kaleme al\u0131nm\u0131\u015f birbirinden ba\u011f\u0131ms\u0131z konulardan olu\u015fuyor.   Eserin haz\u0131rlanmas\u0131nda eme\u011fi ge\u00e7en herkese; g\u00f6r\u00fc\u015f ve tavsiyelerini ald\u0131\u011f\u0131m ve bu s\u00fcre\u00e7te beni destekleyen t\u00fcm dostlar\u0131ma te\u015fekk\u00fcr ederim.   Kitab\u0131n Hak kat\u0131nda makbul, okuyucu i\u00e7in istifadeli olmas\u0131n\u0131 dilerim. Ali VEFALI <\/p>\n","protected":false},"excerpt":{"rendered":"<p>Elhamd\u00fclillahi Rabbi\u2019l-\u00e2lem\u00een. Vessal\u00e2t\u00fc vessel\u00e2m\u00fc al\u00e2 seyyidin\u00e2 Muhammedin ve al\u00e2 \u00e2lih\u00ee ve sahbih\u00ee ve sellim. \u0130nsan, \u2018\u2019ruhlar \u00e2leminden, ana rahminden, d\u00fcnyadan, kabirden, ha\u015firden, s\u0131rattan\u2019\u2019 ge\u00e7en anlaml\u0131 bir<span class=\"excerpt-hellip\"> [\u2026]<\/span><\/p>\n","protected":false},"featured_media":0,"template":"","meta":{"_monsterinsights_skip_tracking":false,"_monsterinsights_sitenote_active":false,"_monsterinsights_sitenote_note":"","_monsterinsights_sitenote_category":0},"product_brand":[],"product_cat":[12718,12719],"product_tag":[],"class_list":{"0":"post-750886","1":"product","2":"type-product","3":"status-publish","5":"product_cat-din","6":"product_cat-islam","7":"pa_cilt-ciltsiz","8":"pa_tur-kitap","9":"pa_yayinevi-gulnar-yayinlari","10":"pa_yazar-ali-vefali","12":"first","13":"instock","14":"sale","15":"shipping-taxable","16":"purchasable","17":"product-type-simple"},"_links":{"self":[{"href":"https:\/\/roveyayinevi.com.tr\/index.php\/wp-json\/wp\/v2\/product\/750886","targetHints":{"allow":["GET"]}}],"collection":[{"href":"https:\/\/roveyayinevi.com.tr\/index.php\/wp-json\/wp\/v2\/product"}],"about":[{"href":"https:\/\/roveyayinevi.com.tr\/index.php\/wp-json\/wp\/v2\/types\/product"}],"wp:attachment":[{"href":"https:\/\/roveyayinevi.com.tr\/index.php\/wp-json\/wp\/v2\/media?parent=750886"}],"wp:term":[{"taxonomy":"product_brand","embeddable":true,"href":"https:\/\/roveyayinevi.com.tr\/index.php\/wp-json\/wp\/v2\/product_brand?post=750886"},{"taxonomy":"product_cat","embeddable":true,"href":"https:\/\/roveyayinevi.com.tr\/index.php\/wp-json\/wp\/v2\/product_cat?post=750886"},{"taxonomy":"product_tag","embeddable":true,"href":"https:\/\/roveyayinevi.com.tr\/index.php\/wp-json\/wp\/v2\/product_tag?post=750886"}],"curies":[{"name":"wp","href":"https:\/\/api.w.org\/{rel}","templated":true}]}}