{"id":750883,"date":"2025-08-28T04:33:12","date_gmt":"2025-08-28T01:33:12","guid":{"rendered":"https:\/\/roveyayinevi.com.tr\/index.php\/urun\/mutsuzlugun-kokenleri\/"},"modified":"2026-04-16T03:04:02","modified_gmt":"2026-04-16T00:04:02","slug":"mutsuzlugun-kokenleri","status":"publish","type":"product","link":"https:\/\/roveyayinevi.com.tr\/index.php\/urun\/mutsuzlugun-kokenleri\/","title":{"rendered":"Mutsuzlu\u011fun K\u00f6kenleri"},"content":{"rendered":"<p>Smail, Mutsuzlu\u011fun K\u00f6kenleri\u2019nde s\u0131n\u0131fsal bariyerlerin a\u015f\u0131lamazl\u0131\u011f\u0131n\u0131 izaha giri\u015fiyor. Do\u011fumdan itibaren kendilerini yetersiz g\u00f6rmesi tembihlenmi\u015f insanlar i\u00e7in para ve itibar kazanmak, hayatlar\u0131n\u0131n ilk a\u015famalar\u0131nda kazand\u0131klar\u0131 (kendilerinin ya da ba\u015fkalar\u0131n\u0131n g\u00f6z\u00fcndeki) bu ilkel de\u011fersizlik hissini nadiren giderebiliyor. \u201cAit oldu\u011fu\u201d sosyal \u00e7evrenin d\u0131\u015f\u0131na \u00e7\u0131kan biri daima korku ve pani\u011fe bo\u011fulma tehlikesiyle ya\u015f\u0131yor: \u201cYal\u0131t\u0131lm\u0131\u015f, kopar\u0131lm\u0131\u015f, d\u00fc\u015fmanca bir alanla \u00e7evrilmi\u015f bi\u00e7imde, birden ba\u011flant\u0131s\u0131z, istikrars\u0131z, sizi dik veya sabit tutacak her \u015feyden yoksun kal\u0131rs\u0131n\u0131z; ba\u015f d\u00f6nd\u00fcr\u00fcc\u00fc, mide buland\u0131r\u0131c\u0131 bir ger\u00e7ekd\u0131\u015f\u0131l\u0131k sizi ele ge\u00e7irir; tam bir kimlik kayb\u0131, mutlak bir sahtekarl\u0131k duygusu ile tehdit edilirsiniz; \u015fu anda, burada olmaya, bu bedende ya\u015famaya, bu \u015fekilde giyinmeye hakk\u0131n\u0131z yoktur; siz bir hi\u00e7sinizdir ve \u2018hi\u00e7\u2019 kelimenin tam anlam\u0131yla d\u00f6n\u00fc\u015fmek \u00fczere oldu\u011funuz \u015feydir.\u201d \u2013 Mark Fisher, Kapitalist Ger\u00e7ek\u00e7ilik\u2019in yazar\u0131 Psikoloji d\u00fcnyas\u0131nda al\u0131\u015f\u0131k olunanlar d\u0131\u015f\u0131nda bir bak\u0131\u015f a\u00e7\u0131s\u0131yla, insanlar\u0131n mutsuzluklar\u0131n\u0131n temelinde yatan sebepleri ortaya koyan David Smail, bu eserinde psikoterapinin yan\u0131lg\u0131lar\u0131n\u0131 ve insana dair daha ger\u00e7ek\u00e7i bir anlay\u0131\u015fa ula\u015fman\u0131n yollar\u0131n\u0131 inceliyor. \u0130\u00e7inde ya\u015fad\u0131\u011f\u0131m\u0131z \u00e7a\u011f\u0131n getirdi\u011fi bask\u0131lar ve mutsuzluklar\u0131n ard\u0131nda yatan g\u00fc\u00e7 ili\u015fkileri ve toplumsal etkileri g\u00f6zler \u00f6n\u00fcne seriyor ve bu \u00e7\u0131\u011f gibi b\u00fcy\u00fcyen mutsuzluk dalgas\u0131n\u0131n anlam\u0131n\u0131 kavramaya \u00e7al\u0131\u015fan okuyuculara ve profesyonellere yeni bir i\u015faret ate\u015fi yak\u0131yor. <\/p>\n","protected":false},"excerpt":{"rendered":"<p>Smail, Mutsuzlu\u011fun K\u00f6kenleri\u2019nde s\u0131n\u0131fsal bariyerlerin a\u015f\u0131lamazl\u0131\u011f\u0131n\u0131 izaha giri\u015fiyor. Do\u011fumdan itibaren kendilerini yetersiz g\u00f6rmesi tembihlenmi\u015f insanlar i\u00e7in para ve itibar kazanmak, hayatlar\u0131n\u0131n ilk a\u015famalar\u0131nda kazand\u0131klar\u0131 (kendilerinin ya<span class=\"excerpt-hellip\"> [\u2026]<\/span><\/p>\n","protected":false},"featured_media":0,"template":"","meta":{"_monsterinsights_skip_tracking":false,"_monsterinsights_sitenote_active":false,"_monsterinsights_sitenote_note":"","_monsterinsights_sitenote_category":0},"product_brand":[],"product_cat":[12357],"product_tag":[],"class_list":{"0":"post-750883","1":"product","2":"type-product","3":"status-publish","5":"product_cat-psikoloji","6":"pa_cilt-ciltsiz","7":"pa_tur-kitap","8":"pa_yayinevi-okuyan-us-yayin","9":"pa_yazar-david-smail","11":"first","12":"instock","13":"sale","14":"shipping-taxable","15":"purchasable","16":"product-type-simple"},"_links":{"self":[{"href":"https:\/\/roveyayinevi.com.tr\/index.php\/wp-json\/wp\/v2\/product\/750883","targetHints":{"allow":["GET"]}}],"collection":[{"href":"https:\/\/roveyayinevi.com.tr\/index.php\/wp-json\/wp\/v2\/product"}],"about":[{"href":"https:\/\/roveyayinevi.com.tr\/index.php\/wp-json\/wp\/v2\/types\/product"}],"wp:attachment":[{"href":"https:\/\/roveyayinevi.com.tr\/index.php\/wp-json\/wp\/v2\/media?parent=750883"}],"wp:term":[{"taxonomy":"product_brand","embeddable":true,"href":"https:\/\/roveyayinevi.com.tr\/index.php\/wp-json\/wp\/v2\/product_brand?post=750883"},{"taxonomy":"product_cat","embeddable":true,"href":"https:\/\/roveyayinevi.com.tr\/index.php\/wp-json\/wp\/v2\/product_cat?post=750883"},{"taxonomy":"product_tag","embeddable":true,"href":"https:\/\/roveyayinevi.com.tr\/index.php\/wp-json\/wp\/v2\/product_tag?post=750883"}],"curies":[{"name":"wp","href":"https:\/\/api.w.org\/{rel}","templated":true}]}}