{"id":750880,"date":"2025-08-28T04:33:07","date_gmt":"2025-08-28T01:33:07","guid":{"rendered":"https:\/\/roveyayinevi.com.tr\/index.php\/urun\/kalp-muhafizi-ciltli\/"},"modified":"2026-04-13T03:09:50","modified_gmt":"2026-04-13T00:09:50","slug":"kalp-muhafizi-ciltli","status":"publish","type":"product","link":"https:\/\/roveyayinevi.com.tr\/index.php\/urun\/kalp-muhafizi-ciltli\/","title":{"rendered":"Kalp Muhaf\u0131z\u0131 (Ciltli)"},"content":{"rendered":"<p>Senin g\u00f6revin kalbimi korumakt\u0131.   HEP\u0130M\u0130Z\u0130N ACILARI VARDI AMA BEN BU ACILARI D\u0130LE GET\u0130REMEYECEK KADAR TUTSAKTIM.   K\u00e2hin g\u00f6zlerini bebekten ay\u0131r\u0131p yere \u00e7evirdi ve ba\u015f\u0131n\u0131 sallad\u0131. \u201cBu o, majesteleri,\u201d dedi. \u201cKehanetin bebe\u011fi. Tac\u0131n sizden sonraki sahibi, krall\u0131\u011f\u0131n tek kurtulu\u015fu ve kalbin ta\u015f\u0131y\u0131c\u0131s\u0131.\u201d   Prenses Sara\u2019n\u0131n kaderi, o do\u011fmadan \u00f6nce bile herkes taraf\u0131ndan biliniyordu. O, kehanetin bebe\u011fi ve kalbin sahibiydi; krali\u00e7esi olaca\u011f\u0131 krall\u0131\u011fa bolluk ve bereket getirecekti. Kehaneti \u00f6\u011frenen krall\u0131klar Sara\u2019n\u0131n pe\u015fine d\u00fc\u015f\u00fcnce sava\u015f ka\u00e7\u0131n\u0131lmaz hale geldi. Art\u0131k yap\u0131lacak tek \u015fey vard\u0131: Kalbin sahibi Sara, babas\u0131n\u0131n yedi muhaf\u0131z\u0131yla yola \u00e7\u0131kacak, saraydan olabildi\u011fince uzaklara gidecekti&#8230; Bu yolculuk kral\u0131n en g\u00fc\u00e7l\u00fc muhaf\u0131z\u0131 Hazar ve Prenses Sara\u2019y\u0131 \u00f6yle bir noktada ba\u011flayacakt\u0131 ki kader bu ba\u011fa \u00e7\u00f6z\u00fclemeyecek bir d\u00fc\u011f\u00fcm atacakt\u0131.   Hazar&#8230; Kalbimin koruyucusu, vazge\u00e7ilmezi ve en b\u00fcy\u00fck d\u00fc\u015fman\u0131&#8230; Beni korudu\u011fu hi\u00e7bir k\u00f6t\u00fc, kalbimi onun kadar k\u0131rmad\u0131. <\/p>\n","protected":false},"excerpt":{"rendered":"<p>Senin g\u00f6revin kalbimi korumakt\u0131. HEP\u0130M\u0130Z\u0130N ACILARI VARDI AMA BEN BU ACILARI D\u0130LE GET\u0130REMEYECEK KADAR TUTSAKTIM. K\u00e2hin g\u00f6zlerini bebekten ay\u0131r\u0131p yere \u00e7evirdi ve ba\u015f\u0131n\u0131 sallad\u0131. \u201cBu o,<span class=\"excerpt-hellip\"> [\u2026]<\/span><\/p>\n","protected":false},"featured_media":0,"template":"","meta":{"_monsterinsights_skip_tracking":false,"_monsterinsights_sitenote_active":false,"_monsterinsights_sitenote_note":"","_monsterinsights_sitenote_category":0},"product_brand":[],"product_cat":[12291,12711],"product_tag":[],"class_list":{"0":"post-750880","1":"product","2":"type-product","3":"status-publish","5":"product_cat-edebiyat","6":"product_cat-roman-oyku","7":"pa_cilt-ciltli","8":"pa_tur-kitap","9":"pa_yayinevi-indigo-kitap","10":"pa_yazar-beyza-alkoc","12":"first","13":"instock","14":"sale","15":"shipping-taxable","16":"purchasable","17":"product-type-simple"},"_links":{"self":[{"href":"https:\/\/roveyayinevi.com.tr\/index.php\/wp-json\/wp\/v2\/product\/750880","targetHints":{"allow":["GET"]}}],"collection":[{"href":"https:\/\/roveyayinevi.com.tr\/index.php\/wp-json\/wp\/v2\/product"}],"about":[{"href":"https:\/\/roveyayinevi.com.tr\/index.php\/wp-json\/wp\/v2\/types\/product"}],"wp:attachment":[{"href":"https:\/\/roveyayinevi.com.tr\/index.php\/wp-json\/wp\/v2\/media?parent=750880"}],"wp:term":[{"taxonomy":"product_brand","embeddable":true,"href":"https:\/\/roveyayinevi.com.tr\/index.php\/wp-json\/wp\/v2\/product_brand?post=750880"},{"taxonomy":"product_cat","embeddable":true,"href":"https:\/\/roveyayinevi.com.tr\/index.php\/wp-json\/wp\/v2\/product_cat?post=750880"},{"taxonomy":"product_tag","embeddable":true,"href":"https:\/\/roveyayinevi.com.tr\/index.php\/wp-json\/wp\/v2\/product_tag?post=750880"}],"curies":[{"name":"wp","href":"https:\/\/api.w.org\/{rel}","templated":true}]}}