{"id":750876,"date":"2025-08-28T04:33:01","date_gmt":"2025-08-28T01:33:01","guid":{"rendered":"https:\/\/roveyayinevi.com.tr\/index.php\/urun\/glossolalia\/"},"modified":"2026-04-16T03:04:02","modified_gmt":"2026-04-16T00:04:02","slug":"glossolalia","status":"publish","type":"product","link":"https:\/\/roveyayinevi.com.tr\/index.php\/urun\/glossolalia\/","title":{"rendered":"Glossolalia"},"content":{"rendered":"<p>\u00dcnl\u00fc Rus \u015fair, romanc\u0131 ve kuramc\u0131 Andrey Beliy&#8217;in Glossolalia adl\u0131 yap\u0131t\u0131, ses \u00fczerine bir d\u00fczyaz\u0131 \u015fiir, bir sesli \u015fiir. Beliy, bu \u015fiirde, dille dans, dille m\u00fczeik aras\u0131nda bir ili\u015fki kuruyor ve harfflerin g\u00f6r\u00fcn\u00fcm ve sesleriyle bir dans\u00e7\u0131n\u0131n hareketleri aras\u0131nda bir yak\u0131nl\u0131k oldu\u011funu \u00f6ne s\u00fcr\u00fcyor. G\u00fcm\u00fc\u015f G\u00fcvercin ve Petersburg adl\u0131 romanlar\u0131n\u0131n ard\u0131ndan 1917 y\u0131l\u0131nda yazd\u0131\u011f\u0131 Glossolalia&#8217;da, Beliy, \u00e7ok zengin gizemci ba\u011flant\u0131larla dilin insan\u0131 ku\u015fatan karma\u015f\u0131k yap\u0131s\u0131n\u0131\u0131 sergiliyor ve \u015f\u00f6yle diyor: &#8220;Glossolalia &#8211; birka\u00e7 sesli tema \u00fczerine bir do\u011fa\u00e7lamad\u0131r; bu temalar bende ses-imgeleri fantezisini geli\u015ftirdik\u00e7e, onlar\u0131 d\u0131\u015fa vuruyorum.&#8221; Glossolalia, di\u011fer yandan, yirminci y\u00fczy\u0131l ba\u015f\u0131 Rus avangard\u0131n\u0131n Mayakovski, \u015eklovski, Hlebnikov gibi \u00f6nc\u00fclerinin yolunu ayd\u0131nlatan bir \u015fiir. Bir anlamda Elim Devrimi&#8217;nin sanattaki kar\u015f\u0131l\u0131klar\u0131ndan biri: &#8220;Halklar\u0131n karde\u015fli\u011fi gelecektir: dillerin dili koparacak dillerimizi; ve \u2014S\u00f6z\u00fcn ikinci zuhuru ger\u00e7ekle\u015fecek.&#8221; Glossolalia, glossa (dil) ve lasso (konu\u015fma) s\u00f6zleriyle olu\u015fturulmu\u015f bir s\u00f6zc\u00fck. Ezoterik ve dini bir\u00e7ok uygulamada \u00f6rneklerinin g\u00f6r\u00fclmesinin yan\u0131 s\u0131ra, \u00e7a\u011fda\u015f edebiyatta Beliy d\u0131\u015f\u0131nda John Barth, Neal Stephenson, Don DeLillo gibi yazarlar\u0131n yap\u0131tlar\u0131na da konu olmu\u015ftur.<\/p>\n","protected":false},"excerpt":{"rendered":"<p>\u00dcnl\u00fc Rus \u015fair, romanc\u0131 ve kuramc\u0131 Andrey Beliy&#8217;in Glossolalia adl\u0131 yap\u0131t\u0131, ses \u00fczerine bir d\u00fczyaz\u0131 \u015fiir, bir sesli \u015fiir. Beliy, bu \u015fiirde, dille dans, dille m\u00fczeik<span class=\"excerpt-hellip\"> [\u2026]<\/span><\/p>\n","protected":false},"featured_media":0,"template":"","meta":{"_monsterinsights_skip_tracking":false,"_monsterinsights_sitenote_active":false,"_monsterinsights_sitenote_note":"","_monsterinsights_sitenote_category":0},"product_brand":[],"product_cat":[12777,12291],"product_tag":[],"class_list":{"0":"post-750876","1":"product","2":"type-product","3":"status-publish","5":"product_cat-deneme","6":"product_cat-edebiyat","7":"pa_cilt-ciltsiz","8":"pa_tur-kitap","9":"pa_yayinevi-yapi-kredi-yayinlari","10":"pa_yazar-andrey-beliy","12":"first","13":"instock","14":"sale","15":"shipping-taxable","16":"purchasable","17":"product-type-simple"},"_links":{"self":[{"href":"https:\/\/roveyayinevi.com.tr\/index.php\/wp-json\/wp\/v2\/product\/750876","targetHints":{"allow":["GET"]}}],"collection":[{"href":"https:\/\/roveyayinevi.com.tr\/index.php\/wp-json\/wp\/v2\/product"}],"about":[{"href":"https:\/\/roveyayinevi.com.tr\/index.php\/wp-json\/wp\/v2\/types\/product"}],"wp:attachment":[{"href":"https:\/\/roveyayinevi.com.tr\/index.php\/wp-json\/wp\/v2\/media?parent=750876"}],"wp:term":[{"taxonomy":"product_brand","embeddable":true,"href":"https:\/\/roveyayinevi.com.tr\/index.php\/wp-json\/wp\/v2\/product_brand?post=750876"},{"taxonomy":"product_cat","embeddable":true,"href":"https:\/\/roveyayinevi.com.tr\/index.php\/wp-json\/wp\/v2\/product_cat?post=750876"},{"taxonomy":"product_tag","embeddable":true,"href":"https:\/\/roveyayinevi.com.tr\/index.php\/wp-json\/wp\/v2\/product_tag?post=750876"}],"curies":[{"name":"wp","href":"https:\/\/api.w.org\/{rel}","templated":true}]}}