{"id":750875,"date":"2025-08-28T04:32:59","date_gmt":"2025-08-28T01:32:59","guid":{"rendered":"https:\/\/roveyayinevi.com.tr\/index.php\/urun\/secilmis-siirler-2\/"},"modified":"2026-04-16T03:04:02","modified_gmt":"2026-04-16T00:04:02","slug":"secilmis-siirler-2","status":"publish","type":"product","link":"https:\/\/roveyayinevi.com.tr\/index.php\/urun\/secilmis-siirler-2\/","title":{"rendered":"Se\u00e7ilmi\u015f \u015eiirler"},"content":{"rendered":"<p>John Donne (1572?-1631), \u201cMetafizik \u015eiir\u201d ak\u0131m\u0131n\u0131n en tan\u0131nm\u0131\u015f temsilcisi. Prof. M\u00eena Urgan\u2019\u0131n deyi\u015fiyle \u201c\u0130ngiliz edebiyat\u0131nda T. S. Eliot\u2019tan \u00f6nce anla\u015f\u0131lmas\u0131 en g\u00fc\u00e7 \u015fair\u201d olan John Donne\u2019\u0131n ve ak\u0131m\u0131n \u00f6b\u00fcr \u00fcyelerinin \u015fiirleri, d\u00f6nemin genel \u015fiir be\u011fenisinin d\u0131\u015f\u0131nda \u2013ve kimi g\u00fcn\u00fcm\u00fcz ele\u015ftirmenlerine g\u00f6re \u00fczerinde\u2013 oldu\u011fu i\u00e7in, yaz\u0131ld\u0131klar\u0131 y\u0131llarda yapay ve zorlama bulunmu\u015flar, ciddiye al\u0131nmam\u0131\u015flard\u0131. Ayn\u0131 yakla\u015f\u0131m 18. ve 19. y\u00fczy\u0131llarda da egemen oldu. Metafizik \u015eiir ve Metafizik \u015eairler, ancak y\u00fczy\u0131l\u0131m\u0131zda, \u00f6zellikle de Eliot\u2019\u0131n bu \u015fairlerde \u201cbir b\u00fct\u00fcn olarak kendi i\u00e7inde uyumlu bir duyarl\u0131k\u201d ve her t\u00fcrl\u00fc olgu, durum ve ya\u015fam bi\u00e7imini ba\u011fda\u015ft\u0131rabilme, bir arada kavrayabilme ve de\u011ferlendirebilme yetisi\u201d g\u00f6rmesinin etkisiyle \u00f6nem kazand\u0131.   \u015eimdi Metafizik \u015eiir, bu \u015fairlerin i\u00e7e d\u00f6n\u00fck ve \u2013terimin g\u00fcn\u00fcm\u00fczde kullan\u0131ld\u0131\u011f\u0131 anlam\u0131yla\u2013 \u201cger\u00e7ek\u00e7i\u201d \u00fcsluplar\u0131 yan\u0131nda, d\u00f6nemin al\u0131\u015f\u0131lm\u0131\u015f \u015fiir geleneklerine meydan okuyan, hi\u00e7bir konu, s\u00f6zc\u00fck ya da terimin kutsal say\u0131lmad\u0131\u011f\u0131, \u201c\u015fiirsel\u201d olmayan\u0131n \u00f6zellikle bulunup kullan\u0131ld\u0131\u011f\u0131 \u00e7arp\u0131c\u0131 imgeleriyle y\u00fczy\u0131l\u0131m\u0131z\u0131n modern \u015fiirini \u00f6nceleyen, haber veren bir ak\u0131m olarak kabul g\u00f6r\u00fcyor. Se\u00e7ilmi\u015f \u015eiirler\u2019de B\u00fclent R. Bozkurt\u2019un John Donne\u2019\u0131n b\u00fct\u00fcn \u015fiirleri aras\u0131ndan titizlikle se\u00e7erek as\u0131llara yara\u015f\u0131r bir ustal\u0131kla dilimize kazand\u0131rd\u0131\u011f\u0131 \u015fiirler yer al\u0131yor \u2013 gerek Metafizik \u015eiir\u2019in gerekse \u0130ngiliz \u015fiirinin klasikleri aras\u0131nda say\u0131lan \u201cPire\u201d de bu \u015fiirler aras\u0131nda. Kimi \u015fiirlere eklenen a\u00e7\u0131klay\u0131c\u0131 notlar, John Donne \u015fiirinin anla\u015f\u0131lmas\u0131n\u0131 kolayla\u015ft\u0131r\u0131yor. <\/p>\n","protected":false},"excerpt":{"rendered":"<p>John Donne (1572?-1631), \u201cMetafizik \u015eiir\u201d ak\u0131m\u0131n\u0131n en tan\u0131nm\u0131\u015f temsilcisi. Prof. M\u00eena Urgan\u2019\u0131n deyi\u015fiyle \u201c\u0130ngiliz edebiyat\u0131nda T. S. Eliot\u2019tan \u00f6nce anla\u015f\u0131lmas\u0131 en g\u00fc\u00e7 \u015fair\u201d olan John Donne\u2019\u0131n<span class=\"excerpt-hellip\"> [\u2026]<\/span><\/p>\n","protected":false},"featured_media":0,"template":"","meta":{"_monsterinsights_skip_tracking":false,"_monsterinsights_sitenote_active":false,"_monsterinsights_sitenote_note":"","_monsterinsights_sitenote_category":0},"product_brand":[],"product_cat":[12291,12509],"product_tag":[],"class_list":{"0":"post-750875","1":"product","2":"type-product","3":"status-publish","5":"product_cat-edebiyat","6":"product_cat-siir","7":"pa_cilt-ciltsiz","8":"pa_tur-kitap","9":"pa_yayinevi-yapi-kredi-yayinlari","10":"pa_yazar-john-donne","12":"first","13":"instock","14":"sale","15":"shipping-taxable","16":"purchasable","17":"product-type-simple"},"_links":{"self":[{"href":"https:\/\/roveyayinevi.com.tr\/index.php\/wp-json\/wp\/v2\/product\/750875","targetHints":{"allow":["GET"]}}],"collection":[{"href":"https:\/\/roveyayinevi.com.tr\/index.php\/wp-json\/wp\/v2\/product"}],"about":[{"href":"https:\/\/roveyayinevi.com.tr\/index.php\/wp-json\/wp\/v2\/types\/product"}],"wp:attachment":[{"href":"https:\/\/roveyayinevi.com.tr\/index.php\/wp-json\/wp\/v2\/media?parent=750875"}],"wp:term":[{"taxonomy":"product_brand","embeddable":true,"href":"https:\/\/roveyayinevi.com.tr\/index.php\/wp-json\/wp\/v2\/product_brand?post=750875"},{"taxonomy":"product_cat","embeddable":true,"href":"https:\/\/roveyayinevi.com.tr\/index.php\/wp-json\/wp\/v2\/product_cat?post=750875"},{"taxonomy":"product_tag","embeddable":true,"href":"https:\/\/roveyayinevi.com.tr\/index.php\/wp-json\/wp\/v2\/product_tag?post=750875"}],"curies":[{"name":"wp","href":"https:\/\/api.w.org\/{rel}","templated":true}]}}