{"id":750872,"date":"2025-08-28T04:32:54","date_gmt":"2025-08-28T01:32:54","guid":{"rendered":"https:\/\/roveyayinevi.com.tr\/index.php\/urun\/canim-arkadaslarim-hep-beraber\/"},"modified":"2026-04-16T03:04:02","modified_gmt":"2026-04-16T00:04:02","slug":"canim-arkadaslarim-hep-beraber","status":"publish","type":"product","link":"https:\/\/roveyayinevi.com.tr\/index.php\/urun\/canim-arkadaslarim-hep-beraber\/","title":{"rendered":"Can\u0131m Arkada\u015flar\u0131m Hep Beraber"},"content":{"rendered":"<p>\u201cSizler \u00f6yle h\u0131zl\u0131 ko\u015fuyorsunuz ki&#8230;\u201d K\u00fc\u00e7\u00fck tosba\u011fa \u00fczg\u00fcn. Niye? \u00c7\u00fcnk\u00fc \u00e7ok yava\u015f. Neyse ki yan\u0131nda arkada\u015flar\u0131 var. Ger\u00e7ek arkada\u015flar birbirlerine destek olurlar. Peki sen de ona yard\u0131m eder misin? \u201cCan\u0131m Arkada\u015flar\u0131m\u201d kitab\u0131n\u0131n yazar\u0131 Kerstin Schoene\u2019den arkada\u015fl\u0131k \u00fczerine sevimli bir hik\u00e2ye daha. <\/p>\n","protected":false},"excerpt":{"rendered":"<p>\u201cSizler \u00f6yle h\u0131zl\u0131 ko\u015fuyorsunuz ki&#8230;\u201d K\u00fc\u00e7\u00fck tosba\u011fa \u00fczg\u00fcn. Niye? \u00c7\u00fcnk\u00fc \u00e7ok yava\u015f. Neyse ki yan\u0131nda arkada\u015flar\u0131 var. Ger\u00e7ek arkada\u015flar birbirlerine destek olurlar. Peki sen de ona<span class=\"excerpt-hellip\"> [\u2026]<\/span><\/p>\n","protected":false},"featured_media":0,"template":"","meta":{"_monsterinsights_skip_tracking":false,"_monsterinsights_sitenote_active":false,"_monsterinsights_sitenote_note":"","_monsterinsights_sitenote_category":0},"product_brand":[],"product_cat":[12274,12523],"product_tag":[],"class_list":{"0":"post-750872","1":"product","2":"type-product","3":"status-publish","5":"product_cat-cocuk-ve-genclik-kitaplari","6":"product_cat-masallar","7":"pa_cilt-ciltsiz","8":"pa_tur-kitap","9":"pa_yayinevi-yapi-kredi-yayinlari","10":"pa_yazar-kerstin-schoene","12":"first","13":"instock","14":"sale","15":"shipping-taxable","16":"purchasable","17":"product-type-simple"},"_links":{"self":[{"href":"https:\/\/roveyayinevi.com.tr\/index.php\/wp-json\/wp\/v2\/product\/750872","targetHints":{"allow":["GET"]}}],"collection":[{"href":"https:\/\/roveyayinevi.com.tr\/index.php\/wp-json\/wp\/v2\/product"}],"about":[{"href":"https:\/\/roveyayinevi.com.tr\/index.php\/wp-json\/wp\/v2\/types\/product"}],"wp:attachment":[{"href":"https:\/\/roveyayinevi.com.tr\/index.php\/wp-json\/wp\/v2\/media?parent=750872"}],"wp:term":[{"taxonomy":"product_brand","embeddable":true,"href":"https:\/\/roveyayinevi.com.tr\/index.php\/wp-json\/wp\/v2\/product_brand?post=750872"},{"taxonomy":"product_cat","embeddable":true,"href":"https:\/\/roveyayinevi.com.tr\/index.php\/wp-json\/wp\/v2\/product_cat?post=750872"},{"taxonomy":"product_tag","embeddable":true,"href":"https:\/\/roveyayinevi.com.tr\/index.php\/wp-json\/wp\/v2\/product_tag?post=750872"}],"curies":[{"name":"wp","href":"https:\/\/api.w.org\/{rel}","templated":true}]}}