{"id":750871,"date":"2025-08-28T04:32:53","date_gmt":"2025-08-28T01:32:53","guid":{"rendered":"https:\/\/roveyayinevi.com.tr\/index.php\/urun\/dilenci-2\/"},"modified":"2026-02-03T03:17:33","modified_gmt":"2026-02-03T00:17:33","slug":"dilenci-2","status":"publish","type":"product","link":"https:\/\/roveyayinevi.com.tr\/index.php\/urun\/dilenci-2\/","title":{"rendered":"Dilenci"},"content":{"rendered":"<p>Gen\u00e7li\u011finde idealist bir devrimci ve \u015fair olmak hayaliyle ya\u015fay\u0131p devrimden sonra \u00fcnl\u00fc ve zengin bir avukat olan \u00d6mer el Hamzavi bir g\u00fcn bunal\u0131ml\u0131 bir hayata uyan\u0131r. Art\u0131k ne yaparsa yaps\u0131n mutsuz, daha k\u00f6t\u00fcs\u00fc umutsuzdur. G\u00fcn ge\u00e7tik\u00e7e ailesinden ve i\u015finden uzakla\u015fmaya ba\u015flayan \u00d6mer\u2019in \u201chastal\u0131k\u201d i\u00e7in buldu\u011fu tedavi a\u015fk oyunlar\u0131d\u0131r. Ancak i\u00e7inde kayboldu\u011fu bunal\u0131m\u0131na bu oyunlar da \u00e7are olmayacakt\u0131r. Gitgide her \u015feye hatta kendine bile yabanc\u0131la\u015fmaya ba\u015flarken hayat ona yeni s\u00fcrprizler haz\u0131rlamaktad\u0131r. Art\u0131k \u201csevmedi\u011fi\u201d kar\u0131s\u0131 \u00fc\u00e7\u00fcnc\u00fc \u00e7ocuklar\u0131na hamiledir ve y\u0131llar \u00f6nce tutukland\u0131\u011f\u0131nda onu ele vermeyen eski dava arkada\u015f\u0131 yirmi y\u0131l sonra serbest kal\u0131nca \u00d6mer\u2019in y\u00fczle\u015fmesi gereken sorunlar daha da \u00e7o\u011fal\u0131r. \u00d6mer a\u015fk, huzur, mutluluk pe\u015finde bir dilenciye d\u00f6necektir\u2026 \u00d6mer asl\u0131nda b\u00fct\u00fcn bir toplumun simgesi gibidir. Usta yazar Necib Mahfuz, alametifarikas\u0131 g\u00fc\u00e7l\u00fc anlat\u0131m\u0131yla okurunu \u00d6mer\u2019in i\u00e7 d\u00fcnyas\u0131na g\u00f6t\u00fcr\u00fcrken, bir yandan M\u0131s\u0131r\u2019da ya\u015fanan 1952 Devrimi sonras\u0131nda \u00fclkedeki ger\u00e7eklik-idealizm, bilim-sanat-inan\u00e7 \u00e7at\u0131\u015fmalar\u0131n\u0131 ve t\u00fcm bunlara \u00e7\u0131k\u0131\u015f yolu arayan toplumun ya\u015fad\u0131\u011f\u0131 umutsuzlu\u011fu ele al\u0131yor. <\/p>\n","protected":false},"excerpt":{"rendered":"<p>Gen\u00e7li\u011finde idealist bir devrimci ve \u015fair olmak hayaliyle ya\u015fay\u0131p devrimden sonra \u00fcnl\u00fc ve zengin bir avukat olan \u00d6mer el Hamzavi bir g\u00fcn bunal\u0131ml\u0131 bir hayata uyan\u0131r.<span class=\"excerpt-hellip\"> [\u2026]<\/span><\/p>\n","protected":false},"featured_media":0,"template":"","meta":{"_monsterinsights_skip_tracking":false,"_monsterinsights_sitenote_active":false,"_monsterinsights_sitenote_note":"","_monsterinsights_sitenote_category":0},"product_brand":[],"product_cat":[12291,13872],"product_tag":[],"class_list":{"0":"post-750871","1":"product","2":"type-product","3":"status-publish","5":"product_cat-edebiyat","6":"product_cat-klasikler","7":"pa_cilt-ciltsiz","8":"pa_tur-kitap","9":"pa_yayinevi-kirmizi-kedi-yayinevi","10":"pa_yazar-necib-mahfuz","12":"first","13":"instock","14":"sale","15":"shipping-taxable","16":"purchasable","17":"product-type-simple"},"_links":{"self":[{"href":"https:\/\/roveyayinevi.com.tr\/index.php\/wp-json\/wp\/v2\/product\/750871","targetHints":{"allow":["GET"]}}],"collection":[{"href":"https:\/\/roveyayinevi.com.tr\/index.php\/wp-json\/wp\/v2\/product"}],"about":[{"href":"https:\/\/roveyayinevi.com.tr\/index.php\/wp-json\/wp\/v2\/types\/product"}],"wp:attachment":[{"href":"https:\/\/roveyayinevi.com.tr\/index.php\/wp-json\/wp\/v2\/media?parent=750871"}],"wp:term":[{"taxonomy":"product_brand","embeddable":true,"href":"https:\/\/roveyayinevi.com.tr\/index.php\/wp-json\/wp\/v2\/product_brand?post=750871"},{"taxonomy":"product_cat","embeddable":true,"href":"https:\/\/roveyayinevi.com.tr\/index.php\/wp-json\/wp\/v2\/product_cat?post=750871"},{"taxonomy":"product_tag","embeddable":true,"href":"https:\/\/roveyayinevi.com.tr\/index.php\/wp-json\/wp\/v2\/product_tag?post=750871"}],"curies":[{"name":"wp","href":"https:\/\/api.w.org\/{rel}","templated":true}]}}