{"id":750869,"date":"2025-08-28T04:32:49","date_gmt":"2025-08-28T01:32:49","guid":{"rendered":"https:\/\/roveyayinevi.com.tr\/index.php\/urun\/islamo-fasizm\/"},"modified":"2026-04-16T03:04:02","modified_gmt":"2026-04-16T00:04:02","slug":"islamo-fasizm","status":"publish","type":"product","link":"https:\/\/roveyayinevi.com.tr\/index.php\/urun\/islamo-fasizm\/","title":{"rendered":"\u0130slamo-Fa\u015fizm"},"content":{"rendered":"<p>Gericilik ile hesapla\u015fmas\u0131n\u0131 tamamlayamayan ve devrimini yar\u0131m b\u0131rakan toplumlar\u0131n kar\u015f\u0131la\u015ft\u0131\u011f\u0131 sorunlarla m\u00fccadele ediyoruz.   \u0130hanete u\u011frayan bir devrimin yol a\u00e7t\u0131\u011f\u0131 tarihsel ve sosyolojik sorunlar adeta nefes alamaz hale getiriyor.   Modern T\u00fcrkiye, yolun sonuna gelmi\u015f durumda; ya gericili\u011fe b\u00fct\u00fcn\u00fcyle teslim olacak ya da yeniden tarihsel ilerleme kanal\u0131na d\u00f6necek.   T\u00fcrkiye yoluna b\u00f6yle devam edemez. <\/p>\n","protected":false},"excerpt":{"rendered":"<p>Gericilik ile hesapla\u015fmas\u0131n\u0131 tamamlayamayan ve devrimini yar\u0131m b\u0131rakan toplumlar\u0131n kar\u015f\u0131la\u015ft\u0131\u011f\u0131 sorunlarla m\u00fccadele ediyoruz. \u0130hanete u\u011frayan bir devrimin yol a\u00e7t\u0131\u011f\u0131 tarihsel ve sosyolojik sorunlar adeta nefes alamaz<span class=\"excerpt-hellip\"> [\u2026]<\/span><\/p>\n","protected":false},"featured_media":0,"template":"","meta":{"_monsterinsights_skip_tracking":false,"_monsterinsights_sitenote_active":false,"_monsterinsights_sitenote_note":"","_monsterinsights_sitenote_category":0},"product_brand":[],"product_cat":[13590,12337],"product_tag":[],"class_list":{"0":"post-750869","1":"product","2":"type-product","3":"status-publish","5":"product_cat-arastirma-inceleme-politika-siyaset","6":"product_cat-politika-siyaset","7":"pa_cilt-ciltsiz","8":"pa_tur-kitap","9":"pa_yayinevi-kirmizi-kedi-yayinevi","10":"pa_yazar-merdan-yanardag","12":"first","13":"instock","14":"sale","15":"shipping-taxable","16":"purchasable","17":"product-type-simple"},"_links":{"self":[{"href":"https:\/\/roveyayinevi.com.tr\/index.php\/wp-json\/wp\/v2\/product\/750869","targetHints":{"allow":["GET"]}}],"collection":[{"href":"https:\/\/roveyayinevi.com.tr\/index.php\/wp-json\/wp\/v2\/product"}],"about":[{"href":"https:\/\/roveyayinevi.com.tr\/index.php\/wp-json\/wp\/v2\/types\/product"}],"wp:attachment":[{"href":"https:\/\/roveyayinevi.com.tr\/index.php\/wp-json\/wp\/v2\/media?parent=750869"}],"wp:term":[{"taxonomy":"product_brand","embeddable":true,"href":"https:\/\/roveyayinevi.com.tr\/index.php\/wp-json\/wp\/v2\/product_brand?post=750869"},{"taxonomy":"product_cat","embeddable":true,"href":"https:\/\/roveyayinevi.com.tr\/index.php\/wp-json\/wp\/v2\/product_cat?post=750869"},{"taxonomy":"product_tag","embeddable":true,"href":"https:\/\/roveyayinevi.com.tr\/index.php\/wp-json\/wp\/v2\/product_tag?post=750869"}],"curies":[{"name":"wp","href":"https:\/\/api.w.org\/{rel}","templated":true}]}}