{"id":750868,"date":"2025-08-28T04:32:48","date_gmt":"2025-08-28T01:32:48","guid":{"rendered":"https:\/\/roveyayinevi.com.tr\/index.php\/urun\/lanetli-kalp\/"},"modified":"2026-04-16T03:04:02","modified_gmt":"2026-04-16T00:04:02","slug":"lanetli-kalp","status":"publish","type":"product","link":"https:\/\/roveyayinevi.com.tr\/index.php\/urun\/lanetli-kalp\/","title":{"rendered":"Lanetli Kalp"},"content":{"rendered":"<p>\u201cSadece be\u015f duyu organ\u0131n aras\u0131na s\u0131k\u0131\u015farak ya\u015fad\u0131\u011f\u0131n hayat\u0131nda neyin ger\u00e7ek, neyin hayal oldu\u011funu nas\u0131l ay\u0131rt edersin?\u201d   Kayg\u0131s\u0131z ve s\u0131radan bir \u00e7ocuk olan \u00c7ise\u2019nin hayat\u0131 bir lanetin boyunduru\u011funa girmesiyle birlikte alt \u00fcst olacakt\u0131r. Ya\u015fad\u0131\u011f\u0131 travma sonucu ba\u015fka boyutlara ge\u00e7ebilme g\u00fcc\u00fc kazanan \u00c7ise, maruz kald\u0131\u011f\u0131 lanet sonucunda duygular\u0131n\u0131 payla\u015fma becerisini kaybedecek, zamanla ta\u015fa d\u00f6n\u00fc\u015fen kalbi sevme becerisini sonsuza kadar yok edecektir. Kalbini kurtarmak i\u00e7in ba\u015fka \u015fans\u0131 olmayan \u00c7ise en yak\u0131n iki arkada\u015f\u0131 ile gizem ve maceran\u0131n harmanland\u0131\u011f\u0131 boyutlar aras\u0131 bir yolculu\u011fa \u00e7\u0131kacakt\u0131r. Lanetin kalbini t\u00fcketmesini engellemek i\u00e7in ihtiyac\u0131 olanlar\u0131 toplamak u\u011fruna Koyver Kasabas\u0131\u2019ndan Uyku Diyar\u0131\u2019na, Erdemli Kaplumba\u011fa\u2019n\u0131n K\u00fct\u00fcphanesi\u2019nden G\u00f6lba\u015f\u0131ndaki \u015eato\u2019nun b\u00fcy\u00fcl\u00fc sular\u0131na uzanan fantastik yolculu\u011funda di\u011fer boyutlara ve hayata dair pek \u00e7ok \u015fey \u00f6\u011frenecek, arkada\u015fl\u0131klar\u0131n\u0131n sa\u011flaml\u0131\u011f\u0131n\u0131 teste tabi tutacakt\u0131r. \u0130nsanlar\u0131n duyular\u0131n\u0131 ve boyutlar\u0131n\u0131 a\u015fan bu macerada kalbini kurtarmaya \u00e7al\u0131\u015f\u0131rken en b\u00fcy\u00fck d\u00fc\u015fman\u0131 ile y\u00fczle\u015fecektir. \u00dc\u00e7lemenin ilk kitab\u0131 ile boyutlar aras\u0131ndaki s\u0131n\u0131rlar kalkacak ve kendinizi bilinmeyen diyarlarda bulacaks\u0131n\u0131z! \u201c\u015eimdi gelece\u011fi de\u011fi\u015ftirmek i\u00e7in ge\u00e7mi\u015fe, her \u015feyin ba\u015flad\u0131\u011f\u0131 yere gidiyoruz. Zaman, ger\u00e7ek seni bulma zaman\u0131!\u201d <\/p>\n","protected":false},"excerpt":{"rendered":"<p>\u201cSadece be\u015f duyu organ\u0131n aras\u0131na s\u0131k\u0131\u015farak ya\u015fad\u0131\u011f\u0131n hayat\u0131nda neyin ger\u00e7ek, neyin hayal oldu\u011funu nas\u0131l ay\u0131rt edersin?\u201d Kayg\u0131s\u0131z ve s\u0131radan bir \u00e7ocuk olan \u00c7ise\u2019nin hayat\u0131 bir lanetin<span class=\"excerpt-hellip\"> [\u2026]<\/span><\/p>\n","protected":false},"featured_media":0,"template":"","meta":{"_monsterinsights_skip_tracking":false,"_monsterinsights_sitenote_active":false,"_monsterinsights_sitenote_note":"","_monsterinsights_sitenote_category":0},"product_brand":[],"product_cat":[12291,14777],"product_tag":[],"class_list":{"0":"post-750868","1":"product","2":"type-product","3":"status-publish","5":"product_cat-edebiyat","6":"product_cat-fantastik","7":"pa_cilt-ciltsiz","8":"pa_tur-kitap","9":"pa_yayinevi-perseus","10":"pa_yazar-oytun-demir","12":"first","13":"instock","14":"sale","15":"shipping-taxable","16":"purchasable","17":"product-type-simple"},"_links":{"self":[{"href":"https:\/\/roveyayinevi.com.tr\/index.php\/wp-json\/wp\/v2\/product\/750868","targetHints":{"allow":["GET"]}}],"collection":[{"href":"https:\/\/roveyayinevi.com.tr\/index.php\/wp-json\/wp\/v2\/product"}],"about":[{"href":"https:\/\/roveyayinevi.com.tr\/index.php\/wp-json\/wp\/v2\/types\/product"}],"wp:attachment":[{"href":"https:\/\/roveyayinevi.com.tr\/index.php\/wp-json\/wp\/v2\/media?parent=750868"}],"wp:term":[{"taxonomy":"product_brand","embeddable":true,"href":"https:\/\/roveyayinevi.com.tr\/index.php\/wp-json\/wp\/v2\/product_brand?post=750868"},{"taxonomy":"product_cat","embeddable":true,"href":"https:\/\/roveyayinevi.com.tr\/index.php\/wp-json\/wp\/v2\/product_cat?post=750868"},{"taxonomy":"product_tag","embeddable":true,"href":"https:\/\/roveyayinevi.com.tr\/index.php\/wp-json\/wp\/v2\/product_tag?post=750868"}],"curies":[{"name":"wp","href":"https:\/\/api.w.org\/{rel}","templated":true}]}}