{"id":750866,"date":"2025-08-28T04:32:45","date_gmt":"2025-08-28T01:32:45","guid":{"rendered":"https:\/\/roveyayinevi.com.tr\/index.php\/urun\/benekli\/"},"modified":"2026-04-16T03:04:02","modified_gmt":"2026-04-16T00:04:02","slug":"benekli","status":"publish","type":"product","link":"https:\/\/roveyayinevi.com.tr\/index.php\/urun\/benekli\/","title":{"rendered":"Benekli"},"content":{"rendered":"<p>Bilgin Adal\u0131\u2019dan \u00c7ocuklara Yeni Bir Kitap: \u201cBenekli\u201d   Bilgin Adal\u0131\u2019dan \u00e7ocuklara yeni bir kitap: \u201cBenekli\u201d. Adal\u0131\u2019n\u0131n YKY\u2019nin okul \u00f6ncesi serisinden \u00e7\u0131kan son kitab\u0131 Arkada\u015f\u0131m Papi idi. YKY\u2019nin Do\u011fan Karde\u015f Kitapl\u0131\u011f\u0131\u2019ndan \u00e7\u0131kan son kitab\u0131ysa \u201cO\u011fuz Ka\u011fan Destan\u0131\u201d.   Adal\u0131, \u201cBenekli\u201d adl\u0131 kitab\u0131nda bir \u00e7ocuk ile bir dalma\u00e7yal\u0131n\u0131n dostlu\u011funu anlat\u0131yor. Kitab\u0131n kahraman\u0131 Do\u011fay, \u00e7ok hareketli bir hayvan olan Benekli\u2019yle birlikte ya\u015famaya al\u0131\u015f\u0131rken, hayatlar\u0131na yeni biri daha kat\u0131l\u0131yor: Benekli\u2019nin yavrusu Benek\u2026 Bu g\u00fczel kitaba resimleriyle Buket Topako\u011flu Gencer e\u015flik ediyor. <\/p>\n","protected":false},"excerpt":{"rendered":"<p>Bilgin Adal\u0131\u2019dan \u00c7ocuklara Yeni Bir Kitap: \u201cBenekli\u201d Bilgin Adal\u0131\u2019dan \u00e7ocuklara yeni bir kitap: \u201cBenekli\u201d. Adal\u0131\u2019n\u0131n YKY\u2019nin okul \u00f6ncesi serisinden \u00e7\u0131kan son kitab\u0131 Arkada\u015f\u0131m Papi idi. YKY\u2019nin<span class=\"excerpt-hellip\"> [\u2026]<\/span><\/p>\n","protected":false},"featured_media":0,"template":"","meta":{"_monsterinsights_skip_tracking":false,"_monsterinsights_sitenote_active":false,"_monsterinsights_sitenote_note":"","_monsterinsights_sitenote_category":0},"product_brand":[],"product_cat":[12274,12284],"product_tag":[],"class_list":{"0":"post-750866","1":"product","2":"type-product","3":"status-publish","5":"product_cat-cocuk-ve-genclik-kitaplari","6":"product_cat-hikayeler","7":"pa_cilt-ciltsiz","8":"pa_tur-kitap","9":"pa_yayinevi-yapi-kredi-yayinlari","10":"pa_yazar-bilgin-adali","12":"first","13":"instock","14":"sale","15":"shipping-taxable","16":"purchasable","17":"product-type-simple"},"_links":{"self":[{"href":"https:\/\/roveyayinevi.com.tr\/index.php\/wp-json\/wp\/v2\/product\/750866","targetHints":{"allow":["GET"]}}],"collection":[{"href":"https:\/\/roveyayinevi.com.tr\/index.php\/wp-json\/wp\/v2\/product"}],"about":[{"href":"https:\/\/roveyayinevi.com.tr\/index.php\/wp-json\/wp\/v2\/types\/product"}],"wp:attachment":[{"href":"https:\/\/roveyayinevi.com.tr\/index.php\/wp-json\/wp\/v2\/media?parent=750866"}],"wp:term":[{"taxonomy":"product_brand","embeddable":true,"href":"https:\/\/roveyayinevi.com.tr\/index.php\/wp-json\/wp\/v2\/product_brand?post=750866"},{"taxonomy":"product_cat","embeddable":true,"href":"https:\/\/roveyayinevi.com.tr\/index.php\/wp-json\/wp\/v2\/product_cat?post=750866"},{"taxonomy":"product_tag","embeddable":true,"href":"https:\/\/roveyayinevi.com.tr\/index.php\/wp-json\/wp\/v2\/product_tag?post=750866"}],"curies":[{"name":"wp","href":"https:\/\/api.w.org\/{rel}","templated":true}]}}