{"id":750864,"date":"2025-08-28T04:32:43","date_gmt":"2025-08-28T01:32:43","guid":{"rendered":"https:\/\/roveyayinevi.com.tr\/index.php\/urun\/sessiz-donem-turk-sinema-tarihi-2-1923-1931\/"},"modified":"2026-04-16T03:04:02","modified_gmt":"2026-04-16T00:04:02","slug":"sessiz-donem-turk-sinema-tarihi-2-1923-1931","status":"publish","type":"product","link":"https:\/\/roveyayinevi.com.tr\/index.php\/urun\/sessiz-donem-turk-sinema-tarihi-2-1923-1931\/","title":{"rendered":"Sessiz D\u00f6nem T\u00fcrk Sinema Tarihi &#8211; 2 (1923-1931)"},"content":{"rendered":"<p>Daha \u00f6nce T\u00fcrk sinemas\u0131n\u0131n Osmanl\u0131\u2019daki yolculu\u011funun izini s\u00fcren Ali \u00d6zuyar, \u201cSessiz D\u00f6nem T\u00fcrk Sinema Tarihi\u201dnin ikinci cildinde hik\u00e2yeyi kald\u0131\u011f\u0131 yerden devam ettiriyor. T\u00fcrk sinemas\u0131n\u0131n 1923-1931 y\u0131llar\u0131 aras\u0131ndaki durumu, d\u00f6nemin siyasi, sosyal ve ekonomik ko\u015fullar\u0131 ba\u011flam\u0131nda, adli vakalara var\u0131ncaya kadar ayr\u0131nt\u0131l\u0131 bir \u015fekilde anlat\u0131larak sessiz d\u00f6nem T\u00fcrk sinema tarihi tamamlan\u0131yor. Film \u015firketleri, filmlerin ithali, da\u011f\u0131t\u0131m\u0131, g\u00f6sterimi ve yeni a\u00e7\u0131lan sinemalar\u0131n yan\u0131 s\u0131ra seyircinin ilgisi, oyuncular, sinemac\u0131lar\u0131n sorunlar\u0131 ve ba\u015far\u0131lar\u0131 da masaya yat\u0131r\u0131l\u0131yor.   Kitapta, 1927 y\u0131l\u0131n\u0131n sonlar\u0131na do\u011fru sinema tarihinde adeta teknik ve estetik bir devrime yol a\u00e7an sesli sineman\u0131n T\u00fcrkiye\u2019deki hik\u00e2yesine de de\u011finiliyor. Sesli filme ge\u00e7i\u015f s\u00fcreci ayr\u0131nt\u0131l\u0131 bir \u015fekilde ele al\u0131n\u0131rken sekt\u00f6r\u00fcn bak\u0131\u015f a\u00e7\u0131s\u0131n\u0131 tam olarak ortaya koymak i\u00e7in d\u00f6nemin \u00f6nde gelen sinemac\u0131lar\u0131n\u0131n bas\u0131na yans\u0131yan g\u00f6r\u00fc\u015flerine yer veriliyor. Son b\u00f6l\u00fcmde ise baz\u0131lar\u0131 ilk kez Latin harfleriyle yay\u0131mlanan, d\u00f6nemin \u00f6nde gelen isimleriyle yap\u0131lan r\u00f6portajlar bekliyor okuru. Ali \u00d6zuyar gerek bilgiler, an\u0131lar ve m\u00fclakatlarla gerek g\u00f6rsellerle bir d\u00f6nemin panoramas\u0131n\u0131 verirken asl\u0131nda \u00e7i\u00e7e\u011fi burnunda Cumhuriyet\u2019in k\u00fclt\u00fcr\u00fcne de ayna tutuyor. <\/p>\n","protected":false},"excerpt":{"rendered":"<p>Daha \u00f6nce T\u00fcrk sinemas\u0131n\u0131n Osmanl\u0131\u2019daki yolculu\u011funun izini s\u00fcren Ali \u00d6zuyar, \u201cSessiz D\u00f6nem T\u00fcrk Sinema Tarihi\u201dnin ikinci cildinde hik\u00e2yeyi kald\u0131\u011f\u0131 yerden devam ettiriyor. T\u00fcrk sinemas\u0131n\u0131n 1923-1931 y\u0131llar\u0131<span class=\"excerpt-hellip\"> [\u2026]<\/span><\/p>\n","protected":false},"featured_media":0,"template":"","meta":{"_monsterinsights_skip_tracking":false,"_monsterinsights_sitenote_active":false,"_monsterinsights_sitenote_note":"","_monsterinsights_sitenote_category":0},"product_brand":[],"product_cat":[12409,12408],"product_tag":[],"class_list":{"0":"post-750864","1":"product","2":"type-product","3":"status-publish","5":"product_cat-fotograf-sinema-tiyatro","6":"product_cat-sanat","7":"pa_cilt-ciltsiz","8":"pa_tur-kitap","9":"pa_yayinevi-yapi-kredi-yayinlari","10":"pa_yazar-ali-ozuyar","12":"first","13":"instock","14":"sale","15":"shipping-taxable","16":"purchasable","17":"product-type-simple"},"_links":{"self":[{"href":"https:\/\/roveyayinevi.com.tr\/index.php\/wp-json\/wp\/v2\/product\/750864","targetHints":{"allow":["GET"]}}],"collection":[{"href":"https:\/\/roveyayinevi.com.tr\/index.php\/wp-json\/wp\/v2\/product"}],"about":[{"href":"https:\/\/roveyayinevi.com.tr\/index.php\/wp-json\/wp\/v2\/types\/product"}],"wp:attachment":[{"href":"https:\/\/roveyayinevi.com.tr\/index.php\/wp-json\/wp\/v2\/media?parent=750864"}],"wp:term":[{"taxonomy":"product_brand","embeddable":true,"href":"https:\/\/roveyayinevi.com.tr\/index.php\/wp-json\/wp\/v2\/product_brand?post=750864"},{"taxonomy":"product_cat","embeddable":true,"href":"https:\/\/roveyayinevi.com.tr\/index.php\/wp-json\/wp\/v2\/product_cat?post=750864"},{"taxonomy":"product_tag","embeddable":true,"href":"https:\/\/roveyayinevi.com.tr\/index.php\/wp-json\/wp\/v2\/product_tag?post=750864"}],"curies":[{"name":"wp","href":"https:\/\/api.w.org\/{rel}","templated":true}]}}