{"id":750863,"date":"2025-08-28T04:32:41","date_gmt":"2025-08-28T01:32:41","guid":{"rendered":"https:\/\/roveyayinevi.com.tr\/index.php\/urun\/wisconsin1963\/"},"modified":"2026-04-16T03:04:02","modified_gmt":"2026-04-16T00:04:02","slug":"wisconsin1963","status":"publish","type":"product","link":"https:\/\/roveyayinevi.com.tr\/index.php\/urun\/wisconsin1963\/","title":{"rendered":"Wisconsin,1963"},"content":{"rendered":"<p>Gen\u00e7li\u011fimizde bir d\u00f6nem ilgi duydu\u011fumuz, ama y\u0131llar sonra bakt\u0131\u011f\u0131m\u0131zda \u015fiirimizin \u00fczerinde b\u0131rakt\u0131\u011f\u0131 \u00f6nemli bir ize rastlamad\u0131\u011f\u0131m\u0131z bir \u015fair nedir? De\u011ferlendirilmemi\u015f bir f\u0131rsat, kurulmam\u0131\u015f bir ili\u015fki, ya\u015fanmam\u0131\u015f bir hayat.Y\u0131llard\u0131r \u015eavkar Alt\u0131nel\u2019in \u015fiirinde gezinen bir hayalet var: Ge\u00e7en y\u00fczy\u0131l\u0131n belki de en b\u00fcy\u00fck Amerikal\u0131 \u015fairi Robert Lowell.So\u011fuk bir Kas\u0131m g\u00fcn\u00fc girdi\u011fi, eski e\u015fyalar sat\u0131lan d\u00fckk\u00e2nda Lowell\u2019\u0131n \u015fiirlerinden bir se\u00e7meyle kar\u015f\u0131la\u015f\u0131p sars\u0131lan Alt\u0131nel, bu \u015faire ilgisinin ba\u015flad\u0131\u011f\u0131, geli\u015fti\u011fi ve sonunda kayboldu\u011fu \u201ckoordinatlara\u201d (Amsterdam, 1971; \u0130stanbul 1971-72; Chicago, 1972; Glasgow, 1978) \u201cWisconsin\u201d, 1963 ile geri d\u00f6n\u00fcyor.\u015eiir okuyacak (ve hatta yazmay\u0131 da d\u00fc\u015f\u00fcnecek) kadar iyi bilinen bir dil ne anlamda \u201cyabanc\u0131\u201d olabilir? \u015eiir d\u00fc\u015f\u00fcncelerden, kavramlardan, inan\u00e7lardan m\u0131, ya\u015fanm\u0131\u015f deneyimlerden mi \u00e7\u0131kar? Avrupa \u015fiiri ile Amerikan \u015fiiri aras\u0131ndaki fark nedir? Biri dalga, \u00f6teki tanecik modeline dayal\u0131 iki I\u015f\u0131k Kuram\u0131 olmas\u0131 gibi, ya\u011fan kar hakk\u0131nda da Kristal Kuram\u0131 ve Tane Kuram\u0131 \u015feklinde iki kuram \u00fcretebilir miyiz ve bunlar\u0131 \u015fiire nas\u0131l uygulayabiliriz?   \u201cWisconsin\u201d, 1963\u2019\u00fcn ay\u0131r\u0131c\u0131 \u00f6zelli\u011fi bu t\u00fcr sorular\u0131 soyut ara\u015ft\u0131rma konular\u0131 olarak de\u011fil, Alt\u0131nel ve Lowell\u2019\u0131n iki ger\u00e7ek birey olarak ya\u015fad\u0131klar\u0131 ger\u00e7ek hayatlar ba\u011flam\u0131nda g\u00fcndeme getirmesi. Anlat\u0131n\u0131n bir y\u00fcz\u00fc \u015fiir kuram\u0131na d\u00f6n\u00fckse, \u00f6b\u00fcr y\u00fcz\u00fc kendimizle ve \u00e7evremizle kavgam\u0131za, zaman\u0131n ge\u00e7i\u015fine, s\u00f6nm\u00fc\u015f hayallerimize, kaybolan mutlulu\u011fumuza d\u00f6n\u00fck.Alt\u0131nel\u2019in sad\u0131k okurlar\u0131 kurmaca-an\u0131-edebiyat kuram\u0131n\u0131n muzip\u00e7e bir harman\u0131 olan bu melez kitapta onun ele\u015ftirmen ve yazar kimliklerinin \u00e7arp\u0131c\u0131 bir bire\u015fimini bulurken, yeni okurlar da g\u00fcn\u00fcm\u00fcz edebiyat\u0131n\u0131n en ilgin\u00e7 kalemlerinden biriyle tan\u0131\u015facak. Ve bu kitab\u0131n b\u00fct\u00fcn okurlar\u0131 hayaletlerin nereden geldi\u011fini ve neden i\u00e7imize korku sald\u0131\u011f\u0131n\u0131 ke\u015ffetme f\u0131rsat\u0131na kavu\u015facak.<\/p>\n","protected":false},"excerpt":{"rendered":"<p>Gen\u00e7li\u011fimizde bir d\u00f6nem ilgi duydu\u011fumuz, ama y\u0131llar sonra bakt\u0131\u011f\u0131m\u0131zda \u015fiirimizin \u00fczerinde b\u0131rakt\u0131\u011f\u0131 \u00f6nemli bir ize rastlamad\u0131\u011f\u0131m\u0131z bir \u015fair nedir? De\u011ferlendirilmemi\u015f bir f\u0131rsat, kurulmam\u0131\u015f bir ili\u015fki, ya\u015fanmam\u0131\u015f<span class=\"excerpt-hellip\"> [\u2026]<\/span><\/p>\n","protected":false},"featured_media":0,"template":"","meta":{"_monsterinsights_skip_tracking":false,"_monsterinsights_sitenote_active":false,"_monsterinsights_sitenote_note":"","_monsterinsights_sitenote_category":0},"product_brand":[],"product_cat":[18545,12291],"product_tag":[],"class_list":{"0":"post-750863","1":"product","2":"type-product","3":"status-publish","5":"product_cat-anlati","6":"product_cat-edebiyat","7":"pa_cilt-ciltsiz","8":"pa_tur-kitap","9":"pa_yayinevi-yapi-kredi-yayinlari","10":"pa_yazar-savkar-altinel","12":"first","13":"instock","14":"sale","15":"shipping-taxable","16":"purchasable","17":"product-type-simple"},"_links":{"self":[{"href":"https:\/\/roveyayinevi.com.tr\/index.php\/wp-json\/wp\/v2\/product\/750863","targetHints":{"allow":["GET"]}}],"collection":[{"href":"https:\/\/roveyayinevi.com.tr\/index.php\/wp-json\/wp\/v2\/product"}],"about":[{"href":"https:\/\/roveyayinevi.com.tr\/index.php\/wp-json\/wp\/v2\/types\/product"}],"wp:attachment":[{"href":"https:\/\/roveyayinevi.com.tr\/index.php\/wp-json\/wp\/v2\/media?parent=750863"}],"wp:term":[{"taxonomy":"product_brand","embeddable":true,"href":"https:\/\/roveyayinevi.com.tr\/index.php\/wp-json\/wp\/v2\/product_brand?post=750863"},{"taxonomy":"product_cat","embeddable":true,"href":"https:\/\/roveyayinevi.com.tr\/index.php\/wp-json\/wp\/v2\/product_cat?post=750863"},{"taxonomy":"product_tag","embeddable":true,"href":"https:\/\/roveyayinevi.com.tr\/index.php\/wp-json\/wp\/v2\/product_tag?post=750863"}],"curies":[{"name":"wp","href":"https:\/\/api.w.org\/{rel}","templated":true}]}}