{"id":750862,"date":"2025-08-28T04:32:39","date_gmt":"2025-08-28T01:32:39","guid":{"rendered":"https:\/\/roveyayinevi.com.tr\/index.php\/urun\/odun-horozdan-korkan-oglan\/"},"modified":"2026-04-16T03:04:02","modified_gmt":"2026-04-16T00:04:02","slug":"odun-horozdan-korkan-oglan","status":"publish","type":"product","link":"https:\/\/roveyayinevi.com.tr\/index.php\/urun\/odun-horozdan-korkan-oglan\/","title":{"rendered":"Odun \u2013 Horozdan Korkan O\u011flan"},"content":{"rendered":"<p>Metin Elo\u011flu\u2019nun iki unutulmaz kitab\u0131 bir arada \u201cOdun\u201d \u201cHorozdan Korkan O\u011flan\u201d   Yap\u0131 Kredi Yay\u0131nlar\u0131 b\u00fct\u00fcn \u015fiirleri, toplu \u00f6yk\u00fcleri ciltlerinde bulunan baz\u0131 kitaplar\u0131n ayr\u0131 bas\u0131mlar\u0131n\u0131 okura sunmay\u0131 s\u00fcrd\u00fcr\u00fcyor. Bu kapsamda Metin Elo\u011flu\u2019nun \u201cBu Yaln\u0131zl\u0131k Benim \u2013 Toplu \u015eiirler (1951-1984)\u201c i\u00e7inde yer alan \u201cOdun\u201d ve \u201cHorozdan Korkan O\u011flan\u201d y\u0131llar sonra yeniden ayr\u0131 bir kitap i\u00e7inde \u015fiir sevenlere ula\u015f\u0131yor.   \u201cOdun ve Horozdan Korkan O\u011flan\u201d ilk bask\u0131lar\u0131yla kar\u015f\u0131la\u015ft\u0131r\u0131larak ve gerekli d\u00fczeltmeler yap\u0131larak yay\u0131na haz\u0131rland\u0131. Kitapta \u015fairin desenleri de \u015fiirlerine e\u015flik ediyor.   \u201c\u0130nsan seni sevince i\u015f-g\u00fc\u00e7 sahibi oluyor \u015eair oluyor mesela Meyhaneden cay\u0131yor bir ak\u015fam\u00fczeri Cays\u0131n be g\u00fczel Cays\u0131n be iyi T\u00fct\u00fcn\u00fc b\u0131rak\u0131yor t\u00fct\u00fcn neyime zarar Keseme zarar ci\u011ferlerime zarar sevdama zarar Seni sevince adam\u0131n pabu\u00e7lar\u0131 eskimiyor Beti-benzi yeni \u00e7arktan \u00e7\u0131km\u0131\u015f gibi &#8230; Seni sevmeseydim ilkbahar\u0131 kodunsa bul gayr\u0131 \u0130stanbul diye bir kent yoktu ki yery\u00fcz\u00fcnde Umut diye bir \u015fey yoktu ki seni sevmeseydim Hak hukuk bereket diye E\u015fitlik karde\u015flik h\u00fcrriyet diye   Y\u00fcre\u011fime sa\u011fl\u0131k ne iyi ettim.\u201d <\/p>\n","protected":false},"excerpt":{"rendered":"<p>Metin Elo\u011flu\u2019nun iki unutulmaz kitab\u0131 bir arada \u201cOdun\u201d \u201cHorozdan Korkan O\u011flan\u201d Yap\u0131 Kredi Yay\u0131nlar\u0131 b\u00fct\u00fcn \u015fiirleri, toplu \u00f6yk\u00fcleri ciltlerinde bulunan baz\u0131 kitaplar\u0131n ayr\u0131 bas\u0131mlar\u0131n\u0131 okura sunmay\u0131<span class=\"excerpt-hellip\"> [\u2026]<\/span><\/p>\n","protected":false},"featured_media":0,"template":"","meta":{"_monsterinsights_skip_tracking":false,"_monsterinsights_sitenote_active":false,"_monsterinsights_sitenote_note":"","_monsterinsights_sitenote_category":0},"product_brand":[],"product_cat":[12291,12509],"product_tag":[],"class_list":{"0":"post-750862","1":"product","2":"type-product","3":"status-publish","5":"product_cat-edebiyat","6":"product_cat-siir","7":"pa_cilt-ciltsiz","8":"pa_tur-kitap","9":"pa_yayinevi-yapi-kredi-yayinlari","10":"pa_yazar-metin-eloglu","12":"first","13":"instock","14":"sale","15":"shipping-taxable","16":"purchasable","17":"product-type-simple"},"_links":{"self":[{"href":"https:\/\/roveyayinevi.com.tr\/index.php\/wp-json\/wp\/v2\/product\/750862","targetHints":{"allow":["GET"]}}],"collection":[{"href":"https:\/\/roveyayinevi.com.tr\/index.php\/wp-json\/wp\/v2\/product"}],"about":[{"href":"https:\/\/roveyayinevi.com.tr\/index.php\/wp-json\/wp\/v2\/types\/product"}],"wp:attachment":[{"href":"https:\/\/roveyayinevi.com.tr\/index.php\/wp-json\/wp\/v2\/media?parent=750862"}],"wp:term":[{"taxonomy":"product_brand","embeddable":true,"href":"https:\/\/roveyayinevi.com.tr\/index.php\/wp-json\/wp\/v2\/product_brand?post=750862"},{"taxonomy":"product_cat","embeddable":true,"href":"https:\/\/roveyayinevi.com.tr\/index.php\/wp-json\/wp\/v2\/product_cat?post=750862"},{"taxonomy":"product_tag","embeddable":true,"href":"https:\/\/roveyayinevi.com.tr\/index.php\/wp-json\/wp\/v2\/product_tag?post=750862"}],"curies":[{"name":"wp","href":"https:\/\/api.w.org\/{rel}","templated":true}]}}