{"id":750859,"date":"2025-08-28T04:32:33","date_gmt":"2025-08-28T01:32:33","guid":{"rendered":"https:\/\/roveyayinevi.com.tr\/index.php\/urun\/boslukdikeni\/"},"modified":"2026-04-16T03:04:02","modified_gmt":"2026-04-16T00:04:02","slug":"boslukdikeni","status":"publish","type":"product","link":"https:\/\/roveyayinevi.com.tr\/index.php\/urun\/boslukdikeni\/","title":{"rendered":"Bo\u015flukdikeni"},"content":{"rendered":"<p>\u201cBo\u015flukdikeni\u201d, G\u00f6khan Y\u0131lmaz\u2019\u0131n d\u00f6rd\u00fcnc\u00fc \u00f6yk\u00fc kitab\u0131.   \u201cBiraz Ku\u015flar, Az\u0131c\u0131k Allah\u201d (2012), \u201c\u0130kiye Kadar Sayamamak\u201d (2013), \u201cHevesin Ka\u00e7\u0131\u015f Y\u00f6n\u00fc\u201d (2021) kitaplar\u0131ndaki \u00f6zg\u00fcn diliyle dikkati \u00e7eken Y\u0131lmaz\u2019\u0131n kalemi i\u015flek ve \u00e7evik. K\u0131sa, yal\u0131n, devrik c\u00fcmlelerin aras\u0131na koyu karanl\u0131klar, derin u\u00e7urumlar, geni\u015f ufuklar s\u0131\u011fd\u0131r\u0131yor. Bo\u015fluksuz, s\u0131k\u0131 \u00f6rg\u00fcl\u00fc yaz\u0131yor; s\u00f6z\u00fcn dolamba\u00e7l\u0131 yerlerindeyse anlam\u0131 tersine \u00e7eviriyor. \u0130nsan\u0131n susup d\u00fcnyan\u0131n konu\u015ftu\u011fu yerde d\u00fc\u015f\u00fcnceyi alt\u00fcst eden, duyguyla oynayan bir s\u00f6ylem yarat\u0131yor.   G\u00fcncelin ironisiyle y\u00fckl\u00fc, sert ve mayho\u015f \u00f6yk\u00fcler var \u201cBo\u015flukdikeni\u201dnde.   Bahar \u00f6nce dedenin ba\u011fr\u0131na geldi. Ellisinde var yok. Aynalar ho\u015f kar\u015f\u0131lad\u0131 onu. Sa\u00e7lar boyand\u0131 asl\u0131na. \u015eiir bula\u015ft\u0131 kalemine, a\u011fz\u0131na. Dediler, var bunda bir h\u00e2l. Dediler, t\u00f6vbe, bu ya\u015ftan sonra. Dediler, el \u00e2lem ne der.   Sordular, nedir bu, hay\u0131rd\u0131r. Dedi, kar\u0131\u015fmay\u0131n, \u00f6mr\u00fcm azd\u0131r. Bahar\u0131n tersi ayazd\u0131r. Dediler, susal\u0131m becerebilirsek. Dediler, ne yapal\u0131m, atam\u0131zd\u0131r. <\/p>\n","protected":false},"excerpt":{"rendered":"<p>\u201cBo\u015flukdikeni\u201d, G\u00f6khan Y\u0131lmaz\u2019\u0131n d\u00f6rd\u00fcnc\u00fc \u00f6yk\u00fc kitab\u0131. \u201cBiraz Ku\u015flar, Az\u0131c\u0131k Allah\u201d (2012), \u201c\u0130kiye Kadar Sayamamak\u201d (2013), \u201cHevesin Ka\u00e7\u0131\u015f Y\u00f6n\u00fc\u201d (2021) kitaplar\u0131ndaki \u00f6zg\u00fcn diliyle dikkati \u00e7eken Y\u0131lmaz\u2019\u0131n kalemi<span class=\"excerpt-hellip\"> [\u2026]<\/span><\/p>\n","protected":false},"featured_media":0,"template":"","meta":{"_monsterinsights_skip_tracking":false,"_monsterinsights_sitenote_active":false,"_monsterinsights_sitenote_note":"","_monsterinsights_sitenote_category":0},"product_brand":[],"product_cat":[12291,18202],"product_tag":[],"class_list":{"0":"post-750859","1":"product","2":"type-product","3":"status-publish","5":"product_cat-edebiyat","6":"product_cat-hikaye","7":"pa_cilt-ciltsiz","8":"pa_tur-kitap","9":"pa_yayinevi-yapi-kredi-yayinlari","10":"pa_yazar-gokhan-yilmaz","12":"first","13":"instock","14":"sale","15":"shipping-taxable","16":"purchasable","17":"product-type-simple"},"_links":{"self":[{"href":"https:\/\/roveyayinevi.com.tr\/index.php\/wp-json\/wp\/v2\/product\/750859","targetHints":{"allow":["GET"]}}],"collection":[{"href":"https:\/\/roveyayinevi.com.tr\/index.php\/wp-json\/wp\/v2\/product"}],"about":[{"href":"https:\/\/roveyayinevi.com.tr\/index.php\/wp-json\/wp\/v2\/types\/product"}],"wp:attachment":[{"href":"https:\/\/roveyayinevi.com.tr\/index.php\/wp-json\/wp\/v2\/media?parent=750859"}],"wp:term":[{"taxonomy":"product_brand","embeddable":true,"href":"https:\/\/roveyayinevi.com.tr\/index.php\/wp-json\/wp\/v2\/product_brand?post=750859"},{"taxonomy":"product_cat","embeddable":true,"href":"https:\/\/roveyayinevi.com.tr\/index.php\/wp-json\/wp\/v2\/product_cat?post=750859"},{"taxonomy":"product_tag","embeddable":true,"href":"https:\/\/roveyayinevi.com.tr\/index.php\/wp-json\/wp\/v2\/product_tag?post=750859"}],"curies":[{"name":"wp","href":"https:\/\/api.w.org\/{rel}","templated":true}]}}