{"id":750858,"date":"2025-08-28T04:32:31","date_gmt":"2025-08-28T01:32:31","guid":{"rendered":"https:\/\/roveyayinevi.com.tr\/index.php\/urun\/ev-kadinlar-seks\/"},"modified":"2026-04-16T03:04:02","modified_gmt":"2026-04-16T00:04:02","slug":"ev-kadinlar-seks","status":"publish","type":"product","link":"https:\/\/roveyayinevi.com.tr\/index.php\/urun\/ev-kadinlar-seks\/","title":{"rendered":"Ev, Kad\u0131nlar, Seks"},"content":{"rendered":"<p>Yirmi y\u0131ll\u0131k evlilikten sonra Resi \u2013Marie Th\u00e9r\u00e8se olan daha \u015f\u0131k \u00e7ift ad\u0131n\u0131 kullanmakta \u0131srarc\u0131d\u0131r art\u0131k\u2013 o\u011flunu da yan\u0131na alarak kocas\u0131 Franz\u2019\u0131 terk eder. \u00d6ncesinde i\u015ften \u00e7\u0131kar\u0131lan koca, aile i\u00e7in kendi elleriyle bir ev in\u015fa etmi\u015ftir. Bo\u015f odalar\u0131n\u0131n tekinsiz sessizli\u011fine g\u00f6m\u00fcld\u00fc\u011f\u00fc b\u00fcy\u00fck evde Franz \u015fimdi s\u0131zlanarak i\u00e7er. Mutfaktaki \u00f6nl\u00fc\u011f\u00fcn\u00fc bir kenara f\u0131rlatan kad\u0131n ad\u0131m\u0131n\u0131 evden d\u0131\u015far\u0131 atm\u0131\u015ft\u0131r, kocaysa k\u0131rg\u0131nl\u0131\u011f\u0131n\u0131, k\u00fcsk\u00fcnl\u00fc\u011f\u00fcn\u00fc, \u00f6fkesini b\u00fcy\u00fcterek Marie Th\u00e9r\u00e8se\u2019e kinlenir: mizojiniyle sanatsal sanr\u0131lar aras\u0131nda gidip gelen, kaba s\u00f6zlere evrilen eril bir monolog, \u00e7eli\u015fkilerle ve intikam plan\u0131yla dolu, sonun ba\u015flang\u0131c\u0131 olacak parampar\u00e7a bir veda mektubu d\u00f6k\u00fcl\u00fcr a\u011fz\u0131ndan.   Margit Schreiner, \u201cSevmek Dedikleri\u201d kitab\u0131n\u0131n ard\u0131ndan \u201cAyr\u0131l\u0131k \u00dc\u00e7lemesi\u201dnin ikinci kitab\u0131 olan \u201cEv, Kad\u0131nlar, Seks\u201d ile kuvvetli bir yaz\u0131nsal dil ve ton tutturmakla kalm\u0131yor, bug\u00fcnlerde okunabilecek en e\u011flenceli ve ilgi \u00e7ekici cinsiyet \u00e7al\u0131\u015fmas\u0131n\u0131 da roman sanat\u0131na kazand\u0131r\u0131yor.   \u201cSo\u011fukkanl\u0131 ve cesurca sahnelenen ba\u011flanma ve ba\u015ftan \u00e7\u0131karma hayalleri, \u00f6l\u00fcmc\u00fcl kar\u015f\u0131la\u015fmalar: (\u2026) Roald Dahl dokunu\u015fu bar\u0131nd\u0131ran ve s\u0131k s\u0131k Robert Gernhardt\u2019\u0131n kalemini and\u0131ran, Avusturya k\u00fclt\u00fcr\u00fcne uyarlanm\u0131\u015f iyi bir kar\u0131\u015f\u0131m.\u201d Volker Hage, Die Zeit   \u201cAnlat\u0131c\u0131n\u0131n, kar\u0131s\u0131 ondan ka\u00e7t\u0131ktan sonra eril gevezelikleriyle kendini ele verdi\u011fi incelikli bir karakter metni \u2013 kurnaz bir evlilik roman\u0131.\u201d Neue Z\u00fcrcher Zeitung   \u201cZeki bir kitap, \u00e7ok inand\u0131r\u0131c\u0131, sanatsal bir dil \u2013 son derece \u00f6nemli bir yazar oldu\u011funu d\u00fc\u015f\u00fcn\u00fcyorum.\u201d Marcel Reich-Ranicki, Das Literarische Quartett   \u201cS\u00f6zel cinnet 200 sayfadan fazla s\u00fcr\u00fcyor, kad\u0131nlar \u2018kendi hatas\u0131\u2019, \u2018oh olsun\u2019 derken erkekler kader arkada\u015flar\u0131yla dayan\u0131\u015fma i\u00e7inde olacak, ta ki siyaseten evcille\u015ftirilmi\u015f, duygu d\u00fcnyas\u0131 \u00e7arp\u0131k bir adam\u0131n belki de asla yazamayaca\u011f\u0131 \u00f6fkeli bir karakter roman\u0131n\u0131 bir kad\u0131n\u0131n yazd\u0131\u011f\u0131n\u0131 anlayana dek .\u201d Henryk Broder, Der Spiegel   \u201cHastas\u0131n sen. Yani, b\u00f6yle y\u00fcz\u00fcne kar\u015f\u0131 s\u00f6ylemeyi hi\u00e7 istemezdim ama asl\u0131nda \u00e7oktand\u0131r bunun fark\u0131nday\u0131m. Do\u011frusunu istersen ili\u015fkimizin ilk g\u00fcn\u00fcnde anlam\u0131\u015ft\u0131m.\u201d <\/p>\n","protected":false},"excerpt":{"rendered":"<p>Yirmi y\u0131ll\u0131k evlilikten sonra Resi \u2013Marie Th\u00e9r\u00e8se olan daha \u015f\u0131k \u00e7ift ad\u0131n\u0131 kullanmakta \u0131srarc\u0131d\u0131r art\u0131k\u2013 o\u011flunu da yan\u0131na alarak kocas\u0131 Franz\u2019\u0131 terk eder. \u00d6ncesinde i\u015ften \u00e7\u0131kar\u0131lan<span class=\"excerpt-hellip\"> [\u2026]<\/span><\/p>\n","protected":false},"featured_media":0,"template":"","meta":{"_monsterinsights_skip_tracking":false,"_monsterinsights_sitenote_active":false,"_monsterinsights_sitenote_note":"","_monsterinsights_sitenote_category":0},"product_brand":[],"product_cat":[12291,12711],"product_tag":[],"class_list":{"0":"post-750858","1":"product","2":"type-product","3":"status-publish","5":"product_cat-edebiyat","6":"product_cat-roman-oyku","7":"pa_cilt-ciltsiz","8":"pa_tur-kitap","9":"pa_yayinevi-yapi-kredi-yayinlari","10":"pa_yazar-margit-schreiner","12":"first","13":"instock","14":"sale","15":"shipping-taxable","16":"purchasable","17":"product-type-simple"},"_links":{"self":[{"href":"https:\/\/roveyayinevi.com.tr\/index.php\/wp-json\/wp\/v2\/product\/750858","targetHints":{"allow":["GET"]}}],"collection":[{"href":"https:\/\/roveyayinevi.com.tr\/index.php\/wp-json\/wp\/v2\/product"}],"about":[{"href":"https:\/\/roveyayinevi.com.tr\/index.php\/wp-json\/wp\/v2\/types\/product"}],"wp:attachment":[{"href":"https:\/\/roveyayinevi.com.tr\/index.php\/wp-json\/wp\/v2\/media?parent=750858"}],"wp:term":[{"taxonomy":"product_brand","embeddable":true,"href":"https:\/\/roveyayinevi.com.tr\/index.php\/wp-json\/wp\/v2\/product_brand?post=750858"},{"taxonomy":"product_cat","embeddable":true,"href":"https:\/\/roveyayinevi.com.tr\/index.php\/wp-json\/wp\/v2\/product_cat?post=750858"},{"taxonomy":"product_tag","embeddable":true,"href":"https:\/\/roveyayinevi.com.tr\/index.php\/wp-json\/wp\/v2\/product_tag?post=750858"}],"curies":[{"name":"wp","href":"https:\/\/api.w.org\/{rel}","templated":true}]}}