{"id":750857,"date":"2025-08-28T04:32:30","date_gmt":"2025-08-28T01:32:30","guid":{"rendered":"https:\/\/roveyayinevi.com.tr\/index.php\/urun\/ilk-kuran-kitabim\/"},"modified":"2026-04-16T03:04:02","modified_gmt":"2026-04-16T00:04:02","slug":"ilk-kuran-kitabim","status":"publish","type":"product","link":"https:\/\/roveyayinevi.com.tr\/index.php\/urun\/ilk-kuran-kitabim\/","title":{"rendered":"\u0130lk Kur\u2019an Kitab\u0131m"},"content":{"rendered":"<p>Zeynep\u2019in annesi ve babas\u0131 da kitap okumay\u0131 \u00e7ok sever. Onlar\u0131n da biiiir s\u00fcr\u00fc kitab\u0131 var. Ama en \u00e7ok B\u0130R kitab\u0131 okurlar. Onu \u00e7ok ama \u00e7oook severler. O kitab\u0131n ad\u0131: KUR\u2019AN- KER\u0130M! Zeynep\u2019in annesi ve babas\u0131, kitap okumay\u0131 \u00e7ok sever. En \u00e7ok da kutsal kitab\u0131m\u0131z Kur\u2019an-\u0131 Kerim\u2019i okurlar, \u00e7ok severler. Minik Zeynep de Kur\u2019an-\u0131 Kerim dinlemeyi \u00e7ok sever! Merve G\u00fclcemal\u2019in kaleminden k\u00fc\u00e7\u00fckleri sar\u0131p sarmalayacak bir Kur\u2019an sevgisi hik\u00e2yesi. <\/p>\n","protected":false},"excerpt":{"rendered":"<p>Zeynep\u2019in annesi ve babas\u0131 da kitap okumay\u0131 \u00e7ok sever. Onlar\u0131n da biiiir s\u00fcr\u00fc kitab\u0131 var. Ama en \u00e7ok B\u0130R kitab\u0131 okurlar. Onu \u00e7ok ama \u00e7oook severler.<span class=\"excerpt-hellip\"> [\u2026]<\/span><\/p>\n","protected":false},"featured_media":0,"template":"","meta":{"_monsterinsights_skip_tracking":false,"_monsterinsights_sitenote_active":false,"_monsterinsights_sitenote_note":"","_monsterinsights_sitenote_category":0},"product_brand":[],"product_cat":[12274,18802],"product_tag":[],"class_list":{"0":"post-750857","1":"product","2":"type-product","3":"status-publish","5":"product_cat-cocuk-ve-genclik-kitaplari","6":"product_cat-din-egitimi","7":"pa_cilt-ciltsiz","8":"pa_tur-kitap","9":"pa_yayinevi-turkuvaz-kitap","10":"pa_yazar-merve-gulcemal","12":"first","13":"instock","14":"sale","15":"shipping-taxable","16":"purchasable","17":"product-type-simple"},"_links":{"self":[{"href":"https:\/\/roveyayinevi.com.tr\/index.php\/wp-json\/wp\/v2\/product\/750857","targetHints":{"allow":["GET"]}}],"collection":[{"href":"https:\/\/roveyayinevi.com.tr\/index.php\/wp-json\/wp\/v2\/product"}],"about":[{"href":"https:\/\/roveyayinevi.com.tr\/index.php\/wp-json\/wp\/v2\/types\/product"}],"wp:attachment":[{"href":"https:\/\/roveyayinevi.com.tr\/index.php\/wp-json\/wp\/v2\/media?parent=750857"}],"wp:term":[{"taxonomy":"product_brand","embeddable":true,"href":"https:\/\/roveyayinevi.com.tr\/index.php\/wp-json\/wp\/v2\/product_brand?post=750857"},{"taxonomy":"product_cat","embeddable":true,"href":"https:\/\/roveyayinevi.com.tr\/index.php\/wp-json\/wp\/v2\/product_cat?post=750857"},{"taxonomy":"product_tag","embeddable":true,"href":"https:\/\/roveyayinevi.com.tr\/index.php\/wp-json\/wp\/v2\/product_tag?post=750857"}],"curies":[{"name":"wp","href":"https:\/\/api.w.org\/{rel}","templated":true}]}}